{"id":117094,"date":"2026-04-07T00:00:00","date_gmt":"2026-04-06T22:00:00","guid":{"rendered":"http:\/\/gpl-love.com\/fr\/produit\/gamipress-buddyboss-notifications\/"},"modified":"2026-04-08T00:30:22","modified_gmt":"2026-04-07T22:30:22","slug":"gamipress-buddyboss-notifications","status":"publish","type":"product","link":"https:\/\/gpl-love.com\/fr\/produit\/gamipress-buddyboss-notifications\/","title":{"rendered":"GamiPress BuddyBoss Notifications 1.1.2"},"content":{"rendered":"<h3>GamiPress BuddyBoss Notifications Traits<\/h3>\n<p>Gamipress BuddyBoss Notifications, un plugin exceptionnellement puissant, sert d&rsquo;am\u00e9lioration pr\u00e9cieuse \u00e0 la plate-forme BuddyBoss d\u00e9j\u00e0 formidable en dominant les administrateurs ayant la capacit\u00e9 de d\u00e9p\u00eacher les notifications personnalis\u00e9es aux utilisateurs. Ce plugin s&rsquo;int\u00e8gre parfaitement \u00e0 Gamipress, conf\u00e9rant ainsi aux utilisateurs la capacit\u00e9 in\u00e9gal\u00e9e \u00e0 obtenir des r\u00e9alisations et des r\u00e9compenses subordonn\u00e9es \u00e0 leur interaction avec BuddyBoss. En vertu des notifications Gamipress BuddyBoss, les administrateurs sont autoris\u00e9s \u00e0 transmettre des notifications par rapport \u00e0 des actions particuli\u00e8res effectu\u00e9es par les utilisateurs, telles que l&rsquo;ach\u00e8vement d&rsquo;un cours ou la r\u00e9alisation d&rsquo;un niveau sp\u00e9cifi\u00e9, garantissant ainsi que les utilisateurs restent perp\u00e9tuellement engag\u00e9s et motiv\u00e9s. En outre, ce plugin poss\u00e8de une pl\u00e9thore de fonctionnalit\u00e9s avanc\u00e9es, notamment la capacit\u00e9 de planifier des notifications et de provoquer leur activation fond\u00e9e sur la manifestation de comportements utilisateur sp\u00e9cifiques. En totalit\u00e9, les notifications Gamipress BuddyBoss apparaissent comme un outil indispensable pour tout site Web BuddyBoss qui aspire \u00e0 amplifier \u00e0 la fois l&rsquo;engagement et la r\u00e9tention des utilisateurs.<\/p>\n<ul>\n<li>Int\u00e9gration avec la plate-forme BuddyBoss<\/li>\n<li>Fournit des notifications automatis\u00e9es pour les r\u00e9alisations et \u00e9v\u00e9nements Gamipress<\/li>\n<li>Param\u00e8tres personnalisables pour les notifications<\/li>\n<li>Prend en charge les notifications pour les utilisateurs ou les groupes individuels<\/li>\n<li>Envoie des notifications via plusieurs canaux (e-mail, notifications push, etc.)<\/li>\n<li>Aide \u00e0 augmenter l&rsquo;engagement et la motivation pour les utilisateurs sur la plate-forme BuddyBoss<\/li>\n<li>Processus d&rsquo;installation simple et facile<\/li>\n<li>Mis \u00e0 jour et am\u00e9lior\u00e9s en continu avec de nouvelles fonctionnalit\u00e9s et corrections de bogues<\/li>\n<li>Options de tarification abordables et accessibles<\/li>\n<li>Offre des services de support client convivial et serviable<\/li>\n<\/ul>\n","protected":false},"excerpt":{"rendered":"<p>Les notifications GamiPress BuddyBoss, un outil extr\u00eamement puissant, vous permettent de configurer des d\u00e9clencheurs de notifications personnalis\u00e9s, \u00e9troitement li\u00e9s aux actions et aux r\u00e9ussites de vos utilisateurs sur la plateforme BuddyBoss. Cet outil remarquable permet de r\u00e9compenser et d&rsquo;encourager les utilisateurs, favorisant ainsi un engagement accru et leur fid\u00e9lisation. Ces notifications sont enti\u00e8rement personnalisables et diffus\u00e9es facilement par e-mail, notifications push et messages sur le site. Gr\u00e2ce aux notifications GamiPress BuddyBoss, vous pouvez am\u00e9liorer consid\u00e9rablement l&rsquo;exp\u00e9rience utilisateur en incitant efficacement les utilisateurs et en suivant pr\u00e9cis\u00e9ment leur progression vers les objectifs fix\u00e9s.<\/p>\n","protected":false},"featured_media":143937,"comment_status":"open","ping_status":"open","template":"","meta":[],"product_brand":[2557],"product_cat":[1189,1181,1186],"product_tag":[2247],"class_list":{"0":"post-117094","1":"product","2":"type-product","3":"status-publish","4":"has-post-thumbnail","6":"product_brand-gami-press","7":"product_cat-personnalisation","8":"product_cat-plugins","9":"product_cat-wordpress-plugins","10":"product_tag-gami-press","11":"member-discount","12":"discount-restricted","14":"first","15":"instock","16":"sale","17":"downloadable","18":"virtual","19":"sold-individually","20":"purchasable","21":"product-type-simple"},"_links":{"self":[{"href":"https:\/\/gpl-love.com\/fr\/wp-json\/wp\/v2\/product\/117094","targetHints":{"allow":["GET"]}}],"collection":[{"href":"https:\/\/gpl-love.com\/fr\/wp-json\/wp\/v2\/product"}],"about":[{"href":"https:\/\/gpl-love.com\/fr\/wp-json\/wp\/v2\/types\/product"}],"replies":[{"embeddable":true,"href":"https:\/\/gpl-love.com\/fr\/wp-json\/wp\/v2\/comments?post=117094"}],"wp:featuredmedia":[{"embeddable":true,"href":"https:\/\/gpl-love.com\/fr\/wp-json\/wp\/v2\/media\/143937"}],"wp:attachment":[{"href":"https:\/\/gpl-love.com\/fr\/wp-json\/wp\/v2\/media?parent=117094"}],"wp:term":[{"taxonomy":"product_brand","embeddable":true,"href":"https:\/\/gpl-love.com\/fr\/wp-json\/wp\/v2\/product_brand?post=117094"},{"taxonomy":"product_cat","embeddable":true,"href":"https:\/\/gpl-love.com\/fr\/wp-json\/wp\/v2\/product_cat?post=117094"},{"taxonomy":"product_tag","embeddable":true,"href":"https:\/\/gpl-love.com\/fr\/wp-json\/wp\/v2\/product_tag?post=117094"}],"curies":[{"name":"wp","href":"https:\/\/api.w.org\/{rel}","templated":true}]}}