{"id":117092,"date":"2026-04-07T00:00:00","date_gmt":"2026-04-06T22:00:00","guid":{"rendered":"http:\/\/gpl-love.com\/fr\/produit\/gamipress-buddypress-notifications\/"},"modified":"2026-04-18T06:30:43","modified_gmt":"2026-04-18T04:30:43","slug":"gamipress-buddypress-notifications","status":"publish","type":"product","link":"https:\/\/gpl-love.com\/fr\/produit\/gamipress-buddypress-notifications\/","title":{"rendered":"GamiPress BuddyPress Notifications 1.0.9"},"content":{"rendered":"<h3>GamiPress BuddyPress Notifications Traits<\/h3>\n<p>Les notifications BuddyPress Gamipress, un plugin incroyablement puissant, sert de moyen remarquable d&rsquo;augmenter votre r\u00e9seau social Buddypress gr\u00e2ce \u00e0 l&rsquo;incorporation d&rsquo;un syst\u00e8me de notification de pointe. Gr\u00e2ce \u00e0 l&rsquo;utilisation de ce plugin, vous gagnez la possibilit\u00e9 de g\u00e9n\u00e9rer des d\u00e9clencheurs de notification personnalis\u00e9s et de r\u00e9compenser d\u00fbment vos utilisateurs avec des badges estim\u00e9s et des points convoit\u00e9s pour la r\u00e9ussite des actions sp\u00e9cifiques sur votre site Web. De plus, le plugin vous offre la libert\u00e9 d&rsquo;adapter les messages de notification \u00e0 votre go\u00fbt et \u00e0 votre choix sur les actions consid\u00e9r\u00e9es comme divergentes. Cette fonctionnalit\u00e9 ing\u00e9nieuse favorise efficacement l&rsquo;engagement des utilisateurs et garantit sa fid\u00e9lit\u00e9 in\u00e9branlable \u00e0 votre plate-forme estim\u00e9e. Que vous vous trouviez \u00e0 la t\u00eate d&rsquo;un forum anim\u00e9, d&rsquo;un r\u00e9seau social tentaculaire ou d&rsquo;un site communautaire dynamique, l&rsquo;indispensabilit\u00e9 des notifications Buddypress Gamipress comme outil par excellence pour revigorer la participation des utilisateurs et maintenir leur engagement in\u00e9branlable ne peut tout simplement pas \u00eatre surestim\u00e9.<\/p>\n<ul>\n<li>Installation de plugin simple avec une interface facile \u00e0 utiliser<\/li>\n<li>Int\u00e9gration du syst\u00e8me de notifications Gamipress et BuddyPress<\/li>\n<li>Notifications personnalis\u00e9es pour les utilisateurs en fonction de leurs actions sur votre site Web<\/li>\n<li>Option pour personnaliser et hi\u00e9rarchiser les notifications en fonction des r\u00f4les utilisateur<\/li>\n<li>Alertes pour les r\u00e9alisations, les progr\u00e8s et les mises \u00e0 jour de progr\u00e8s<\/li>\n<li>Notifications en temps r\u00e9el pour tous les types d&rsquo;activit\u00e9s et d&rsquo;interactions<\/li>\n<li>Contr\u00f4le complet sur l&rsquo;affichage de la notification et le style de format<\/li>\n<li>L&rsquo;engagement et la motivation suppl\u00e9mentaires pour que les utilisateurs participent activement \u00e0 votre site Web<\/li>\n<li>Syst\u00e8me de suivi efficace pour toutes les activit\u00e9s des utilisateurs sur votre site Web<\/li>\n<li>Support client et documentation d\u00e9di\u00e9 disponibles.<\/li>\n<\/ul>\n","protected":false},"excerpt":{"rendered":"<p>GamiPress BuddyPress Notifications est une extension extr\u00eamement performante qui amplifie les notifications sur votre site BuddyPress en int\u00e9grant les notifications de succ\u00e8s et de progression de grade via GamiPress. Gr\u00e2ce \u00e0 cette extension, vos utilisateurs recevront des notifications \u00e0 chaque succ\u00e8s obtenu ou passage \u00e0 un nouveau grade, ce qui les encouragera sans aucun doute \u00e0 s&rsquo;impliquer davantage sur votre site. L&rsquo;extension se distingue par une installation et une configuration simples, et s&rsquo;int\u00e8gre parfaitement \u00e0 GamiPress et BuddyPress. Offrez \u00e0 vos utilisateurs la reconnaissance qu&rsquo;ils m\u00e9ritent et renforcez l&rsquo;engagement sur votre site gr\u00e2ce \u00e0 la puissance de GamiPress BuddyPress Notifications.<\/p>\n","protected":false},"featured_media":143938,"comment_status":"open","ping_status":"open","template":"","meta":[],"product_brand":[2557],"product_cat":[1189,1181,1186],"product_tag":[2247],"class_list":{"0":"post-117092","1":"product","2":"type-product","3":"status-publish","4":"has-post-thumbnail","6":"product_brand-gami-press","7":"product_cat-personnalisation","8":"product_cat-plugins","9":"product_cat-wordpress-plugins","10":"product_tag-gami-press","11":"member-discount","12":"discount-restricted","14":"first","15":"instock","16":"sale","17":"downloadable","18":"virtual","19":"sold-individually","20":"purchasable","21":"product-type-simple"},"_links":{"self":[{"href":"https:\/\/gpl-love.com\/fr\/wp-json\/wp\/v2\/product\/117092","targetHints":{"allow":["GET"]}}],"collection":[{"href":"https:\/\/gpl-love.com\/fr\/wp-json\/wp\/v2\/product"}],"about":[{"href":"https:\/\/gpl-love.com\/fr\/wp-json\/wp\/v2\/types\/product"}],"replies":[{"embeddable":true,"href":"https:\/\/gpl-love.com\/fr\/wp-json\/wp\/v2\/comments?post=117092"}],"wp:featuredmedia":[{"embeddable":true,"href":"https:\/\/gpl-love.com\/fr\/wp-json\/wp\/v2\/media\/143938"}],"wp:attachment":[{"href":"https:\/\/gpl-love.com\/fr\/wp-json\/wp\/v2\/media?parent=117092"}],"wp:term":[{"taxonomy":"product_brand","embeddable":true,"href":"https:\/\/gpl-love.com\/fr\/wp-json\/wp\/v2\/product_brand?post=117092"},{"taxonomy":"product_cat","embeddable":true,"href":"https:\/\/gpl-love.com\/fr\/wp-json\/wp\/v2\/product_cat?post=117092"},{"taxonomy":"product_tag","embeddable":true,"href":"https:\/\/gpl-love.com\/fr\/wp-json\/wp\/v2\/product_tag?post=117092"}],"curies":[{"name":"wp","href":"https:\/\/api.w.org\/{rel}","templated":true}]}}