{"id":117087,"date":"2025-08-15T00:00:00","date_gmt":"2025-08-14T22:00:00","guid":{"rendered":"http:\/\/gpl-love.com\/fr\/produit\/ora-travel-booking-wordpress-theme\/"},"modified":"2026-04-10T18:35:22","modified_gmt":"2026-04-10T16:35:22","slug":"ora-travel-booking-wordpress-theme","status":"publish","type":"product","link":"https:\/\/gpl-love.com\/fr\/produit\/ora-travel-booking-wordpress-theme\/","title":{"rendered":"Ora Travel Booking WordPress Theme 2.6"},"content":{"rendered":"<h3>Ora Travel Booking WordPress Theme Traits<\/h3>\n<p>Le th\u00e8me WordPress de r\u00e9servation de voyage ORA, qui s&rsquo;adresse aux entreprises de voyage cherchant \u00e0 \u00e9tablir une pr\u00e9sence en ligne qui d\u00e9gage le professionnalisme et la convivialit\u00e9, est un outil extr\u00eamement puissant. Ce th\u00e8me poss\u00e8de un \u00e9ventail de fonctionnalit\u00e9s m\u00e9ticuleusement adapt\u00e9es pour r\u00e9pondre aux besoins uniques de l&rsquo;industrie du voyage, englobant un syst\u00e8me de r\u00e9servation, une fonction de recherche qui peut \u00eatre personnalis\u00e9e pour s&rsquo;adapter aux pr\u00e9f\u00e9rences individuelles et un assortiment de widgets personnalis\u00e9s qui pr\u00e9sentent sans effort la pr\u00e9sence de destinations recherch\u00e9es apr\u00e8s les destinations recherch\u00e9es et des accords attrayants. Arborant un design \u00e9l\u00e9gant et contemporain, le th\u00e8me profite \u00e0 une disposition navigable sans effort qui permet aux utilisateurs de localiser facilement les informations qu&rsquo;ils recherchent. En outre, en raison de sa conception r\u00e9active et de son optimisation de r\u00e9f\u00e9rencement de pointe, le th\u00e8me WordPress de r\u00e9servation de voyage ORA pr\u00e9sente une allure indispensable pour toute entreprise de voyage aspirant \u00e0 \u00e9tendre sa pr\u00e9sence num\u00e9rique et \u00e0 captiver une client\u00e8le plus grande.<\/p>\n<ul>\n<li>Un th\u00e8me WordPress facile \u00e0 utiliser con\u00e7u sp\u00e9cifiquement pour les sites Web de r\u00e9servation de voyage<\/li>\n<li>Livr\u00e9 avec des mod\u00e8les pr\u00e9d\u00e9finis et du contenu de d\u00e9monstration pour vous aider \u00e0 d\u00e9marrer rapidement<\/li>\n<li>Comprend un puissant moteur de r\u00e9servation qui permet aux clients de rechercher et de r\u00e9server facilement des h\u00e9bergements de voyage<\/li>\n<li>Design enti\u00e8rement personnalisable, vous pouvez donc adapter l&rsquo;apparence et la sensation pour correspondre \u00e0 votre marque<\/li>\n<li>Int\u00e9gration transparente avec des plateformes de r\u00e9servation de voyage populaires comme Booking.com et Expedia<\/li>\n<li>La conception sensible aux mobiles garantit que votre site Web est accessible et facile \u00e0 utiliser sur n&rsquo;importe quel appareil<\/li>\n<li>Outils d&rsquo;optimisation SEO int\u00e9gr\u00e9s pour aider votre site Web \u00e0 se classer plus haut dans les r\u00e9sultats des moteurs de recherche<\/li>\n<li>Comprend une vari\u00e9t\u00e9 de widgets et de codes Shortcodes personnalis\u00e9s pour rendre la cr\u00e9ation de votre site Web rapide et facile<\/li>\n<li>Options de tarification flexibles pour s&rsquo;adapter \u00e0 n&rsquo;importe quel mod\u00e8le commercial, y compris les options de frais bas\u00e9s sur l&rsquo;abonnement et les frais uniques<\/li>\n<li>Documentation compl\u00e8te et support client d\u00e9di\u00e9 pour vous aider \u00e0 tirer le meilleur parti de votre th\u00e8me<\/li>\n<\/ul>\n","protected":false},"excerpt":{"rendered":"<p>Le th\u00e8me WordPress de r\u00e9servation de voyage ORA, qui est sp\u00e9cifiquement adapt\u00e9 pour r\u00e9pondre aux besoins des entreprises de voyages et des agences, se pr\u00e9sente comme un choix impeccable pour ceux qui recherchent un mod\u00e8le de site Web transparent caract\u00e9ris\u00e9 par une convivialit\u00e9, un professionnalisme et une fonctionnalit\u00e9. Ce th\u00e8me poss\u00e8de une disposition r\u00e9active et un \u00e9ventail d&rsquo;options de personnalisation qui sont remarquablement faciles \u00e0 naviguer, vous permettant de fa\u00e7onner sans effort un site Web qui d\u00e9gage une aura professionnelle. Son r\u00e9pertoire de fonctionnalit\u00e9s comprend un syst\u00e8me de r\u00e9servation, des pages qui peuvent \u00eatre personnalis\u00e9es en fonction de vos pr\u00e9f\u00e9rences et un assortiment diversifi\u00e9 d&rsquo;outils de g\u00e9n\u00e9rateur de pages. En exploitant la puissance de ces fonctionnalit\u00e9s de pointe, vous pouvez pr\u00e9senter efficacement votre entreprise de voyage et s\u00e9duire une client\u00e8le en constante expansion pour participer \u00e0 vos services exceptionnels. Sans aucun doute, le th\u00e8me WordPress de r\u00e9servation de voyage ORA vous offre l&rsquo;occasion convoit\u00e9e d&rsquo;\u00e9lever votre entreprise de voyage \u00e0 des hauteurs sans pr\u00e9c\u00e9dent dans le domaine num\u00e9rique.<\/p>\n","protected":false},"featured_media":144873,"comment_status":"open","ping_status":"open","template":"","meta":[],"product_brand":[2433],"product_cat":[1558,1212,1213],"product_tag":[1366],"class_list":{"0":"post-117087","1":"product","2":"type-product","3":"status-publish","4":"has-post-thumbnail","6":"product_brand-themeforest","7":"product_cat-hotel-resort","8":"product_cat-themes","9":"product_cat-wordpress-themes","10":"product_tag-themeforest","11":"member-discount","12":"discount-restricted","14":"first","15":"instock","16":"sale","17":"downloadable","18":"virtual","19":"sold-individually","20":"purchasable","21":"product-type-simple"},"_links":{"self":[{"href":"https:\/\/gpl-love.com\/fr\/wp-json\/wp\/v2\/product\/117087","targetHints":{"allow":["GET"]}}],"collection":[{"href":"https:\/\/gpl-love.com\/fr\/wp-json\/wp\/v2\/product"}],"about":[{"href":"https:\/\/gpl-love.com\/fr\/wp-json\/wp\/v2\/types\/product"}],"replies":[{"embeddable":true,"href":"https:\/\/gpl-love.com\/fr\/wp-json\/wp\/v2\/comments?post=117087"}],"wp:featuredmedia":[{"embeddable":true,"href":"https:\/\/gpl-love.com\/fr\/wp-json\/wp\/v2\/media\/144873"}],"wp:attachment":[{"href":"https:\/\/gpl-love.com\/fr\/wp-json\/wp\/v2\/media?parent=117087"}],"wp:term":[{"taxonomy":"product_brand","embeddable":true,"href":"https:\/\/gpl-love.com\/fr\/wp-json\/wp\/v2\/product_brand?post=117087"},{"taxonomy":"product_cat","embeddable":true,"href":"https:\/\/gpl-love.com\/fr\/wp-json\/wp\/v2\/product_cat?post=117087"},{"taxonomy":"product_tag","embeddable":true,"href":"https:\/\/gpl-love.com\/fr\/wp-json\/wp\/v2\/product_tag?post=117087"}],"curies":[{"name":"wp","href":"https:\/\/api.w.org\/{rel}","templated":true}]}}