{"id":117085,"date":"2024-02-19T00:00:00","date_gmt":"2024-02-18T23:00:00","guid":{"rendered":"http:\/\/gpl-love.com\/fr\/produit\/laser-loader-stylish-progress-bar-preloader\/"},"modified":"2026-03-20T23:21:48","modified_gmt":"2026-03-20T22:21:48","slug":"laser-loader-stylish-progress-bar-preloader","status":"publish","type":"product","link":"https:\/\/gpl-love.com\/fr\/produit\/laser-loader-stylish-progress-bar-preloader\/","title":{"rendered":"Laser Loader Stylish Progress Bar Preloader 2.0.1"},"content":{"rendered":"<h3>Laser Loader Stylish Progress Bar Preloader Traits<\/h3>\n<p>Le pr\u00e9loaders de la barre de progr\u00e8s \u00e9l\u00e9gant du chargeur laser est un produit innovant et r\u00e9volutionnaire qui a \u00e9t\u00e9 m\u00e9ticuleusement con\u00e7u pour \u00e9lever l&rsquo;exp\u00e9rience de chargement des sites Web et des applications \u00e0 des niveaux sans pr\u00e9c\u00e9dent. Son esth\u00e9tique \u00e9l\u00e9gante et \u00e9l\u00e9gante sert non seulement le but de faciliter un processus de chargement tr\u00e8s efficace, mais il impr\u00e8gne \u00e9galement tout site Web ou application avec un air ind\u00e9niable de sophistication et de raffinement. L&rsquo;interface utilisateur intuitivement fabriqu\u00e9e garantit que les utilisateurs sont en mesure de naviguer sans effort dans le processus de chargement tout en \u00e9tant fourni des mises \u00e0 jour en temps r\u00e9el qui les tiennent inform\u00e9s de l&rsquo;\u00e9tat de progression. En exploitant la puissance de la technologie laser de pointe, ce pr\u00e9loaders garantit une exp\u00e9rience de chargement \u00e0 la fois rapide et transparente, ce qui en fait un essentiel absolu pour tout site Web ou application qui valorise et ch\u00e9rit v\u00e9ritablement le temps et l&rsquo;exp\u00e9rience de ses utilisateurs. De plus, le pr\u00e9loadeur de barre de progression \u00e9l\u00e9gant du chargeur laser est une solution incroyablement polyvalente qui peut \u00eatre facilement adapt\u00e9e et personnalis\u00e9e pour r\u00e9pondre aux exigences uniques et distinctives de tout site Web ou application, consolidant ainsi davantage son statut comme un atout vraiment indispensable.<\/p>\n<ul>\n<li>Animation pr\u00e9loadeur du chargeur laser de haute qualit\u00e9<\/li>\n<li>Facile \u00e0 installer et \u00e0 utiliser<\/li>\n<li>Conception de barre de progression lisse et \u00e9l\u00e9gante<\/li>\n<li>Enti\u00e8rement personnalisable pour votre site Web ou votre application sp\u00e9cifique<\/li>\n<li>Aide \u00e0 am\u00e9liorer les temps de chargement du site Web et l&rsquo;exp\u00e9rience utilisateur<\/li>\n<li>Convient \u00e0 une gamme de sites Web et d&rsquo;applications, du commerce \u00e9lectronique au jeu<\/li>\n<li>Compatible avec une gamme d&rsquo;appareils et de plates-formes, y compris le mobile et le bureau<\/li>\n<li>Aide \u00e0 r\u00e9duire les taux de rebond et \u00e0 augmenter l&rsquo;engagement<\/li>\n<li>Peut \u00eatre utilis\u00e9 pour indiquer les progr\u00e8s lors des t\u00e9l\u00e9chargements de fichiers ou d&rsquo;autres processus<\/li>\n<li>Fournit une apparence professionnelle et polie \u00e0 votre site Web ou \u00e0 votre application.<\/li>\n<\/ul>\n","protected":false},"excerpt":{"rendered":"<p>Le pr\u00e9loadeur Laser Loader Progress Bar sert de rem\u00e8de exemplaire pour augmenter l&rsquo;attrait esth\u00e9tique de votre site Web en introduisant une touche \u00e9l\u00e9gante et contemporaine. En utilisant ce pr\u00e9loadeur, vous pouvez construire une animation de chargement qui est \u00e0 la fois anim\u00e9e et captivante, captivant efficacement l&rsquo;attention des visiteurs de votre site Web pendant la p\u00e9riode d&rsquo;attente pour que votre contenu se charge pleinement. Gr\u00e2ce \u00e0 sa fonctionnalit\u00e9 conviviale et \u00e0 sa conception intuitive, ce pr\u00e9loaders vous permet d&rsquo;am\u00e9liorer l&rsquo;exp\u00e9rience utilisateur globale de votre site Web et de maintenir l&rsquo;int\u00e9r\u00eat de votre public. Par cons\u00e9quent, que vous poss\u00e9diez une expertise dans la conception ou le d\u00e9veloppement Web, ou que vous aspirez simplement \u00e0 \u00e9lever l&rsquo;exp\u00e9rience de chargement sur votre site Web, le chargeur laser repr\u00e9sente incontestablement un outil indispensable qui est li\u00e9 \u00e0 l&rsquo;\u00e9table.<\/p>\n","protected":false},"featured_media":144331,"comment_status":"open","ping_status":"open","template":"","meta":[],"product_brand":[2435],"product_cat":[1189,1181,1186],"product_tag":[1231],"class_list":{"0":"post-117085","1":"product","2":"type-product","3":"status-publish","4":"has-post-thumbnail","6":"product_brand-codecanyon","7":"product_cat-personnalisation","8":"product_cat-plugins","9":"product_cat-wordpress-plugins","10":"product_tag-codecanyon","11":"member-discount","12":"discount-restricted","14":"first","15":"instock","16":"sale","17":"downloadable","18":"virtual","19":"sold-individually","20":"purchasable","21":"product-type-simple"},"_links":{"self":[{"href":"https:\/\/gpl-love.com\/fr\/wp-json\/wp\/v2\/product\/117085","targetHints":{"allow":["GET"]}}],"collection":[{"href":"https:\/\/gpl-love.com\/fr\/wp-json\/wp\/v2\/product"}],"about":[{"href":"https:\/\/gpl-love.com\/fr\/wp-json\/wp\/v2\/types\/product"}],"replies":[{"embeddable":true,"href":"https:\/\/gpl-love.com\/fr\/wp-json\/wp\/v2\/comments?post=117085"}],"wp:featuredmedia":[{"embeddable":true,"href":"https:\/\/gpl-love.com\/fr\/wp-json\/wp\/v2\/media\/144331"}],"wp:attachment":[{"href":"https:\/\/gpl-love.com\/fr\/wp-json\/wp\/v2\/media?parent=117085"}],"wp:term":[{"taxonomy":"product_brand","embeddable":true,"href":"https:\/\/gpl-love.com\/fr\/wp-json\/wp\/v2\/product_brand?post=117085"},{"taxonomy":"product_cat","embeddable":true,"href":"https:\/\/gpl-love.com\/fr\/wp-json\/wp\/v2\/product_cat?post=117085"},{"taxonomy":"product_tag","embeddable":true,"href":"https:\/\/gpl-love.com\/fr\/wp-json\/wp\/v2\/product_tag?post=117085"}],"curies":[{"name":"wp","href":"https:\/\/api.w.org\/{rel}","templated":true}]}}