{"id":117083,"date":"2022-06-11T00:00:00","date_gmt":"2022-06-10T22:00:00","guid":{"rendered":"http:\/\/gpl-love.com\/fr\/produit\/jobsearch-job-board-wordpress-plugin\/"},"modified":"2026-03-20T23:21:09","modified_gmt":"2026-03-20T22:21:09","slug":"jobsearch-job-board-wordpress-plugin","status":"publish","type":"product","link":"https:\/\/gpl-love.com\/fr\/produit\/jobsearch-job-board-wordpress-plugin\/","title":{"rendered":"JobSearch Job Board WordPress Plugin 2.0.8"},"content":{"rendered":"<h3>JobSearch Job Board WordPress Plugin Traits<\/h3>\n<p>Le Plugin WordPress de JobsEarch Job Board, un outil exceptionnellement puissant, offre aux utilisateurs la possibilit\u00e9 d&rsquo;\u00e9tablir rapidement et sans effort un conseil d&#8217;emploi sur leur site WordPress. Ce plugin poss\u00e8de un \u00e9ventail de fonctionnalit\u00e9s b\u00e9n\u00e9fiques, y compris, mais sans s&rsquo;y limiter, les fonctionnalit\u00e9s de recherche avanc\u00e9es, la fourniture de mod\u00e8les de liste d&#8217;emplois personnalis\u00e9s et la capacit\u00e9 d&rsquo;adapter les soumissions d&#8217;emplois des employeurs. Par cons\u00e9quent, ce plugin sert de solution id\u00e9ale pour les personnes cherchant \u00e0 forger un conseil d&#8217;emploi global. L&rsquo;interface, qui est remarquablement conviviale, et la conception, qui d\u00e9gage l&rsquo;intuitivit\u00e9, contribue \u00e0 la facilit\u00e9 avec laquelle on peut configurer et g\u00e9rer ce plugin. En outre, la conception r\u00e9active garantit que la carte de travail maintient une apparence esth\u00e9tiquement agr\u00e9able sur chaque appareil imaginable. En r\u00e9sum\u00e9, le plugin WordPress de l&#8217;emploi de recherche de travail est un actif indispensable pour tout propri\u00e9taire de site Web s&rsquo;effor\u00e7ant d&rsquo;\u00e9tablir un conseil d&rsquo;administration qui est \u00e0 la fois poli professionnellement et frappant.<\/p>\n<ul>\n<li>S&rsquo;int\u00e8gre parfaitement \u00e0 votre site Web WordPress pour fournir un conseil d&#8217;emploi aux employeurs et aux demandeurs d&#8217;emploi<\/li>\n<li>Offre une soumission d&#8217;emploi facile aux employeurs et \u00e0 des listes d&#8217;emplois consultables pour les demandeurs d&#8217;emploi<\/li>\n<li>Formulaires et champs personnalisables pour s&rsquo;adapter \u00e0 votre industrie et besoins sp\u00e9cifiques<\/li>\n<li>Conception enti\u00e8rement r\u00e9active pour la visualisation mobile et tablette<\/li>\n<li>Board d&#8217;emploi s\u00e9curis\u00e9 avec des options pour l&rsquo;enregistrement des utilisateurs et la connexion<\/li>\n<li>Compatible avec les th\u00e8mes et plugins WordPress populaires<\/li>\n<li>Des options de recherche et de filtrage puissantes pour les demandeurs d&#8217;emploi pour trouver facilement des emplois pertinents<\/li>\n<li>Int\u00e9gration avec les passerelles de paiement populaires pour mon\u00e9tiser les soumissions d&#8217;emploi<\/li>\n<li>Support multilingue avec des options de traduction pour un public mondial<\/li>\n<li>Mises \u00e0 jour r\u00e9guli\u00e8res et support client pour assurer une exp\u00e9rience fluide pour les demandeurs d&#8217;emploi et les employeurs<\/li>\n<\/ul>\n","protected":false},"excerpt":{"rendered":"<p>Le plugin WordPress de l&#8217;emploi JobsEarch est un outil incroyablement robuste et efficace qui est sp\u00e9cialement con\u00e7u pour les propri\u00e9taires de sites Web qui souhaitent int\u00e9grer de mani\u00e8re transparente un conseil d&rsquo;administration sur leur site. En utilisant ce plugin remarquable, les individus sont autoris\u00e9s \u00e0 pr\u00e9senter sans effort leurs offres d&#8217;emploi, \u00e0 accorder aux demandeurs d&#8217;emploi potentiels la possibilit\u00e9 de soumettre leur curriculum vitae avec la plus grande commodit\u00e9 et de g\u00e9rer efficacement les applications, le tout du confort et de la commodit\u00e9 de leur tableau de bord WordPress. Le plugin lui-m\u00eame poss\u00e8de un processus d&rsquo;installation convivial et une interface intuitive, tout en offrant un large \u00e9ventail d&rsquo;options de personnalisation qui permettent aux utilisateurs de le personnaliser et de l&rsquo;adapter pr\u00e9cis\u00e9ment pour r\u00e9pondre \u00e0 leurs exigences uniques et sp\u00e9cifiques. Par cons\u00e9quent, si vous vous retrouvez \u00e0 chercher \u00e0 transformer votre site Web en un conseil d&#8217;emploi enti\u00e8rement fonctionnel et dynamique, soyez assur\u00e9 que le plugin WordPress de la carte d&#8217;emploi de recherche repr\u00e9sente la solution ultime qui d\u00e9passera vos attentes.<\/p>\n","protected":false},"featured_media":144289,"comment_status":"open","ping_status":"open","template":"","meta":[],"product_brand":[2435],"product_cat":[1189,1181,1186],"product_tag":[1231],"class_list":{"0":"post-117083","1":"product","2":"type-product","3":"status-publish","4":"has-post-thumbnail","6":"product_brand-codecanyon","7":"product_cat-personnalisation","8":"product_cat-plugins","9":"product_cat-wordpress-plugins","10":"product_tag-codecanyon","11":"member-discount","12":"discount-restricted","14":"first","15":"instock","16":"sale","17":"downloadable","18":"virtual","19":"sold-individually","20":"purchasable","21":"product-type-simple"},"_links":{"self":[{"href":"https:\/\/gpl-love.com\/fr\/wp-json\/wp\/v2\/product\/117083","targetHints":{"allow":["GET"]}}],"collection":[{"href":"https:\/\/gpl-love.com\/fr\/wp-json\/wp\/v2\/product"}],"about":[{"href":"https:\/\/gpl-love.com\/fr\/wp-json\/wp\/v2\/types\/product"}],"replies":[{"embeddable":true,"href":"https:\/\/gpl-love.com\/fr\/wp-json\/wp\/v2\/comments?post=117083"}],"wp:featuredmedia":[{"embeddable":true,"href":"https:\/\/gpl-love.com\/fr\/wp-json\/wp\/v2\/media\/144289"}],"wp:attachment":[{"href":"https:\/\/gpl-love.com\/fr\/wp-json\/wp\/v2\/media?parent=117083"}],"wp:term":[{"taxonomy":"product_brand","embeddable":true,"href":"https:\/\/gpl-love.com\/fr\/wp-json\/wp\/v2\/product_brand?post=117083"},{"taxonomy":"product_cat","embeddable":true,"href":"https:\/\/gpl-love.com\/fr\/wp-json\/wp\/v2\/product_cat?post=117083"},{"taxonomy":"product_tag","embeddable":true,"href":"https:\/\/gpl-love.com\/fr\/wp-json\/wp\/v2\/product_tag?post=117083"}],"curies":[{"name":"wp","href":"https:\/\/api.w.org\/{rel}","templated":true}]}}