{"id":117075,"date":"2024-10-29T00:00:00","date_gmt":"2024-10-28T23:00:00","guid":{"rendered":"http:\/\/gpl-love.com\/fr\/produit\/citadela-directory\/"},"modified":"2026-03-20T22:58:29","modified_gmt":"2026-03-20T21:58:29","slug":"citadela-directory","status":"publish","type":"product","link":"https:\/\/gpl-love.com\/fr\/produit\/citadela-directory\/","title":{"rendered":"Citadela Directory 6.2.2"},"content":{"rendered":"<h3>Citadela Directory Traits<\/h3>\n<p>Citadela Directory, un outil incroyablement robuste, offre une opportunit\u00e9 exceptionnelle pour la cr\u00e9ation et la gestion des r\u00e9pertoires sur votre site Web WordPress. Son interface tr\u00e8s conviviale associ\u00e9e \u00e0 son impressionnant gamme de fonctionnalit\u00e9s avanc\u00e9es, il est sans effort d&rsquo;organiser et de pr\u00e9senter vos listes d&rsquo;une mani\u00e8re \u00e0 la fois professionnelle et facilement navigable pour les utilisateurs. De plus, le r\u00e9pertoire Citadela vous accorde la libert\u00e9 de personnaliser l&rsquo;apparence et les fonctionnalit\u00e9s de votre r\u00e9pertoire, vous accordant la capacit\u00e9 d&rsquo;incorporer des champs et des \u00e9tiquettes personnalis\u00e9s dans vos listes. En outre, il pr\u00e9sente une vaste gamme d&rsquo;options de paiement, permettant une mon\u00e9tisation efficace de votre r\u00e9pertoire, avec l&rsquo;inclusion de plans de paiement par liste ou bas\u00e9s sur l&rsquo;abonnement. Que vous vous trouviez dans le processus de conception d&rsquo;un r\u00e9pertoire commercial, d&rsquo;une page de classification ou de tout autre type de r\u00e9pertoire, soyez assur\u00e9 que le r\u00e9pertoire Citadela est la solution optimale adapt\u00e9e \u00e0 vos besoins sp\u00e9cifiques.<\/p>\n<ul>\n<li>Plugin d&rsquo;annuaire puissant et complet con\u00e7u pour les sites Web WordPress.<\/li>\n<li>Peut \u00eatre utilis\u00e9 pour cr\u00e9er diff\u00e9rents types de r\u00e9pertoires, tels que les r\u00e9pertoires d&rsquo;entreprise, les r\u00e9pertoires d&rsquo;\u00e9v\u00e9nements et les r\u00e9pertoires membres.<\/li>\n<li>Offre une interface conviviale et personnalisable qui peut \u00eatre adapt\u00e9e \u00e0 la marque et \u00e0 la conception du site Web.<\/li>\n<li>Livr\u00e9 avec des options de recherche et de filtrage int\u00e9gr\u00e9es, ce qui permet aux utilisateurs de trouver facilement ce qu&rsquo;ils recherchent.<\/li>\n<li>Permet la cr\u00e9ation de d\u00e9tails d&rsquo;inscription, y compris les heures d&rsquo;ouverture, les coordonn\u00e9es, l&#8217;emplacement, etc.<\/li>\n<li>Fournit des fonctionnalit\u00e9s avanc\u00e9es telles que les champs personnalis\u00e9s et les types de postes personnalis\u00e9s, ce qui le rend hautement flexible et adaptable \u00e0 diff\u00e9rents besoins.<\/li>\n<li>S&rsquo;int\u00e8gre \u00e0 des plugins et des outils populaires comme WooCommerce, Gravity Forms, Google Maps et Yoast SEO.<\/li>\n<li>Offre diverses options de paiement et de mon\u00e9tisation pour les propri\u00e9taires d&rsquo;annuaire, tels que les plans de paiement et d&rsquo;abonnement.<\/li>\n<li>Fournit des options d&rsquo;analyses et de rapports d\u00e9taill\u00e9es, permettant aux propri\u00e9taires d&rsquo;annuaire de suivre l&rsquo;utilisation et les performances au fil du temps.<\/li>\n<li>Offre un excellent support technique et des mises \u00e0 jour r\u00e9guli\u00e8res pour maintenir le r\u00e9pertoire en douceur et \u00e0 jour.<\/li>\n<\/ul>\n","protected":false},"excerpt":{"rendered":"<p>Citadela Directory est un outil avanc\u00e9 riche en fonctionnalit\u00e9s con\u00e7u pour une gamme diversifi\u00e9e d&rsquo;entreprises et d&rsquo;organisations. Notre r\u00e9pertoire propose une interface unique et conviviale, avec une pl\u00e9thore de fonctionnalit\u00e9s qui en font une ressource puissante pour les entreprises. Int\u00e9gration avec Google Maps, Citadela Directory fournit un service complet bas\u00e9 sur la localisation qui permet aux utilisateurs de rechercher facilement et de trouver des entreprises dans leur r\u00e9gion. Avec la possibilit\u00e9 d&rsquo;ajouter des avis, des notes et m\u00eame des listes de r\u00e9clamation, c&rsquo;est un outil qui non seulement fournit des informations pr\u00e9cieuses mais aide \u00e9galement \u00e0 construire une communaut\u00e9 autour des entreprises locales. Que vous soyez une petite entreprise locale ou une grande entreprise, le r\u00e9pertoire Citadela peut \u00eatre adapt\u00e9 \u00e0 vos besoins, offrant une gamme d&rsquo;options personnalisables pour s&rsquo;adapter \u00e0 votre marque et \u00e0 votre industrie. Avec Citadela Directory, vous pouvez rationaliser vos op\u00e9rations commerciales, am\u00e9liorer votre visibilit\u00e9 et vous connecter avec vos clients de mani\u00e8re plus significative. Essayez le r\u00e9pertoire Citadela aujourd&rsquo;hui et ressentez les avantages d&rsquo;un annuaire commercial moderne et efficace.<\/p>\n","protected":false},"featured_media":143385,"comment_status":"open","ping_status":"open","template":"","meta":[],"product_brand":[2493],"product_cat":[1189,1181,1186],"product_tag":[2245],"class_list":{"0":"post-117075","1":"product","2":"type-product","3":"status-publish","4":"has-post-thumbnail","6":"product_brand-affinity-information-technology","7":"product_cat-personnalisation","8":"product_cat-plugins","9":"product_cat-wordpress-plugins","10":"product_tag-affinity-information-technology","11":"member-discount","12":"discount-restricted","14":"first","15":"instock","16":"sale","17":"downloadable","18":"virtual","19":"sold-individually","20":"purchasable","21":"product-type-simple"},"_links":{"self":[{"href":"https:\/\/gpl-love.com\/fr\/wp-json\/wp\/v2\/product\/117075","targetHints":{"allow":["GET"]}}],"collection":[{"href":"https:\/\/gpl-love.com\/fr\/wp-json\/wp\/v2\/product"}],"about":[{"href":"https:\/\/gpl-love.com\/fr\/wp-json\/wp\/v2\/types\/product"}],"replies":[{"embeddable":true,"href":"https:\/\/gpl-love.com\/fr\/wp-json\/wp\/v2\/comments?post=117075"}],"wp:featuredmedia":[{"embeddable":true,"href":"https:\/\/gpl-love.com\/fr\/wp-json\/wp\/v2\/media\/143385"}],"wp:attachment":[{"href":"https:\/\/gpl-love.com\/fr\/wp-json\/wp\/v2\/media?parent=117075"}],"wp:term":[{"taxonomy":"product_brand","embeddable":true,"href":"https:\/\/gpl-love.com\/fr\/wp-json\/wp\/v2\/product_brand?post=117075"},{"taxonomy":"product_cat","embeddable":true,"href":"https:\/\/gpl-love.com\/fr\/wp-json\/wp\/v2\/product_cat?post=117075"},{"taxonomy":"product_tag","embeddable":true,"href":"https:\/\/gpl-love.com\/fr\/wp-json\/wp\/v2\/product_tag?post=117075"}],"curies":[{"name":"wp","href":"https:\/\/api.w.org\/{rel}","templated":true}]}}