{"id":117073,"date":"2021-12-13T00:00:00","date_gmt":"2021-12-12T23:00:00","guid":{"rendered":"http:\/\/gpl-love.com\/fr\/produit\/citadela-blocks\/"},"modified":"2026-03-20T22:58:28","modified_gmt":"2026-03-20T21:58:28","slug":"citadela-blocks","status":"publish","type":"product","link":"https:\/\/gpl-love.com\/fr\/produit\/citadela-blocks\/","title":{"rendered":"Citadela Blocks 2.5.12"},"content":{"rendered":"<h3>Citadela Blocks Traits<\/h3>\n<p>Les blocs Citadela, compos\u00e9s d&rsquo;un assortiment de blocs de construction, visent \u00e0 favoriser la cr\u00e9ativit\u00e9 des enfants et les capacit\u00e9s imaginatives. Fabriqu\u00e9es \u00e0 partir de mat\u00e9riaux de la plus haute qualit\u00e9, ces blocs sont disponibles dans un \u00e9ventail de formes et de tailles, facilitant la construction de diverses structures telles que les ch\u00e2teaux, les maisons, etc. Distingu\u00e9s par leur conception et leur fonctionnalit\u00e9 in\u00e9gal\u00e9es, les blocs Citadela servent d&rsquo;outils inestimables pour inculquer le raisonnement spatial, l&rsquo;ing\u00e9nierie et les comp\u00e9tences de r\u00e9solution de probl\u00e8mes dans les jeunes esprits. Convient aux enfants couvrant tous les groupes d&rsquo;\u00e2ge, ces blocs sont tout aussi utiles dans des environnements \u00e9ducatifs ainsi que pour le temps r\u00e9cr\u00e9atif \u00e0 la maison. Les parents et les \u00e9ducateurs trouveront les blocs Citadela indispensables pour nourrir l&rsquo;inventivit\u00e9 de leurs enfants et favoriser le d\u00e9veloppement intellectuel.<\/p>\n<ul>\n<li>Des blocs de construction de haute qualit\u00e9 con\u00e7us pour les enfants et les adultes<\/li>\n<li>Enti\u00e8rement compatible avec des syst\u00e8mes de blocs de construction similaires sur le march\u00e9<\/li>\n<li>Fabriqu\u00e9 \u00e0 partir de mat\u00e9riaux non toxiques, assurer la s\u00e9curit\u00e9 de tous les \u00e2ges<\/li>\n<li>Disponible dans une vari\u00e9t\u00e9 de couleurs et de tailles pour s&rsquo;adapter \u00e0 n&rsquo;importe quel projet<\/li>\n<li>La construction robuste garantit que vos cr\u00e9ations tiendront au fil du temps<\/li>\n<li>Offre des opportunit\u00e9s infinies de cr\u00e9ativit\u00e9 et de jeu imaginatif<\/li>\n<li>Peut \u00eatre utilis\u00e9 pour construire n&rsquo;importe quoi, des b\u00e2timents aux v\u00e9hicules en passant par l&rsquo;art abstrait<\/li>\n<li>Encourage le d\u00e9veloppement de la motricit\u00e9 fine, de la pens\u00e9e logique et des capacit\u00e9s de r\u00e9solution de probl\u00e8mes<\/li>\n<li>Id\u00e9al pour le jeu en solo ou les activit\u00e9s de groupe, la promotion de la socialisation et du travail d&rsquo;\u00e9quipe<\/li>\n<li>L&#8217;emballage pratique les rend faciles \u00e0 stocker et \u00e0 transporter.<\/li>\n<li>Parfait pour les enfants et les adultes qui aiment construire et cr\u00e9er.<\/li>\n<\/ul>\n","protected":false},"excerpt":{"rendered":"<p>Citadela Blocks est un plugin WordPress exceptionnel qui am\u00e9liore consid\u00e9rablement la fonctionnalit\u00e9 de l&rsquo;exp\u00e9rience de cr\u00e9ation de votre site Web. Cet outil de changement de jeu vous permet de construire de superbes dispositions Web de mani\u00e8re plus intuitive et simple. Le plugin est livr\u00e9 avec un large \u00e9ventail de blocs personnalisables qui peuvent \u00eatre facilement manipul\u00e9s pour r\u00e9pondre \u00e0 vos besoins sp\u00e9cifiques. De l&rsquo;ajout d&rsquo;images de haute qualit\u00e9 \u00e0 l&rsquo;int\u00e9gration de cartes interactives, les blocs Citadela garantissent que vos visions prennent vie sur la toile num\u00e9rique. Vous appr\u00e9cierez \u00e9galement les avantages SEO qui accompagnent ce plugin. En offrant un code propre et efficace, il contribue \u00e0 am\u00e9liorer la visibilit\u00e9 de votre site Web sur les r\u00e9sultats des moteurs de recherche. Cela garantit que vous attirez plus de visiteurs et de clients potentiels sur votre site. D\u00e9couvrez la puissance et la flexibilit\u00e9 des blocs Citadela et \u00e9levez le processus de cr\u00e9ation de votre site Web aujourd&rsquo;hui.<\/p>\n","protected":false},"featured_media":143384,"comment_status":"open","ping_status":"open","template":"","meta":[],"product_brand":[2493],"product_cat":[1189,1181,1186],"product_tag":[2245],"class_list":{"0":"post-117073","1":"product","2":"type-product","3":"status-publish","4":"has-post-thumbnail","6":"product_brand-affinity-information-technology","7":"product_cat-personnalisation","8":"product_cat-plugins","9":"product_cat-wordpress-plugins","10":"product_tag-affinity-information-technology","11":"member-discount","12":"discount-restricted","14":"first","15":"instock","16":"sale","17":"downloadable","18":"virtual","19":"sold-individually","20":"purchasable","21":"product-type-simple"},"_links":{"self":[{"href":"https:\/\/gpl-love.com\/fr\/wp-json\/wp\/v2\/product\/117073","targetHints":{"allow":["GET"]}}],"collection":[{"href":"https:\/\/gpl-love.com\/fr\/wp-json\/wp\/v2\/product"}],"about":[{"href":"https:\/\/gpl-love.com\/fr\/wp-json\/wp\/v2\/types\/product"}],"replies":[{"embeddable":true,"href":"https:\/\/gpl-love.com\/fr\/wp-json\/wp\/v2\/comments?post=117073"}],"wp:featuredmedia":[{"embeddable":true,"href":"https:\/\/gpl-love.com\/fr\/wp-json\/wp\/v2\/media\/143384"}],"wp:attachment":[{"href":"https:\/\/gpl-love.com\/fr\/wp-json\/wp\/v2\/media?parent=117073"}],"wp:term":[{"taxonomy":"product_brand","embeddable":true,"href":"https:\/\/gpl-love.com\/fr\/wp-json\/wp\/v2\/product_brand?post=117073"},{"taxonomy":"product_cat","embeddable":true,"href":"https:\/\/gpl-love.com\/fr\/wp-json\/wp\/v2\/product_cat?post=117073"},{"taxonomy":"product_tag","embeddable":true,"href":"https:\/\/gpl-love.com\/fr\/wp-json\/wp\/v2\/product_tag?post=117073"}],"curies":[{"name":"wp","href":"https:\/\/api.w.org\/{rel}","templated":true}]}}