{"id":117072,"date":"2025-03-28T00:00:00","date_gmt":"2025-03-27T23:00:00","guid":{"rendered":"http:\/\/gpl-love.com\/fr\/produit\/wp-fusion-enhanced-ecommerce\/"},"modified":"2026-03-20T23:49:50","modified_gmt":"2026-03-20T22:49:50","slug":"wp-fusion-enhanced-ecommerce","status":"publish","type":"product","link":"https:\/\/gpl-love.com\/fr\/produit\/wp-fusion-enhanced-ecommerce\/","title":{"rendered":"WP Fusion Enhanced Ecommerce 1.26.0"},"content":{"rendered":"<h3>WP Fusion Enhanced Ecommerce Traits<\/h3>\n<p>Le commerce \u00e9lectronique am\u00e9lior\u00e9 WP Fusion est une solution incroyablement robuste et innovante qui permet l&rsquo;int\u00e9gration transparente de votre magasin de commerce \u00e9lectronique avec votre site WordPress, assurant une fonctionnalit\u00e9 et une efficacit\u00e9 optimales. Cet outil remarquable offre une vaste gamme de fonctionnalit\u00e9s et de fonctionnalit\u00e9s, toutes con\u00e7ues pour am\u00e9liorer et optimiser vos op\u00e9rations commerciales, entra\u00eenant finalement une augmentation significative de la g\u00e9n\u00e9ration de revenus. En tirant parti de la puissance du commerce \u00e9lectronique am\u00e9lior\u00e9 de WP Fusion, vous gagnez la possibilit\u00e9 de surveiller et d&rsquo;analyser sans effort le comportement de vos clients, acc\u00e9dant sans effort \u00e0 des donn\u00e9es critiques telles que leur historique d&rsquo;achat complet et m\u00eame les chariots abandonn\u00e9s, fournissant des informations inestimables qui peuvent conduire votre prise de d\u00e9cision strat\u00e9gique \u00e0 la prise de d\u00e9cision strat\u00e9gique de d\u00e9cision strat\u00e9gique de d\u00e9cision strat\u00e9gique de d\u00e9cision strat\u00e9gique processus. De plus, WP Fusion Enhanced Emommerce s&rsquo;int\u00e8gre de mani\u00e8re transparente avec des plateformes de commerce \u00e9lectronique de premier plan et largement reconnues telles que WooCommerce, Shopify et Easy Digital Downlows, vous permettant de g\u00e9rer et de superviser sans effort vos campagnes de vente et de marketing, ce qui entra\u00eene une productivit\u00e9 et une rentabilit\u00e9 accrues. Que vous soyez une entreprise \u00e0 petite \u00e9chelle ou une organisation \u00e0 grande \u00e9chelle, WP Fusion Enhanced E -ommerce est un choix exemplaire pour les entreprises de toutes tailles, vous permettant d&rsquo;am\u00e9liorer et de renforcer vos capacit\u00e9s de commerce \u00e9lectronique tout en \u00e9largissant simultan\u00e9ment votre pr\u00e9sence en ligne, en fin de propulsion de votre croissance et le succ\u00e8s dans le domaine num\u00e9rique.<\/p>\n<ul>\n<li>Connecte votre boutique WooCommerce avec des plates-formes CRM populaires<\/li>\n<li>Fournit un suivi avanc\u00e9 du commerce \u00e9lectronique pour une meilleure analyse<\/li>\n<li>Synchronise le comportement et les achats des clients avec votre CRM pour le marketing cibl\u00e9<\/li>\n<li>Automatise les e-mails de r\u00e9cup\u00e9ration de chariot abandonn\u00e9s<\/li>\n<li>Personnalise les exp\u00e9riences des clients avec un contenu dynamique bas\u00e9 sur les donn\u00e9es CRM<\/li>\n<li>Int\u00e9gration facile avec WordPress et WooCommerce Plugins<\/li>\n<li>Transmission et stockage de donn\u00e9es s\u00e9curis\u00e9es pour la confidentialit\u00e9 des clients<\/li>\n<li>D\u00e9clencheurs et actions personnalisables pour l&rsquo;automatisation<\/li>\n<\/ul>\n","protected":false},"excerpt":{"rendered":"<p>Le commerce \u00e9lectronique WP Fusion Enhanced, un outil tr\u00e8s formidable, offre la capacit\u00e9 remarquable pour int\u00e9grer sans effort votre plate-forme de commerce \u00e9lectronique avec votre site WordPress. Sa fonctionnalit\u00e9 de plugin vous permet de surveiller m\u00e9ticuleusement les donn\u00e9es des clients, l&rsquo;analyse des ventes et m\u00eame de construire des initiatives de marketing sur mesure. En exploitant la puissance du commerce \u00e9lectronique am\u00e9lior\u00e9 de WP Fusion, vous pouvez propulser votre boutique en ligne \u00e0 des hauteurs in\u00e9gal\u00e9es, en amplifiant vos sources de revenus tout en \u00e9levant simultan\u00e9ment l&rsquo;exp\u00e9rience client globale \u00e0 des niveaux de satisfaction sans pr\u00e9c\u00e9dent.<\/p>\n","protected":false},"featured_media":146150,"comment_status":"open","ping_status":"open","template":"","meta":[],"product_brand":[2720],"product_cat":[1200,1182,1181],"product_tag":[1424],"class_list":{"0":"post-117072","1":"product","2":"type-product","3":"status-publish","4":"has-post-thumbnail","6":"product_brand-wp-fusion","7":"product_cat-commercialisation","8":"product_cat-commerce-electronique-plugins","9":"product_cat-plugins","10":"product_tag-wp-fusion","11":"member-discount","12":"discount-restricted","14":"first","15":"instock","16":"sale","17":"downloadable","18":"virtual","19":"sold-individually","20":"purchasable","21":"product-type-simple"},"_links":{"self":[{"href":"https:\/\/gpl-love.com\/fr\/wp-json\/wp\/v2\/product\/117072","targetHints":{"allow":["GET"]}}],"collection":[{"href":"https:\/\/gpl-love.com\/fr\/wp-json\/wp\/v2\/product"}],"about":[{"href":"https:\/\/gpl-love.com\/fr\/wp-json\/wp\/v2\/types\/product"}],"replies":[{"embeddable":true,"href":"https:\/\/gpl-love.com\/fr\/wp-json\/wp\/v2\/comments?post=117072"}],"wp:featuredmedia":[{"embeddable":true,"href":"https:\/\/gpl-love.com\/fr\/wp-json\/wp\/v2\/media\/146150"}],"wp:attachment":[{"href":"https:\/\/gpl-love.com\/fr\/wp-json\/wp\/v2\/media?parent=117072"}],"wp:term":[{"taxonomy":"product_brand","embeddable":true,"href":"https:\/\/gpl-love.com\/fr\/wp-json\/wp\/v2\/product_brand?post=117072"},{"taxonomy":"product_cat","embeddable":true,"href":"https:\/\/gpl-love.com\/fr\/wp-json\/wp\/v2\/product_cat?post=117072"},{"taxonomy":"product_tag","embeddable":true,"href":"https:\/\/gpl-love.com\/fr\/wp-json\/wp\/v2\/product_tag?post=117072"}],"curies":[{"name":"wp","href":"https:\/\/api.w.org\/{rel}","templated":true}]}}