{"id":117070,"date":"2025-03-10T00:00:00","date_gmt":"2025-03-09T23:00:00","guid":{"rendered":"http:\/\/gpl-love.com\/fr\/produit\/flexible-checkout-fields-pro\/"},"modified":"2026-03-20T23:06:02","modified_gmt":"2026-03-20T22:06:02","slug":"flexible-checkout-fields-pro","status":"publish","type":"product","link":"https:\/\/gpl-love.com\/fr\/produit\/flexible-checkout-fields-pro\/","title":{"rendered":"Flexible Checkout Fields Pro 4.0.14"},"content":{"rendered":"<h3>Flexible Checkout Fields Pro Traits<\/h3>\n<p>Flexible Checkout Fields Pro est un plugin incroyablement impressionnant qui propose une solution remarquablement conviviale pour cr\u00e9er et incorporer des champs de paiement personnalis\u00e9s dans votre magasin WooCommerce. Ce plugin vous permet d&rsquo;ajouter et de g\u00e9rer sans effort un nombre illimit\u00e9 de champs de paiement, y compris, mais sans s&rsquo;y limiter, les champs de texte, les boutons radio, les t\u00e9l\u00e9chargements de fichiers, les menus d\u00e9roulants, etc. Son interface Drag and Drop fournit un moyen transparent et intuitif de positionner ces champs en fonction de votre pr\u00e9f\u00e9rence, vous accordant un contr\u00f4le complet sur la disposition de votre page de paiement. Notamment, ce plugin est enti\u00e8rement compatible avec les passerelles de paiement populaires, servant ainsi d&rsquo;outil exceptionnel pour am\u00e9liorer votre processus de paiement et offrir une exp\u00e9rience d&rsquo;achat \u00e9lev\u00e9e \u00e0 vos pr\u00e9cieux clients. Quelle que soit la taille de votre boutique en ligne, qu&rsquo;il s&rsquo;agisse d&rsquo;une \u00e9chelle plus petite ou plus grande, il est ind\u00e9niable que les champs de caisse flexibles sont une n\u00e9cessit\u00e9 absolue pour rationaliser votre processus de paiement et cultiver une satisfaction accrue du client.<\/p>\n<ul>\n<li>Ajoute des champs personnalis\u00e9s \u00e0 la page de paiement de votre site Web<\/li>\n<li>Permet une collecte facile d&rsquo;informations sur les clients suppl\u00e9mentaires<\/li>\n<li>Les champs personnalisables incluent des zones de texte, des menus d\u00e9roulants, des cases \u00e0 cocher et plus encore<\/li>\n<li>Fournit un processus de paiement rationalis\u00e9 pour les clients<\/li>\n<li>Intregate de mani\u00e8re transparente avec les plateformes de commerce \u00e9lectronique populaires comme WooCommerce et Shopify<\/li>\n<li>Offre une interface conviviale pour une configuration et une gestion faciles des champs<\/li>\n<li>Prend en charge la logique conditionnelle pour afficher des champs en fonction de crit\u00e8res sp\u00e9cifiques du client<\/li>\n<li>Comprend des options de validation avanc\u00e9es pour garantir que des informations pr\u00e9cises sont collect\u00e9es<\/li>\n<li>Enregistre les donn\u00e9es collect\u00e9es aux d\u00e9tails de la commande du client pour une r\u00e9f\u00e9rence facile<\/li>\n<li>Aide \u00e0 am\u00e9liorer l&rsquo;exp\u00e9rience client et \u00e0 augmenter les taux de conversion<\/li>\n<\/ul>\n","protected":false},"excerpt":{"rendered":"<p>Flexible Checkout Fields Pro est une extension extr\u00eamement polyvalente et compl\u00e8te, con\u00e7ue sp\u00e9cifiquement pour les sites e-commerce. Elle permet aux commer\u00e7ants de personnaliser et de modifier la page de paiement gr\u00e2ce \u00e0 l&rsquo;int\u00e9gration fluide de champs suppl\u00e9mentaires. En utilisant cette extension, vous b\u00e9n\u00e9ficiez de la possibilit\u00e9 pr\u00e9cieuse de recueillir des donn\u00e9es essentielles telles que les instructions de livraison et les messages cadeaux, am\u00e9liorant ainsi consid\u00e9rablement l&rsquo;exp\u00e9rience d&rsquo;achat de vos clients. Avec une installation simple, une interface intuitive et une compatibilit\u00e9 remarquable avec les plateformes e-commerce les plus populaires comme WooCommerce, Shopify et Magento, Flexible Checkout Fields Pro s&rsquo;impose comme la solution id\u00e9ale pour simplifier le processus de paiement et, au final, offrir une satisfaction client in\u00e9gal\u00e9e.<\/p>\n","protected":false},"featured_media":143881,"comment_status":"open","ping_status":"open","template":"","meta":[],"product_brand":[2550],"product_cat":[1182,1223,1181],"product_tag":[1685],"class_list":{"0":"post-117070","1":"product","2":"type-product","3":"status-publish","4":"has-post-thumbnail","6":"product_brand-wp-desk","7":"product_cat-commerce-electronique-plugins","8":"product_cat-personnalisation-commerce-electronique-plugins","9":"product_cat-plugins","10":"product_tag-wp-desk","11":"member-discount","12":"discount-restricted","14":"first","15":"instock","16":"sale","17":"downloadable","18":"virtual","19":"sold-individually","20":"purchasable","21":"product-type-simple"},"_links":{"self":[{"href":"https:\/\/gpl-love.com\/fr\/wp-json\/wp\/v2\/product\/117070","targetHints":{"allow":["GET"]}}],"collection":[{"href":"https:\/\/gpl-love.com\/fr\/wp-json\/wp\/v2\/product"}],"about":[{"href":"https:\/\/gpl-love.com\/fr\/wp-json\/wp\/v2\/types\/product"}],"replies":[{"embeddable":true,"href":"https:\/\/gpl-love.com\/fr\/wp-json\/wp\/v2\/comments?post=117070"}],"wp:featuredmedia":[{"embeddable":true,"href":"https:\/\/gpl-love.com\/fr\/wp-json\/wp\/v2\/media\/143881"}],"wp:attachment":[{"href":"https:\/\/gpl-love.com\/fr\/wp-json\/wp\/v2\/media?parent=117070"}],"wp:term":[{"taxonomy":"product_brand","embeddable":true,"href":"https:\/\/gpl-love.com\/fr\/wp-json\/wp\/v2\/product_brand?post=117070"},{"taxonomy":"product_cat","embeddable":true,"href":"https:\/\/gpl-love.com\/fr\/wp-json\/wp\/v2\/product_cat?post=117070"},{"taxonomy":"product_tag","embeddable":true,"href":"https:\/\/gpl-love.com\/fr\/wp-json\/wp\/v2\/product_tag?post=117070"}],"curies":[{"name":"wp","href":"https:\/\/api.w.org\/{rel}","templated":true}]}}