{"id":117068,"date":"2025-11-20T00:00:00","date_gmt":"2025-11-19T23:00:00","guid":{"rendered":"http:\/\/gpl-love.com\/fr\/produit\/olx-woocommerce\/"},"modified":"2026-03-20T23:29:50","modified_gmt":"2026-03-20T22:29:50","slug":"olx-woocommerce","status":"publish","type":"product","link":"https:\/\/gpl-love.com\/fr\/produit\/olx-woocommerce\/","title":{"rendered":"OLX WooCommerce 2.1.24"},"content":{"rendered":"<h3>OLX WooCommerce Traits<\/h3>\n<p>OLX WooCommerce, un plugin de commerce \u00e9lectronique tr\u00e8s robuste, pr\u00e9sente une int\u00e9gration transparente du march\u00e9 OLX avec votre boutique WooCommerce. En offrant un processus de configuration et de configuration simple, vous pouvez rapidement commencer la vente de votre gamme diversifi\u00e9e de produits sur OLX, se connectant ainsi \u00e0 des millions de clients potentiels. Ce plugin \u00e9tend son support \u00e0 divers types de produits et options de tarification, vous offrant ainsi la commodit\u00e9 de g\u00e9rer votre inventaire, vos commandes et votre exp\u00e9dition \u00e0 partir d&rsquo;un emplacement centralis\u00e9. En outre, OLX WooCommerce offre une multitude de fonctionnalit\u00e9s avanc\u00e9es, y compris la synchronisation automatique, les options de paiement flexibles et le support de chat en temps r\u00e9el, qui contribuent collectivement \u00e0 garantir que votre client\u00e8le rencontre une exp\u00e9rience fluide et sans tracas. Que vous soyez un propri\u00e9taire de petite entreprise ou une grande entreprise, l&#8217;emploi d&rsquo;OLX WooCommerce vous aidera sans aucun doute \u00e0 augmenter vos ventes et \u00e0 \u00e9largir votre pr\u00e9sence sur le march\u00e9 mondial en constante expansion.<\/p>\n<ul>\n<li>Int\u00e8gre la fonctionnalit\u00e9 OLX dans WooCommerce<\/li>\n<li>Permet aux utilisateurs de vendre leurs produits sur OLX directement \u00e0 partir de leur boutique en ligne<\/li>\n<li>Rationalise le processus de vente en synchronisant l&rsquo;inventaire et les prix entre les deux plates-formes<\/li>\n<li>Augmente la visibilit\u00e9 et la port\u00e9e des produits en appuyant dans la vaste base d&rsquo;utilisateurs d&rsquo;OLX<\/li>\n<li>Facilite les paiements s\u00e9curis\u00e9s via le syst\u00e8me de traitement des paiements int\u00e9gr\u00e9 de WooCommerce<\/li>\n<li>Am\u00e9liore l&rsquo;exp\u00e9rience client en offrant une exp\u00e9rience de commerce \u00e9lectronique sans couture sur toutes les plateformes<\/li>\n<li>Propose des param\u00e8tres personnalisables pour s&rsquo;assurer que l&rsquo;int\u00e9gration r\u00e9pond aux besoins sp\u00e9cifiques de l&rsquo;entreprise<\/li>\n<li>N\u00e9cessite un savoir-faire technique minimal, ce qui le rend accessible aux entreprises de toutes tailles<\/li>\n<li>Offre le support de WooCommerce et OLX pour assurer un processus d&rsquo;int\u00e9gration en douceur.<\/li>\n<\/ul>\n","protected":false},"excerpt":{"rendered":"<p>OLX WooCommerce, une solution ing\u00e9nieuse de march\u00e9 en ligne, sert d&rsquo;interm\u00e9diaire entre les vendeurs et les acheteurs, les connectant parfaitement aux transactions sans effort. En fusionnant la flexibilit\u00e9 de WooCommerce avec la port\u00e9e \u00e9tendue de l&rsquo;OLX, cet outil robuste offre une plate-forme fiable et conviviale pour mener des affaires dans le domaine num\u00e9rique. Permettre aux vendeurs de lister et de g\u00e9rer sans effort leurs produits, tout en permettant aux acheteurs de localiser et d&rsquo;acheter rapidement les articles souhait\u00e9s avec la plus grande confiance, cette plate-forme comprend une gamme de fonctionnalit\u00e9s remarquables telles que des m\u00e9thodes de paiement s\u00e9curis\u00e9es, des avis de produits, des alternatives d&rsquo;exp\u00e9dition et un \u00e9ventail d&rsquo;autres fonctionnalit\u00e9s. Ces offres compl\u00e8tes garantissent une exp\u00e9rience d&rsquo;achat et de vente sans couture et gratifiante pour toutes les parties impliqu\u00e9es. Par cons\u00e9quent, les entreprises tirant parti d&rsquo;OLX WooCommerce peuvent acc\u00e9der sans effort \u00e0 leur public cible et \u00e0 \u00e9tendre leurs entreprises sans rencontrer d&rsquo;obstacles ou d&rsquo;obstacles inutiles.<\/p>\n","protected":false},"featured_media":144859,"comment_status":"open","ping_status":"open","template":"","meta":[],"product_brand":[2550],"product_cat":[1200,1182,1181],"product_tag":[1685],"class_list":{"0":"post-117068","1":"product","2":"type-product","3":"status-publish","4":"has-post-thumbnail","6":"product_brand-wp-desk","7":"product_cat-commercialisation","8":"product_cat-commerce-electronique-plugins","9":"product_cat-plugins","10":"product_tag-wp-desk","11":"member-discount","12":"discount-restricted","14":"first","15":"instock","16":"sale","17":"downloadable","18":"virtual","19":"sold-individually","20":"purchasable","21":"product-type-simple"},"_links":{"self":[{"href":"https:\/\/gpl-love.com\/fr\/wp-json\/wp\/v2\/product\/117068","targetHints":{"allow":["GET"]}}],"collection":[{"href":"https:\/\/gpl-love.com\/fr\/wp-json\/wp\/v2\/product"}],"about":[{"href":"https:\/\/gpl-love.com\/fr\/wp-json\/wp\/v2\/types\/product"}],"replies":[{"embeddable":true,"href":"https:\/\/gpl-love.com\/fr\/wp-json\/wp\/v2\/comments?post=117068"}],"wp:featuredmedia":[{"embeddable":true,"href":"https:\/\/gpl-love.com\/fr\/wp-json\/wp\/v2\/media\/144859"}],"wp:attachment":[{"href":"https:\/\/gpl-love.com\/fr\/wp-json\/wp\/v2\/media?parent=117068"}],"wp:term":[{"taxonomy":"product_brand","embeddable":true,"href":"https:\/\/gpl-love.com\/fr\/wp-json\/wp\/v2\/product_brand?post=117068"},{"taxonomy":"product_cat","embeddable":true,"href":"https:\/\/gpl-love.com\/fr\/wp-json\/wp\/v2\/product_cat?post=117068"},{"taxonomy":"product_tag","embeddable":true,"href":"https:\/\/gpl-love.com\/fr\/wp-json\/wp\/v2\/product_tag?post=117068"}],"curies":[{"name":"wp","href":"https:\/\/api.w.org\/{rel}","templated":true}]}}