{"id":117066,"date":"2025-11-06T00:00:00","date_gmt":"2025-11-05T23:00:00","guid":{"rendered":"http:\/\/gpl-love.com\/fr\/produit\/easy-digital-downloads-reviews\/"},"modified":"2026-03-20T23:02:26","modified_gmt":"2026-03-20T22:02:26","slug":"easy-digital-downloads-reviews","status":"publish","type":"product","link":"https:\/\/gpl-love.com\/fr\/produit\/easy-digital-downloads-reviews\/","title":{"rendered":"Easy Digital Downloads Reviews 2.2.6"},"content":{"rendered":"<h3>Easy Digital Downloads Reviews Traits<\/h3>\n<p>Le magnifique plugin de t\u00e9l\u00e9chargements num\u00e9riques Easy Digital est un outil ph\u00e9nom\u00e9nal pour les utilisateurs pour int\u00e9grer sans effort les avis dans leurs produits num\u00e9riques en utilisant l&rsquo;extraordinaire plate-forme de t\u00e9l\u00e9chargements num\u00e9riques faciles. Tr\u00e8s \u00e9tonnant, ce plugin remarquable permet de pouvoir puissamment les propri\u00e9taires de magasins \u00e0 motiver efficacement les clients estim\u00e9s \u00e0 fournir g\u00e9n\u00e9reusement des critiques sur leur splendide site Web, favorisant ainsi in\u00e9vitablement un sentiment de confiance incomparable et de confiance parmi les acheteurs potentiels, tout en cataptuant simultan\u00e9ment leur classement de r\u00e9f\u00e9rencement vers des hauteurs \u00e9tonnantes. De mani\u00e8re impressionnante, les processus d&rsquo;installation et de personnalisation associ\u00e9s \u00e0 ce plugin in\u00e9gal\u00e9 sont \u00e9tonnamment simples et conviviaux, offrant aux clients l&rsquo;occasion en or pour \u00e9valuer astucieusement le produit sur une \u00e9chelle cinq \u00e9toiles par excellence, en plus de se lutter dans la capacit\u00e9 d&rsquo;inclure une \u00e9chelle m\u00e9ticuleusement fabriqu\u00e9e. commentaire. Incroyablement, la caract\u00e9ristique inestimable de la mod\u00e9ration et de la r\u00e9ponse rapide \u00e0 ces avis inestimables est tiss\u00e9e de mani\u00e8re transparente dans le plugin, inculquant ainsi un sentiment de contr\u00f4le et d&rsquo;autorit\u00e9 revigorant au sein du propri\u00e9taire du magasin. \u00c0 couper le souffle, le plugin de t\u00e9l\u00e9chargements num\u00e9riques Easy Digital Awe inspirant permet ing\u00e9nieusement les propri\u00e9taires de magasins pour am\u00e9liorer sans effort leur pr\u00e9sence en ligne illustre, aboutissant in\u00e9vitablement \u00e0 une formidable augmentation des ventes et \u00e0 un avenir prosp\u00e8re pour leur aventure commerciale v\u00e9n\u00e9r\u00e9e.<\/p>\n<ul>\n<li>Fournit une plate-forme conviviale pour que les clients puissent laisser des avis sur des produits de t\u00e9l\u00e9chargements num\u00e9riques faciles<\/li>\n<li>Permet une mod\u00e9ration et une gestion faciles des avis par les propri\u00e9taires de magasins<\/li>\n<li>Envoie automatiquement des rappels de r\u00e9vision aux clients apr\u00e8s leur achat, augmentant la probabilit\u00e9 de recevoir des commentaires<\/li>\n<li>Affiche les avis dans un format attrayant et personnalisable sur les pages de produits<\/li>\n<li>Comprend une vari\u00e9t\u00e9 d&rsquo;options pour le filtrage et les avis de tri, ce qui permet aux clients de trouver facilement les informations dont ils ont besoin<\/li>\n<li>S&rsquo;int\u00e8gre aux plateformes de m\u00e9dias sociaux populaires pour permettre un partage facile des avis<\/li>\n<li>Fournit des analyses d\u00e9taill\u00e9es et des informations sur les commentaires des clients, permettant aux propri\u00e9taires de magasins de prendre des d\u00e9cisions \u00e9clair\u00e9es sur l&rsquo;am\u00e9lioration des produits et les strat\u00e9gies de marketing<\/li>\n<li>Offre un support multi-langues pour les clients internationaux<\/li>\n<li>Compatible avec un large \u00e9ventail de th\u00e8mes et de plugins, assurant une int\u00e9gration transparente avec n&rsquo;importe quel site WordPress.<\/li>\n<\/ul>\n","protected":false},"excerpt":{"rendered":"<p>Les avis sur les t\u00e9l\u00e9chargements num\u00e9riques faciles fournissent une solution simple et efficace pour rassembler et exposer les avis des clients concernant votre marchandise num\u00e9rique. En utilisant ce plugin, vous avez la capacit\u00e9 sans effort pour inciter vos clients \u00e0 soumettre des avis sur votre magasin EDD, en pr\u00e9sentant par la suite lesdites avis sur vos pages de produits. La nature personnalisable des avis et la facilit\u00e9 avec laquelle ils peuvent \u00eatre administr\u00e9s vous permettent d&rsquo;autoriser, de modifier ou d&rsquo;\u00e9liminer les avis jug\u00e9es appropri\u00e9es. En incorporant des critiques de t\u00e9l\u00e9chargements num\u00e9riques faciles dans vos op\u00e9rations, vous pouvez cultiver un sentiment de confiance et d&rsquo;authenticit\u00e9 parmi votre client\u00e8le, augmentant par cons\u00e9quent \u00e0 la fois vos chiffres de vente et les revenus globaux.<\/p>\n","protected":false},"featured_media":143644,"comment_status":"open","ping_status":"open","template":"","meta":[],"product_brand":[2523],"product_cat":[1182,1223,1181],"product_tag":[1255],"class_list":{"0":"post-117066","1":"product","2":"type-product","3":"status-publish","4":"has-post-thumbnail","6":"product_brand-easy-digital-downloads","7":"product_cat-commerce-electronique-plugins","8":"product_cat-personnalisation-commerce-electronique-plugins","9":"product_cat-plugins","10":"product_tag-easy-digital-downloads","11":"member-discount","12":"discount-restricted","14":"first","15":"instock","16":"sale","17":"downloadable","18":"virtual","19":"sold-individually","20":"purchasable","21":"product-type-simple"},"_links":{"self":[{"href":"https:\/\/gpl-love.com\/fr\/wp-json\/wp\/v2\/product\/117066","targetHints":{"allow":["GET"]}}],"collection":[{"href":"https:\/\/gpl-love.com\/fr\/wp-json\/wp\/v2\/product"}],"about":[{"href":"https:\/\/gpl-love.com\/fr\/wp-json\/wp\/v2\/types\/product"}],"replies":[{"embeddable":true,"href":"https:\/\/gpl-love.com\/fr\/wp-json\/wp\/v2\/comments?post=117066"}],"wp:featuredmedia":[{"embeddable":true,"href":"https:\/\/gpl-love.com\/fr\/wp-json\/wp\/v2\/media\/143644"}],"wp:attachment":[{"href":"https:\/\/gpl-love.com\/fr\/wp-json\/wp\/v2\/media?parent=117066"}],"wp:term":[{"taxonomy":"product_brand","embeddable":true,"href":"https:\/\/gpl-love.com\/fr\/wp-json\/wp\/v2\/product_brand?post=117066"},{"taxonomy":"product_cat","embeddable":true,"href":"https:\/\/gpl-love.com\/fr\/wp-json\/wp\/v2\/product_cat?post=117066"},{"taxonomy":"product_tag","embeddable":true,"href":"https:\/\/gpl-love.com\/fr\/wp-json\/wp\/v2\/product_tag?post=117066"}],"curies":[{"name":"wp","href":"https:\/\/api.w.org\/{rel}","templated":true}]}}