{"id":117061,"date":"2025-09-13T00:00:00","date_gmt":"2025-09-12T22:00:00","guid":{"rendered":"http:\/\/gpl-love.com\/fr\/produit\/woocommerce-quantity-manager\/"},"modified":"2026-04-10T18:48:16","modified_gmt":"2026-04-10T16:48:16","slug":"woocommerce-quantity-manager","status":"publish","type":"product","link":"https:\/\/gpl-love.com\/fr\/produit\/woocommerce-quantity-manager\/","title":{"rendered":"WooCommerce Quantity Manager 2.4.3"},"content":{"rendered":"<h3>WooCommerce Quantity Manager Traits<\/h3>\n<p>WooCommerce Quantity Manager, un plugin tr\u00e8s robuste m\u00e9ticuleusement con\u00e7u, r\u00e9pond aux besoins des propri\u00e9taires de magasins en ligne \u00e0 la recherche de gestion efficace des quantit\u00e9s de produits sur leurs sites Web. Avec ses fonctionnalit\u00e9s exceptionnelles, ce plugin pr\u00e9sente aux utilisateurs la possibilit\u00e9 d&rsquo;\u00e9tablir sans effort des seuils de quantit\u00e9 minimale et maximale pour leurs produits, ainsi que la commodit\u00e9 d&rsquo;ajuster les quantit\u00e9s de produits en vrac. Par cons\u00e9quent, cette disposition permet aux propri\u00e9taires de magasins les moyens de surveiller efficacement les niveaux de stock et de contrecarrer les cas de survente, \u00e9vitant ainsi l&rsquo;insatisfaction potentielle des clients et la perte de revenus. Sans aucun doute, l&rsquo;installation et l&rsquo;utilisation de ce plugin sont une entreprise sans effort, gracieuset\u00e9 de son interface conviviale qui facilite la gestion rapide et transparente des quantit\u00e9s de produits. \u00c0 la lumi\u00e8re de ces avantages in\u00e9gal\u00e9s, il devient \u00e9vident que le gestionnaire de quantit\u00e9 WooCommerce est un outil indispensable pour toute boutique en ligne aspirant \u00e0 rationaliser le processus de vente et \u00e0 am\u00e9liorer la satisfaction du client.<\/p>\n<ul>\n<li>Un outil puissant pour g\u00e9rer la quantit\u00e9 de produits dans votre magasin WooCommerce<\/li>\n<li>Facile \u00e0 installer et \u00e0 utiliser, avec un tableau de bord convivial<\/li>\n<li>Vous permet de d\u00e9finir des quantit\u00e9s de commande minimum et maximale pour les produits<\/li>\n<li>Prend en charge l&rsquo;\u00e9dition en vrac des quantit\u00e9s de produits pour une gestion facile<\/li>\n<li>Calcule automatiquement les actions disponibles en fonction des stocks actuels et des commandes existantes<\/li>\n<li>Emp\u00eache les clients de commander des produits hors stock<\/li>\n<li>Peut \u00eatre personnalis\u00e9 pour r\u00e9pondre aux besoins sp\u00e9cifiques de votre magasin et \u00e0 la strat\u00e9gie de gestion des stocks<\/li>\n<li>Compatible avec tous les types de produits WooCommerce, y compris les produits simples, variables et d&rsquo;abonnement<\/li>\n<li>Aide \u00e0 r\u00e9duire les \u00e9carts d&rsquo;inventaire et les probl\u00e8mes de survente, vous \u00e9conomisant du temps et de l&rsquo;argent<\/li>\n<li>Fournit une gestion des stocks en temps r\u00e9el et des rapports pour une prise de d\u00e9cision pr\u00e9cise.<\/li>\n<\/ul>\n","protected":false},"excerpt":{"rendered":"<p>WooCommerce Quantity Manager, un plugin incroyablement puissant, vous permet de g\u00e9rer et de manipuler sans effort les quantit\u00e9s de produits sur votre boutique WooCommerce. Ce plugin exceptionnel vous offre la capacit\u00e9 d&rsquo;\u00e9tablir des limites inf\u00e9rieures et sup\u00e9rieures pour les achats de produits, d&rsquo;\u00e9tablir des incr\u00e9ments de quantit\u00e9, de d\u00e9sactiver la possibilit\u00e9 de commander des produits lorsque les niveaux de stock sont extr\u00eamement faibles et bien plus encore. En poss\u00e9dant une autorit\u00e9 absolue sur l&rsquo;inventaire de votre magasin, vous \u00eates en mesure de garantir une exp\u00e9rience client parfaitement rationalis\u00e9e tout en emp\u00eachant simultan\u00e9ment la survenue d&rsquo;une survente. Que vous vous trouviez \u00e0 la t\u00eate d&rsquo;une modeste entreprise en ligne ou d&rsquo;un \u00e9tendue de commerce \u00e9lectronique, le gestionnaire de quantit\u00e9 de quantit\u00e9 WooCommerce indispensable est un outil absolument essentiel pour g\u00e9rer efficacement et efficacement votre inventaire.<\/p>\n","protected":false},"featured_media":146000,"comment_status":"open","ping_status":"open","template":"","meta":[],"product_brand":[2518],"product_cat":[1183,1182,1181],"product_tag":[1619],"class_list":{"0":"post-117061","1":"product","2":"type-product","3":"status-publish","4":"has-post-thumbnail","6":"product_brand-barn2","7":"product_cat-administration","8":"product_cat-commerce-electronique-plugins","9":"product_cat-plugins","10":"product_tag-barn2","11":"member-discount","12":"discount-restricted","14":"first","15":"instock","16":"sale","17":"downloadable","18":"virtual","19":"sold-individually","20":"purchasable","21":"product-type-simple"},"_links":{"self":[{"href":"https:\/\/gpl-love.com\/fr\/wp-json\/wp\/v2\/product\/117061","targetHints":{"allow":["GET"]}}],"collection":[{"href":"https:\/\/gpl-love.com\/fr\/wp-json\/wp\/v2\/product"}],"about":[{"href":"https:\/\/gpl-love.com\/fr\/wp-json\/wp\/v2\/types\/product"}],"replies":[{"embeddable":true,"href":"https:\/\/gpl-love.com\/fr\/wp-json\/wp\/v2\/comments?post=117061"}],"wp:featuredmedia":[{"embeddable":true,"href":"https:\/\/gpl-love.com\/fr\/wp-json\/wp\/v2\/media\/146000"}],"wp:attachment":[{"href":"https:\/\/gpl-love.com\/fr\/wp-json\/wp\/v2\/media?parent=117061"}],"wp:term":[{"taxonomy":"product_brand","embeddable":true,"href":"https:\/\/gpl-love.com\/fr\/wp-json\/wp\/v2\/product_brand?post=117061"},{"taxonomy":"product_cat","embeddable":true,"href":"https:\/\/gpl-love.com\/fr\/wp-json\/wp\/v2\/product_cat?post=117061"},{"taxonomy":"product_tag","embeddable":true,"href":"https:\/\/gpl-love.com\/fr\/wp-json\/wp\/v2\/product_tag?post=117061"}],"curies":[{"name":"wp","href":"https:\/\/api.w.org\/{rel}","templated":true}]}}