{"id":117059,"date":"2021-08-21T00:00:00","date_gmt":"2021-08-20T22:00:00","guid":{"rendered":"http:\/\/gpl-love.com\/fr\/produit\/zev-creative-personal-portfolio-wordpress-theme\/"},"modified":"2026-03-20T23:54:34","modified_gmt":"2026-03-20T22:54:34","slug":"zev-creative-personal-portfolio-wordpress-theme","status":"publish","type":"product","link":"https:\/\/gpl-love.com\/fr\/produit\/zev-creative-personal-portfolio-wordpress-theme\/","title":{"rendered":"Zev Creative Personal Portfolio WordPress Theme 1.0.4"},"content":{"rendered":"<h3>Zev Creative Personal Portfolio WordPress Theme Traits<\/h3>\n<p>Le th\u00e8me WordPress du portefeuille personnel de Zev Creative Portfolio poss\u00e8de une abondance de pouvoir et de polyvalence, ce qui en fait un choix exceptionnel pour les personnes appartenant au domaine cr\u00e9atif qui souhaitent exposer leur travail d&rsquo;une mani\u00e8re impressionnante et captivante. Ce th\u00e8me particulier offre une vaste gamme d&rsquo;options de personnalisation, vous offrant la possibilit\u00e9 de fa\u00e7onner une pr\u00e9sence num\u00e9rique distinctive et personnalis\u00e9e qui refl\u00e8te bien votre style et votre personnalit\u00e9 individuels. Avec sa conception r\u00e9active, votre portefeuille d\u00e9gagera de l&rsquo;excellence sur tous les appareils, tandis que son interface glisser-d\u00e9poser conviviale garantit la construction et la gestion sans effort de votre site Web. En outre, le th\u00e8me WordPress du portefeuille Personal Creative Zev comprend une multitude de plugins et de fonctionnalit\u00e9s premium, y compris un arri\u00e8re-plan vid\u00e9o fascinant, des sections de parallaxe et des dispositions de grille flexibles. Ces composants remarquables ont \u00e9t\u00e9 m\u00e9ticuleusement con\u00e7us pour faciliter votre capacit\u00e9 \u00e0 se d\u00e9marquer des masses et \u00e0 laisser une impression durable sur les clients potentiels et les employeurs potentiels. Par cons\u00e9quent, si vous \u00eates \u00e0 la recherche d&rsquo;un th\u00e8me de portefeuille \u00e9l\u00e9gant et poli qui pr\u00e9sentera efficacement votre travail et favorisera la croissance de votre marque en ligne, le th\u00e8me WordPress de Zev Creative Personal WordPress m\u00e9rite incontestablement votre examen et votre consid\u00e9ration approfondis.<\/p>\n<ul>\n<li>Le th\u00e8me WordPress de portfolio cr\u00e9atif ZEV est un th\u00e8me de portefeuille magnifiquement con\u00e7u et enti\u00e8rement personnalis\u00e9 pour les cr\u00e9atifs.<\/li>\n<li>Construit avec le puissant constructeur de pages Elementor, vous pouvez facilement faire glisser et d\u00e9poser tous les \u00e9l\u00e9ments pr\u00e9fabriqu\u00e9s ou cr\u00e9er le v\u00f4tre \u00e0 partir de z\u00e9ro.<\/li>\n<li>Livr\u00e9 avec six pages d&rsquo;accueil diff\u00e9rentes au choix, chacune avec une disposition et une conception uniques.<\/li>\n<li>Comprend une section de blog enti\u00e8rement fonctionnelle, afin que vous puissiez partager vos pens\u00e9es et vos id\u00e9es tout en pr\u00e9sentant votre travail.<\/li>\n<li>Dispose \u00e9galement d&rsquo;une section de galerie flexible qui peut \u00eatre enti\u00e8rement personnalis\u00e9e avec diff\u00e9rents filtres et animations.<\/li>\n<li>Livr\u00e9 avec une gamme de mod\u00e8les et de sections pr\u00e9fabriqu\u00e9s, ce qui rend rapide et facile \u00e0 configurer votre site Web avec un minimum d&rsquo;effort.<\/li>\n<li>La conception enti\u00e8rement r\u00e9active garantit que votre site Web aura fi\u00e8re allure sur n&rsquo;importe quel appareil.<\/li>\n<li>Construit avec les meilleures pratiques SEO \u00e0 l&rsquo;esprit pour aider \u00e0 am\u00e9liorer la visibilit\u00e9 de votre site Web sur les moteurs de recherche.<\/li>\n<li>Les mises \u00e0 jour continues et le support d\u00e9di\u00e9 garantissent que votre site Web restera \u00e0 jour avec les derni\u00e8res technologies et tendances de conception.<\/li>\n<\/ul>\n","protected":false},"excerpt":{"rendered":"<p>Le th\u00e8me WordPress du portefeuille personnel ZEV Creative Portfolio pr\u00e9sente une solution id\u00e9ale pour les artistes, les photographes, les designers et les professionnels cr\u00e9atifs souhaitant exposer leur travail en ligne. B\u00e9n\u00e9ficiant d&rsquo;un design \u00e9l\u00e9gant et moderne, ce th\u00e8me propose une plate-forme visuellement envo\u00fbtante pour pr\u00e9senter des illustrations, compl\u00e9t\u00e9e par une interface conviviale facilitant la navigation transparente pour les visiteurs du site Web. Des options de personnalisation approfondies permettent aux utilisateurs de refl\u00e9ter leur style et leur marque unique sur leur site Web, compl\u00e9t\u00e9s par une pl\u00e9thore de fonctionnalit\u00e9s et de plugins permettant une int\u00e9gration sans effort des r\u00e9seaux sociaux, des blogs et des fonctionnalit\u00e9s de commerce \u00e9lectronique. Que l&rsquo;on vise \u00e0 accro\u00eetre sa pr\u00e9sence en ligne ou \u00e0 s&rsquo;\u00e9tablir comme une autorit\u00e9 dans leur domaine respectif, le th\u00e8me WordPress de portefeuille personnel cr\u00e9atif ZEV englobe tous les \u00e9l\u00e9ments essentiels n\u00e9cessaires pour fa\u00e7onner un site Web de portefeuille impressionnant.<\/p>\n","protected":false},"featured_media":146473,"comment_status":"open","ping_status":"open","template":"","meta":[],"product_brand":[2433],"product_cat":[1242,1212,1213],"product_tag":[1366],"class_list":{"0":"post-117059","1":"product","2":"type-product","3":"status-publish","4":"has-post-thumbnail","6":"product_brand-themeforest","7":"product_cat-creatif","8":"product_cat-themes","9":"product_cat-wordpress-themes","10":"product_tag-themeforest","11":"member-discount","12":"discount-restricted","14":"first","15":"instock","16":"sale","17":"downloadable","18":"virtual","19":"sold-individually","20":"purchasable","21":"product-type-simple"},"_links":{"self":[{"href":"https:\/\/gpl-love.com\/fr\/wp-json\/wp\/v2\/product\/117059","targetHints":{"allow":["GET"]}}],"collection":[{"href":"https:\/\/gpl-love.com\/fr\/wp-json\/wp\/v2\/product"}],"about":[{"href":"https:\/\/gpl-love.com\/fr\/wp-json\/wp\/v2\/types\/product"}],"replies":[{"embeddable":true,"href":"https:\/\/gpl-love.com\/fr\/wp-json\/wp\/v2\/comments?post=117059"}],"wp:featuredmedia":[{"embeddable":true,"href":"https:\/\/gpl-love.com\/fr\/wp-json\/wp\/v2\/media\/146473"}],"wp:attachment":[{"href":"https:\/\/gpl-love.com\/fr\/wp-json\/wp\/v2\/media?parent=117059"}],"wp:term":[{"taxonomy":"product_brand","embeddable":true,"href":"https:\/\/gpl-love.com\/fr\/wp-json\/wp\/v2\/product_brand?post=117059"},{"taxonomy":"product_cat","embeddable":true,"href":"https:\/\/gpl-love.com\/fr\/wp-json\/wp\/v2\/product_cat?post=117059"},{"taxonomy":"product_tag","embeddable":true,"href":"https:\/\/gpl-love.com\/fr\/wp-json\/wp\/v2\/product_tag?post=117059"}],"curies":[{"name":"wp","href":"https:\/\/api.w.org\/{rel}","templated":true}]}}