{"id":117057,"date":"2026-03-20T00:00:00","date_gmt":"2026-03-19T23:00:00","guid":{"rendered":"http:\/\/gpl-love.com\/fr\/produit\/filter-everything-wordpress-woocommerce-product-filter\/"},"modified":"2026-03-20T23:05:50","modified_gmt":"2026-03-20T22:05:50","slug":"filter-everything-wordpress-woocommerce-product-filter","status":"publish","type":"product","link":"https:\/\/gpl-love.com\/fr\/produit\/filter-everything-wordpress-woocommerce-product-filter\/","title":{"rendered":"Filter Everything WordPress WooCommerce Product Filter 1.9.2"},"content":{"rendered":"<h3>Filter Everything WordPress WooCommerce Product Filter Traits<\/h3>\n<p>Le filtre de produit WordPress WooCommerce WordPress poss\u00e8de une nature innovante qui am\u00e9liore efficacement le processus d&rsquo;achat pour les utilisateurs de WooCommerce. Ce plugin exceptionnel permet aux acheteurs de leur accorder la possibilit\u00e9 de passer sans effort un large \u00e9ventail de produits, tout en adh\u00e9rant \u00e0 des crit\u00e8res sp\u00e9cifiques tels que le prix, la couleur, la taille ou la cat\u00e9gorie. Par cons\u00e9quent, les clients ont le luxe de d\u00e9couvrir rapidement leurs produits souhait\u00e9s, en r\u00e9novant ainsi des \u00e9conomies de temps et une exp\u00e9rience d&rsquo;achat globale am\u00e9lior\u00e9e. De plus, les entreprises tiennent \u00e0 gagner de la satisfaction augment\u00e9e des clients et de la croissance exponentielle des taux de conversion. Par cons\u00e9quent, il devient \u00e9vident que le filtre de produit WordPress WooCommerce est un outil indispensable pour tout \u00e9tablissement WooCommerce qui s&rsquo;efforce d&rsquo;\u00e9lever leur exp\u00e9rience client \u00e0 des hauteurs sans pr\u00e9c\u00e9dent et \u00e0 augmenter de fa\u00e7on exponentielle les ventes.<\/p>\n<ul>\n<li>Filtrer facilement via vos produits WooCommerce avec le filtre de produit d&rsquo;entr\u00e9e<\/li>\n<li>Rationalisez l&rsquo;exp\u00e9rience d&rsquo;achat de vos clients avec des filtres intuitifs pour le prix, la couleur, la taille et plus<\/li>\n<li>Alimenter les ventes en aidant les clients \u00e0 trouver les produits qu&rsquo;ils recherchent plus rapidement et avec plus de pr\u00e9cision<\/li>\n<li>Profitez d&rsquo;options de taxonomie personnalisables afin que vous puissiez cr\u00e9er des filtres uniques pour vos produits sp\u00e9cifiques<\/li>\n<li>Filtre tout est enti\u00e8rement compatible avec la derni\u00e8re version de WordPress et WooCommerce<\/li>\n<li>Le plugin est facile \u00e0 installer et \u00e0 configurer avec une configuration minimale requise<\/li>\n<li>Profitez des options de filtrage avanc\u00e9es telles que les filtres \u00e0 plage et les d\u00e9parts pour affiner davantage les recherches de vos clients<\/li>\n<li>Offrez une exp\u00e9rience d&rsquo;achat plus professionnelle et conviviale pour vos clients avec des entr\u00e9es de filtre.<\/li>\n<\/ul>\n","protected":false},"excerpt":{"rendered":"<p>Le filtre Filtre WordPress WooCommerce Product Filter, un plugin tr\u00e8s essentiel, sert \u00e0 am\u00e9liorer l&rsquo;exp\u00e9rience d&rsquo;achat en ligne globale. Ce filtre robuste accorde aux acheteurs la commodit\u00e9 de rechercher sans effort des produits en fonction de divers crit\u00e8res, y compris, mais sans s&rsquo;y limiter, la gamme de prix, la marque, la couleur, la taille et une gamme d&rsquo;autres options. En raison de son interface remarquablement conviviale, les clients peuvent affiner efficacement leurs recherches et localiser rapidement les produits sp\u00e9cifiques dont ils ont besoin. De plus, l&rsquo;int\u00e9gration du plugin Filter Everything avec WooCommerce garantit une gestion et des mises \u00e0 jour transparentes de votre liste de produits. Offrez des adieux aux recherches laborieuses et longues et accordez \u00e0 vos clients la plus grande commodit\u00e9 et facilit\u00e9 qu&rsquo;ils m\u00e9ritent vraiment en adoptant le filtre de produit WordPress WooCommerce.<\/p>\n","protected":false},"featured_media":143866,"comment_status":"open","ping_status":"open","template":"","meta":[],"product_brand":[2435],"product_cat":[1189,1181,1186],"product_tag":[1231],"class_list":{"0":"post-117057","1":"product","2":"type-product","3":"status-publish","4":"has-post-thumbnail","6":"product_brand-codecanyon","7":"product_cat-personnalisation","8":"product_cat-plugins","9":"product_cat-wordpress-plugins","10":"product_tag-codecanyon","11":"member-discount","12":"discount-restricted","14":"first","15":"instock","16":"sale","17":"downloadable","18":"virtual","19":"sold-individually","20":"purchasable","21":"product-type-simple"},"_links":{"self":[{"href":"https:\/\/gpl-love.com\/fr\/wp-json\/wp\/v2\/product\/117057","targetHints":{"allow":["GET"]}}],"collection":[{"href":"https:\/\/gpl-love.com\/fr\/wp-json\/wp\/v2\/product"}],"about":[{"href":"https:\/\/gpl-love.com\/fr\/wp-json\/wp\/v2\/types\/product"}],"replies":[{"embeddable":true,"href":"https:\/\/gpl-love.com\/fr\/wp-json\/wp\/v2\/comments?post=117057"}],"wp:featuredmedia":[{"embeddable":true,"href":"https:\/\/gpl-love.com\/fr\/wp-json\/wp\/v2\/media\/143866"}],"wp:attachment":[{"href":"https:\/\/gpl-love.com\/fr\/wp-json\/wp\/v2\/media?parent=117057"}],"wp:term":[{"taxonomy":"product_brand","embeddable":true,"href":"https:\/\/gpl-love.com\/fr\/wp-json\/wp\/v2\/product_brand?post=117057"},{"taxonomy":"product_cat","embeddable":true,"href":"https:\/\/gpl-love.com\/fr\/wp-json\/wp\/v2\/product_cat?post=117057"},{"taxonomy":"product_tag","embeddable":true,"href":"https:\/\/gpl-love.com\/fr\/wp-json\/wp\/v2\/product_tag?post=117057"}],"curies":[{"name":"wp","href":"https:\/\/api.w.org\/{rel}","templated":true}]}}