{"id":117055,"date":"2021-08-21T00:00:00","date_gmt":"2021-08-20T22:00:00","guid":{"rendered":"http:\/\/gpl-love.com\/fr\/produit\/yet-another-stars-rating-pro-wordpress-rating-plugin\/"},"modified":"2026-03-20T23:52:35","modified_gmt":"2026-03-20T22:52:35","slug":"yet-another-stars-rating-pro-wordpress-rating-plugin","status":"publish","type":"product","link":"https:\/\/gpl-love.com\/fr\/produit\/yet-another-stars-rating-pro-wordpress-rating-plugin\/","title":{"rendered":"Yet Another Stars Rating Pro WordPress Rating Plugin 2.8.6"},"content":{"rendered":"<h3>Yet Another Stars Rating Pro WordPress Rating Plugin Traits<\/h3>\n<p>Offrant un \u00e9ventail de fonctionnalit\u00e9s robustes, encore une autre notation des \u00e9toiles se pr\u00e9sente comme un formidable plugin de notation WordPress, donnant aux utilisateurs la possibilit\u00e9 d&rsquo;incorporer des cotes d&rsquo;\u00e9toiles personnalis\u00e9es dans leurs messages, pages et commentaires. Gr\u00e2ce \u00e0 son interface conviviale et aux options avanc\u00e9es, ce plugin permet aux propri\u00e9taires de sites de cr\u00e9er des syst\u00e8mes de notation distinctifs et captivants qui enrichissent l&rsquo;exp\u00e9rience utilisateur et favorisent l&rsquo;engagement des utilisateurs. B\u00e9n\u00e9ficiant de possibilit\u00e9s de personnalisation \u00e9tendues, y compris des sch\u00e9mas de couleurs, des styles et des ic\u00f4nes sans limites, cet outil facilite sans effort la cr\u00e9ation d&rsquo;un syst\u00e8me de notation qui s&rsquo;aligne parfaitement sur l&rsquo;esth\u00e9tique visuelle globale d&rsquo;un site Web. En outre, il accorde aux utilisateurs des attributs avanc\u00e9s tels que la notation multi-crit\u00e8res, les commentaires des utilisateurs et l&rsquo;int\u00e9gration avec les plateformes de m\u00e9dias sociaux, ce qui le rend une solution de notation tr\u00e8s polyvalente et flexible adapt\u00e9e \u00e0 tout site WordPress. En r\u00e9sum\u00e9, la notation des \u00e9toiles encore une autre \u00e9merge incontestablement comme un choix exceptionnel pour ceux qui cherchent \u00e0 impl\u00e9menter un syst\u00e8me de notation dynamique et interactif sur leur site Web.<\/p>\n<ul>\n<li>Plugin de notation convivial pour les sites Web WordPress<\/li>\n<li>Offre des notes d&rsquo;\u00e9toiles personnalisables pour les publications, les pages et les types de messages personnalis\u00e9s<\/li>\n<li>Aide \u00e0 augmenter l&rsquo;engagement des utilisateurs et la preuve sociale sur votre site Web<\/li>\n<li>Comprend des options pour afficher les notes dans diff\u00e9rents formats et styles<\/li>\n<li>Dispose d&rsquo;un syst\u00e8me de shortcode flexible et facile \u00e0 utiliser pour ajouter des notes \u00e0 votre site Web<\/li>\n<li>Fournit des param\u00e8tres avanc\u00e9s pour la personnalisation et le contr\u00f4le du comportement de notation<\/li>\n<li>Offre de puissantes capacit\u00e9s de suivi des donn\u00e9es et de rapports pour vous aider \u00e0 surveiller et \u00e0 analyser les notes et les commentaires des utilisateurs<\/li>\n<li>Livr\u00e9 avec un syst\u00e8me complet de documentation et de support pour assurer une exp\u00e9rience utilisateur transparente<\/li>\n<li>Compatible avec la plupart des th\u00e8mes et plugins WordPress<\/li>\n<li>R\u00e9gime r\u00e9guli\u00e8rement avec de nouvelles fonctionnalit\u00e9s et am\u00e9liorations pour rester en avance sur les tendances et technologies \u00e9mergentes.<\/li>\n<\/ul>\n","protected":false},"excerpt":{"rendered":"<p>Le plugin de notation de Rating Pro WordPress encore des \u00e9toiles, salu\u00e9 comme la quintessence de l&rsquo;excellence, poss\u00e8de un \u00e9ventail de fonctions qui vous permettent d&rsquo;int\u00e9grer un syst\u00e8me de notation d&rsquo;\u00e9toiles polyvalent et sur mesure dans votre site WordPress. Son interface intuitive et conviviale vous permet de concevoir et d&rsquo;exposer sans effort les cotes d&rsquo;\u00e9toiles, facilitant ainsi vos utilisateurs en \u00e9valuant votre contenu, vos produits ou vos services. De plus, vous poss\u00e9dez la libert\u00e9 de personnaliser les teintes et les conceptions de ces notes pour vous harmoniser avec l&rsquo;identit\u00e9 visuelle unique de votre marque. Ne perdez pas de temps et vous lancez dans ce voyage transformateur aujourd&rsquo;hui, augmentant l&rsquo;interactivit\u00e9 et l&rsquo;engagement de votre site Web en exploitant les capacit\u00e9s innovantes du plugin de notation de Rating Pro WordPress.<\/p>\n","protected":false},"featured_media":146337,"comment_status":"open","ping_status":"open","template":"","meta":[],"product_brand":[2748],"product_cat":[1189,1181,1186],"product_tag":[2244],"class_list":{"0":"post-117055","1":"product","2":"type-product","3":"status-publish","4":"has-post-thumbnail","6":"product_brand-yasr","7":"product_cat-personnalisation","8":"product_cat-plugins","9":"product_cat-wordpress-plugins","10":"product_tag-yasr","11":"member-discount","12":"discount-restricted","14":"first","15":"instock","16":"sale","17":"downloadable","18":"virtual","19":"sold-individually","20":"purchasable","21":"product-type-simple"},"_links":{"self":[{"href":"https:\/\/gpl-love.com\/fr\/wp-json\/wp\/v2\/product\/117055","targetHints":{"allow":["GET"]}}],"collection":[{"href":"https:\/\/gpl-love.com\/fr\/wp-json\/wp\/v2\/product"}],"about":[{"href":"https:\/\/gpl-love.com\/fr\/wp-json\/wp\/v2\/types\/product"}],"replies":[{"embeddable":true,"href":"https:\/\/gpl-love.com\/fr\/wp-json\/wp\/v2\/comments?post=117055"}],"wp:featuredmedia":[{"embeddable":true,"href":"https:\/\/gpl-love.com\/fr\/wp-json\/wp\/v2\/media\/146337"}],"wp:attachment":[{"href":"https:\/\/gpl-love.com\/fr\/wp-json\/wp\/v2\/media?parent=117055"}],"wp:term":[{"taxonomy":"product_brand","embeddable":true,"href":"https:\/\/gpl-love.com\/fr\/wp-json\/wp\/v2\/product_brand?post=117055"},{"taxonomy":"product_cat","embeddable":true,"href":"https:\/\/gpl-love.com\/fr\/wp-json\/wp\/v2\/product_cat?post=117055"},{"taxonomy":"product_tag","embeddable":true,"href":"https:\/\/gpl-love.com\/fr\/wp-json\/wp\/v2\/product_tag?post=117055"}],"curies":[{"name":"wp","href":"https:\/\/api.w.org\/{rel}","templated":true}]}}