{"id":117053,"date":"2023-09-02T00:00:00","date_gmt":"2023-09-01T22:00:00","guid":{"rendered":"http:\/\/gpl-love.com\/fr\/produit\/slick-popup-pro-wordpress-popup-plugin\/"},"modified":"2026-04-10T18:39:50","modified_gmt":"2026-04-10T16:39:50","slug":"slick-popup-pro-wordpress-popup-plugin","status":"publish","type":"product","link":"https:\/\/gpl-love.com\/fr\/produit\/slick-popup-pro-wordpress-popup-plugin\/","title":{"rendered":"Slick Popup Pro WordPress Popup Plugin 2.3.8"},"content":{"rendered":"<h3>Slick Popup Pro WordPress Popup Plugin Traits<\/h3>\n<p>Slick Popup Pro, un plugin popup WordPress tr\u00e8s robuste, a \u00e9t\u00e9 m\u00e9ticuleusement con\u00e7u pour vous aider dans la cr\u00e9ation de popups visuellement captivants sur votre site Web. Arm\u00e9 d&rsquo;une interface remarquablement conviviale et d&rsquo;une vaste gamme d&rsquo;options de personnalisation, ce plugin vous permet de fa\u00e7onner des popups qui refl\u00e8tent parfaitement le style et la messagerie de votre site Web. Cet outil exceptionnel est \u00e9quip\u00e9 pour g\u00e9rer plusieurs types de fen\u00eatres contextuels, y compris les go\u00fbts de LightBox, Slide-in et Widget, vous accordant ainsi la libert\u00e9 d&rsquo;exposer votre contenu d&rsquo;une mani\u00e8re qui r\u00e9sonne avec vos pr\u00e9f\u00e9rences. De plus, arm\u00e9 d&rsquo;un assortiment d&rsquo;options de ciblage sophistiqu\u00e9es, vous \u00eates en mesure de pr\u00e9senter sans effort des popups bas\u00e9s sur le comportement des visiteurs, qu&rsquo;il s&rsquo;agisse de sort ou de mouvement de souris, augmentant ainsi consid\u00e9rablement les perspectives de s\u00e9curiser les conversions. En outre, il convient de noter que Slick Popup Pro s&rsquo;int\u00e8gre parfaitement aux principaux services de marketing par e-mail, facilitant ainsi l&rsquo;expansion rapide de votre liste de diffusion. Pour r\u00e9sumer, l&rsquo;acquisition de Slick Popup Pro est une entreprise imp\u00e9rative pour tout propri\u00e9taire de site Web cherchant \u00e0 am\u00e9liorer l&rsquo;engagement et \u00e0 renforcer les taux de conversion.<\/p>\n<ul>\n<li>Plugin popup WordPress convivial<\/li>\n<li>Permet une cr\u00e9ation et une personnalisation faciles des fen\u00eatres contextuelles<\/li>\n<li>Vari\u00e9t\u00e9 de types contextuels disponibles, y compris le d\u00e9clencheur intentionnel, chronom\u00e9tr\u00e9 et d\u00e9filement<\/li>\n<li>Capacit\u00e9 \u00e0 configurer les options de fr\u00e9quence et de ciblage de l&rsquo;affichage popup<\/li>\n<li>Prend en charge l&rsquo;int\u00e9gration avec les services de marketing par e-mail<\/li>\n<li>Conception sensible au mobile pour l&rsquo;affichage transparent sur tous les appareils<\/li>\n<li>Advanced Analytics et A \/ B Testing Capacit\u00e9s pour optimiser les performances contextuelles<\/li>\n<li>Documentation compl\u00e8te et support client r\u00e9actif<\/li>\n<li>Options de tarification abordables et flexibles<\/li>\n<li>Compatible avec tous les th\u00e8mes et plugins WordPress<\/li>\n<\/ul>\n","protected":false},"excerpt":{"rendered":"<p>Slick Popup Pro, un plugin popup WordPress incroyablement robuste et dynamique, vous donne la possibilit\u00e9 de fabriquer des popups visuellement \u00e9tonnants et captivants qui saisissent sans effort l&rsquo;attention indivise de vos utilisateurs estim\u00e9s. \u00c9quip\u00e9 d&rsquo;une interface intuitivement conviviale et d&rsquo;une gamme de mod\u00e8les personnalisables \u00e0 votre disposition, ce plugin vous permet de favoriser les conversions et d&rsquo;\u00e9lever l&rsquo;engagement global de votre site Web. Que vous ayez besoin de formulaires d&rsquo;opt-in ou de minuteries de compte \u00e0 rebours, soyez assur\u00e9 que Slick Popup Pro englobe tous les \u00e9l\u00e9ments essentiels n\u00e9cessaires pour \u00e9tablir une pr\u00e9sence ind\u00e9l\u00e9bile pour votre site Web. Ne perdez pas de temps, commencez votre voyage aujourd&rsquo;hui et t\u00e9moigne de l&rsquo;impact transformateur que Slick Popup Pro peut exercer sur vos efforts de marketing.<\/p>\n","protected":false},"featured_media":145265,"comment_status":"open","ping_status":"open","template":"","meta":[],"product_brand":[2435],"product_cat":[1189,1181,1186],"product_tag":[1231],"class_list":{"0":"post-117053","1":"product","2":"type-product","3":"status-publish","4":"has-post-thumbnail","6":"product_brand-codecanyon","7":"product_cat-personnalisation","8":"product_cat-plugins","9":"product_cat-wordpress-plugins","10":"product_tag-codecanyon","11":"member-discount","12":"discount-restricted","14":"first","15":"instock","16":"sale","17":"downloadable","18":"virtual","19":"sold-individually","20":"purchasable","21":"product-type-simple"},"_links":{"self":[{"href":"https:\/\/gpl-love.com\/fr\/wp-json\/wp\/v2\/product\/117053","targetHints":{"allow":["GET"]}}],"collection":[{"href":"https:\/\/gpl-love.com\/fr\/wp-json\/wp\/v2\/product"}],"about":[{"href":"https:\/\/gpl-love.com\/fr\/wp-json\/wp\/v2\/types\/product"}],"replies":[{"embeddable":true,"href":"https:\/\/gpl-love.com\/fr\/wp-json\/wp\/v2\/comments?post=117053"}],"wp:featuredmedia":[{"embeddable":true,"href":"https:\/\/gpl-love.com\/fr\/wp-json\/wp\/v2\/media\/145265"}],"wp:attachment":[{"href":"https:\/\/gpl-love.com\/fr\/wp-json\/wp\/v2\/media?parent=117053"}],"wp:term":[{"taxonomy":"product_brand","embeddable":true,"href":"https:\/\/gpl-love.com\/fr\/wp-json\/wp\/v2\/product_brand?post=117053"},{"taxonomy":"product_cat","embeddable":true,"href":"https:\/\/gpl-love.com\/fr\/wp-json\/wp\/v2\/product_cat?post=117053"},{"taxonomy":"product_tag","embeddable":true,"href":"https:\/\/gpl-love.com\/fr\/wp-json\/wp\/v2\/product_tag?post=117053"}],"curies":[{"name":"wp","href":"https:\/\/api.w.org\/{rel}","templated":true}]}}