{"id":117049,"date":"2021-09-07T00:00:00","date_gmt":"2021-09-06T22:00:00","guid":{"rendered":"http:\/\/gpl-love.com\/fr\/produit\/projectify-project-addon-pour-elementor-page-builder\/"},"modified":"2026-04-10T18:37:11","modified_gmt":"2026-04-10T16:37:11","slug":"projectify-project-addon-pour-elementor-page-builder","status":"publish","type":"product","link":"https:\/\/gpl-love.com\/fr\/produit\/projectify-project-addon-pour-elementor-page-builder\/","title":{"rendered":"Projectify Project Addon pour Elementor Page Builder 2.4"},"content":{"rendered":"<h3>Projectify Project Addon pour Elementor Page Builder Traits<\/h3>\n<p>L&rsquo;addon de projet projectify, qui peut \u00eatre d\u00e9crit comme un outil extraordinaire, poss\u00e8de la possibilit\u00e9 d&rsquo;augmenter consid\u00e9rablement les capacit\u00e9s du constructeur de page Elementor en incorporant de mani\u00e8re transparente les widgets de projet d\u00e9di\u00e9s. Avec une vaste gamme d&rsquo;options de personnalisation \u00e0 votre disposition, ce plugin vous permet de fa\u00e7onner un site Web extr\u00eamement professionnel sp\u00e9cialement adapt\u00e9 \u00e0 vos projets. En vous permettant d&rsquo;int\u00e9grer sans effort les d\u00e9tails du projet, de captiver les images, de fasciner des vid\u00e9os et d&rsquo;autres informations pertinentes, ce plugin vous permet de montrer votre travail d&rsquo;une mani\u00e8re dynamique et esth\u00e9tique. En outre, le plugin propose un assortiment de mod\u00e8les de projet qui peuvent \u00eatre utilis\u00e9s pour fa\u00e7onner des pages de projet impressionnantes sans avoir besoin d&rsquo;une expertise de codage. Par cons\u00e9quent, l&rsquo;addon de projet projectify est un choix exemplaire pour les concepteurs, les d\u00e9veloppeurs et les entreprises qui souhaitent construire un site Web ax\u00e9 sur le projet qui pr\u00e9sente efficacement leur travail prodigieux.<\/p>\n<ul>\n<li>Ajoutez facilement des fonctionnalit\u00e9s de gestion de projet \u00e0 votre site Web construit par \u00e9l\u00e9mentor<\/li>\n<li>Cr\u00e9er et afficher des portefeuilles de projet avec des dispositions personnalisables et des options de filtrage<\/li>\n<li>Utiliser des outils de gestion de projet int\u00e9gr\u00e9s tels que les listes de t\u00e2ches, les affectations des membres de l&rsquo;\u00e9quipe et le suivi des progr\u00e8s<\/li>\n<li>Int\u00e9grer aux plateformes de gestion de projet populaires telles que Trello et Asana<\/li>\n<li>Personnaliser les mod\u00e8les de projet pour gagner du temps et reproduire facilement les dispositions de projet communes<\/li>\n<li>Optimisez votre workflow avec des fonctionnalit\u00e9s avanc\u00e9es telles que les vues du graphique Gantt et les statuts de projet personnalis\u00e9s<\/li>\n<li>Tenez facilement les clients inform\u00e9s et \u00e0 jour avec les options de visibilit\u00e9 du client<\/li>\n<li>Int\u00e9grez de mani\u00e8re transparente \u00e0 vos mod\u00e8les et conceptions \u00e9l\u00e9mentor existants<\/li>\n<li>Interface utilisateur simple et intuitive pour une navigation et une utilisation faciles.<\/li>\n<\/ul>\n","protected":false},"excerpt":{"rendered":"<p>L&rsquo;addition de projet projectify, qui s&rsquo;int\u00e8gre parfaitement au constructeur de pages Elementor, poss\u00e8de un \u00e9ventail impressionnant de fonctionnalit\u00e9s qui permettent aux utilisateurs de g\u00e9n\u00e9rer et de superviser sans effort des projets. En tirant parti de cet outil suppl\u00e9mentaire, les individus peuvent int\u00e9grer rapidement des mod\u00e8les de projet personnalis\u00e9s, g\u00e9n\u00e9rer des t\u00e2ches de projet et des jalons, surveiller les progr\u00e8s et d\u00e9signer les responsabilit\u00e9s aux membres de l&rsquo;\u00e9quipe. En cons\u00e9quence, cette ressource inestimable sert \u00e0 rationaliser les proc\u00e9dures de gestion de projet, \u00e0 garantir l&rsquo;adh\u00e9sion aux d\u00e9lais et \u00e0 l&rsquo;ach\u00e8vement en temps opportun des livrables. Que l&rsquo;on soit un pigiste, un repr\u00e9sentant d&rsquo;agence ou un propri\u00e9taire commercial, l&rsquo;incorporation de l&rsquo;addon de projet Projectify est essentielle pour \u00e9lever le sens de la gestion de projet \u00e0 des hauteurs sans pr\u00e9c\u00e9dent.<\/p>\n","protected":false},"featured_media":145032,"comment_status":"open","ping_status":"open","template":"","meta":[],"product_brand":[2435],"product_cat":[1189,1181,1186],"product_tag":[1231],"class_list":{"0":"post-117049","1":"product","2":"type-product","3":"status-publish","4":"has-post-thumbnail","6":"product_brand-codecanyon","7":"product_cat-personnalisation","8":"product_cat-plugins","9":"product_cat-wordpress-plugins","10":"product_tag-codecanyon","11":"member-discount","12":"discount-restricted","14":"first","15":"instock","16":"sale","17":"downloadable","18":"virtual","19":"sold-individually","20":"purchasable","21":"product-type-simple"},"_links":{"self":[{"href":"https:\/\/gpl-love.com\/fr\/wp-json\/wp\/v2\/product\/117049","targetHints":{"allow":["GET"]}}],"collection":[{"href":"https:\/\/gpl-love.com\/fr\/wp-json\/wp\/v2\/product"}],"about":[{"href":"https:\/\/gpl-love.com\/fr\/wp-json\/wp\/v2\/types\/product"}],"replies":[{"embeddable":true,"href":"https:\/\/gpl-love.com\/fr\/wp-json\/wp\/v2\/comments?post=117049"}],"wp:featuredmedia":[{"embeddable":true,"href":"https:\/\/gpl-love.com\/fr\/wp-json\/wp\/v2\/media\/145032"}],"wp:attachment":[{"href":"https:\/\/gpl-love.com\/fr\/wp-json\/wp\/v2\/media?parent=117049"}],"wp:term":[{"taxonomy":"product_brand","embeddable":true,"href":"https:\/\/gpl-love.com\/fr\/wp-json\/wp\/v2\/product_brand?post=117049"},{"taxonomy":"product_cat","embeddable":true,"href":"https:\/\/gpl-love.com\/fr\/wp-json\/wp\/v2\/product_cat?post=117049"},{"taxonomy":"product_tag","embeddable":true,"href":"https:\/\/gpl-love.com\/fr\/wp-json\/wp\/v2\/product_tag?post=117049"}],"curies":[{"name":"wp","href":"https:\/\/api.w.org\/{rel}","templated":true}]}}