{"id":117036,"date":"2021-08-19T00:00:00","date_gmt":"2021-08-18T22:00:00","guid":{"rendered":"http:\/\/gpl-love.com\/fr\/produit\/tablenator-advanced-tables-pour-wordpress-et-wp-bakery-page-builder\/"},"modified":"2026-04-10T18:41:58","modified_gmt":"2026-04-10T16:41:58","slug":"tablenator-advanced-tables-pour-wordpress-et-wp-bakery-page-builder","status":"publish","type":"product","link":"https:\/\/gpl-love.com\/fr\/produit\/tablenator-advanced-tables-pour-wordpress-et-wp-bakery-page-builder\/","title":{"rendered":"Tablenator Advanced Tables pour WordPress et WP Bakery Page Builder 2.1.92"},"content":{"rendered":"<h3>Tablenator Advanced Tables pour WordPress et WP Bakery Page Builder Traits<\/h3>\n<p>Tableator Advanced Tables pour WordPress et WP Bakery Page Builder est un outil extr\u00eamement robuste et tr\u00e8s efficace qui rationalise et simplifie le processus de cr\u00e9ation de table pour les sites Web WordPress. Il poss\u00e8de une interface incroyablement conviviale qui permet aux utilisateurs de g\u00e9n\u00e9rer sans effort des tables \u00e0 la fois dynamiques et interactives. L&rsquo;int\u00e9gration transparente avec le c\u00e9l\u00e8bre Bakery Page Builder augmente encore ses capacit\u00e9s, pr\u00e9sentant une vaste gamme d&rsquo;options de personnalisation dont les utilisateurs peuvent facilement b\u00e9n\u00e9ficier. Ce plugin a \u00e9t\u00e9 m\u00e9ticuleusement con\u00e7u pour r\u00e9pondre aux divers besoins des individus allant des d\u00e9butants aux experts, car il offre une s\u00e9lection compl\u00e8te de fonctionnalit\u00e9s et de fonctionnalit\u00e9s. En raison de ces attributs remarquables, les utilisateurs sont autoris\u00e9s \u00e0 modeler des tables qui sont vraiment r\u00e9actives, visuellement captivantes et m\u00e9ticuleusement optimis\u00e9es pour les moteurs de recherche. Le verdict global est tr\u00e8s clair &#8211; les tableaux avanc\u00e9s de Tableator pour WordPress et WP Bakery Page Builder repr\u00e9sentent un outil indispensable et inestimable pour tout individu qui aspire \u00e0 cr\u00e9er des tableaux qui d\u00e9gagent le professionnalisme et la sophistication pour leur site Web estim\u00e9.<\/p>\n<ul>\n<li>Cr\u00e9ez facilement des tables \u00e9tonnantes dans WordPress.<\/li>\n<li>Compatible avec WP Bakery Page Builder pour la conception rationalis\u00e9e.<\/li>\n<li>Options de conception personnalisables pour correspondre \u00e0 l&rsquo;esth\u00e9tique de votre site Web.<\/li>\n<li>La conception r\u00e9active garantit que les tables sont superbes sur n&rsquo;importe quel appareil.<\/li>\n<li>Options de tri et de filtrage int\u00e9gr\u00e9es pour une gestion facile des donn\u00e9es.<\/li>\n<li>Prend en charge plusieurs sources de donn\u00e9es, notamment CSV et Google Sheets.<\/li>\n<li>Int\u00e9grez facilement les tables dans des poteaux et des pages avec un g\u00e9n\u00e9rateur de raccourcis.<\/li>\n<li>Caract\u00e9ristiques avanc\u00e9es telles que la mise en forme conditionnelle et les calculs de formules.<\/li>\n<li>Mises \u00e0 jour r\u00e9guli\u00e8res et excellent support client.<\/li>\n<\/ul>\n","protected":false},"excerpt":{"rendered":"<p>Les tables avanc\u00e9es de Tablenator, \u00e9tant un plugin tr\u00e8s robuste sp\u00e9cifiquement con\u00e7u pour WordPress et WP Bakery Page Builder, poss\u00e8de un tableau de fonctionnalit\u00e9s exceptionnelles qui simplifient \u00e9norm\u00e9ment la t\u00e2che de la cr\u00e9ation de table. Compl\u00e9t\u00e9 par ses fonctionnalit\u00e9s de pointe, le plugin rend le processus laborieux de la conception de table remarquablement sans effort. De plus, il propose une vaste s\u00e9lection de conceptions de table pr\u00e9existantes, chacune \u00e9tant enti\u00e8rement personnalisable pour s&rsquo;aligner parfaitement sur l&rsquo;esth\u00e9tique visuelle de votre site Web. En outre, le plugin permet l&rsquo;incorporation rapide de tables complexes, y compris, mais sans s&rsquo;y limiter, les listes de prix, les comparaisons de produits et les rapports de donn\u00e9es, via une poign\u00e9e de clics. De plus, il convient de noter que les tables avanc\u00e9es de Tableator pr\u00e9sentent une r\u00e9activit\u00e9 compl\u00e8te, garantissant ainsi l&rsquo;affichage sans faille de vos tables sur tous les appareils. En tirant parti des capacit\u00e9s extraordinaires des tables avanc\u00e9es de Tableator, vous pouvez d\u00e9sormais organiser sans effort des tables frappantes visuellement qui mettent impeccablement votre contenu comme jamais auparavant.<\/p>\n","protected":false},"featured_media":145446,"comment_status":"open","ping_status":"open","template":"","meta":[],"product_brand":[2435],"product_cat":[1189,1181,1186],"product_tag":[1231],"class_list":{"0":"post-117036","1":"product","2":"type-product","3":"status-publish","4":"has-post-thumbnail","6":"product_brand-codecanyon","7":"product_cat-personnalisation","8":"product_cat-plugins","9":"product_cat-wordpress-plugins","10":"product_tag-codecanyon","11":"member-discount","12":"discount-restricted","14":"first","15":"instock","16":"sale","17":"downloadable","18":"virtual","19":"sold-individually","20":"purchasable","21":"product-type-simple"},"_links":{"self":[{"href":"https:\/\/gpl-love.com\/fr\/wp-json\/wp\/v2\/product\/117036","targetHints":{"allow":["GET"]}}],"collection":[{"href":"https:\/\/gpl-love.com\/fr\/wp-json\/wp\/v2\/product"}],"about":[{"href":"https:\/\/gpl-love.com\/fr\/wp-json\/wp\/v2\/types\/product"}],"replies":[{"embeddable":true,"href":"https:\/\/gpl-love.com\/fr\/wp-json\/wp\/v2\/comments?post=117036"}],"wp:featuredmedia":[{"embeddable":true,"href":"https:\/\/gpl-love.com\/fr\/wp-json\/wp\/v2\/media\/145446"}],"wp:attachment":[{"href":"https:\/\/gpl-love.com\/fr\/wp-json\/wp\/v2\/media?parent=117036"}],"wp:term":[{"taxonomy":"product_brand","embeddable":true,"href":"https:\/\/gpl-love.com\/fr\/wp-json\/wp\/v2\/product_brand?post=117036"},{"taxonomy":"product_cat","embeddable":true,"href":"https:\/\/gpl-love.com\/fr\/wp-json\/wp\/v2\/product_cat?post=117036"},{"taxonomy":"product_tag","embeddable":true,"href":"https:\/\/gpl-love.com\/fr\/wp-json\/wp\/v2\/product_tag?post=117036"}],"curies":[{"name":"wp","href":"https:\/\/api.w.org\/{rel}","templated":true}]}}