{"id":117034,"date":"2024-02-18T00:00:00","date_gmt":"2024-02-17T23:00:00","guid":{"rendered":"http:\/\/gpl-love.com\/fr\/produit\/zuper-shoutcast-et-icecast-radio-player-with-history\/"},"modified":"2026-03-20T23:54:54","modified_gmt":"2026-03-20T22:54:54","slug":"zuper-shoutcast-et-icecast-radio-player-with-history","status":"publish","type":"product","link":"https:\/\/gpl-love.com\/fr\/produit\/zuper-shoutcast-et-icecast-radio-player-with-history\/","title":{"rendered":"Zuper Shoutcast et Icecast Radio Player With History 3.6"},"content":{"rendered":"<h3>Zuper Shoutcast et Icecast Radio Player With History Traits<\/h3>\n<p>Le Zuper Shoutcast et IceCast Radio Player avec l&rsquo;histoire est un lecteur audio d\u00e9licatement con\u00e7u qui a \u00e9t\u00e9 ing\u00e9nieusement con\u00e7u pour faciliter le streaming radio en ligne transparent. Ce joueur exceptionnel offre aux utilisateurs la possibilit\u00e9 de se connecter sans effort avec leurs stations de radio pr\u00e9f\u00e9r\u00e9es et de se d\u00e9lecter des harmonies m\u00e9lodieuses de la musique de premier ordre sans aucune perturbation g\u00eanante. De plus, le joueur poss\u00e8de une interface remarquablement conviviale qui garantit une navigation et un contr\u00f4le sans effort, fusionnant de mani\u00e8re transparente les fonctionnalit\u00e9s avec commodit\u00e9. En outre, une fonction d&rsquo;historique remarquable a \u00e9t\u00e9 soigneusement int\u00e9gr\u00e9e \u00e0 ce joueur, permettant aux utilisateurs d&rsquo;acc\u00e9der sans effort \u00e0 acc\u00e9der aux chansons et aux stations ant\u00e9rieures, favorisant ainsi un sentiment de continuit\u00e9 et de connexion. Avec les capacit\u00e9s impressionnantes de ce joueur \u00e0 votre disposition, vous pouvez vous livrer \u00e0 des heures sans fin de bonheur musical ininterrompu, en vous assurant qu&rsquo;aucune note ne soit jamais manqu\u00e9e. Regardless of whether you are a connoisseur of music or simply a fervent admirer of radio broadcasts, the Zuper Shoutcast and Icecast Radio Player unequivocally emerges as an indispensable tool that promises to revolutionize your audio streaming experience, endowing it with an unparalleled sense of grandeur and sophistication .<\/p>\n<ul>\n<li>Zuper Shoutcast et IceCast Radio lecteur vous permet d&rsquo;\u00e9couter des milliers de stations de radio dans le monde.<\/li>\n<li>Prend en charge les protocoles Shoutcast et IceCast Streaming.<\/li>\n<li>Facile \u00e0 installer et \u00e0 utiliser, avec une interface conviviale.<\/li>\n<li>Affiche les informations sur les chansons, la couverture de l&rsquo;album et la biographie de l&rsquo;artiste.<\/li>\n<li>Offre une fonction d&rsquo;historique qui vous permet de visualiser les pistes jou\u00e9es et de naviguer facilement entre eux.<\/li>\n<li>Vous pouvez rechercher des stations par genre, langue et emplacement.<\/li>\n<li>\u00c9conomise vos stations pr\u00e9f\u00e9r\u00e9es pour un acc\u00e8s rapide.<\/li>\n<li>Fonctionne sur la plupart des navigateurs Web, notamment Chrome, Firefox et Safari.<\/li>\n<li>Offre un design adapt\u00e9 aux mobiles pour l&rsquo;\u00e9coute en d\u00e9placement.<\/li>\n<li>Offre une excellente qualit\u00e9 sonore pour une exp\u00e9rience d&rsquo;\u00e9coute immersive.<\/li>\n<\/ul>\n","protected":false},"excerpt":{"rendered":"<p>Le Zuper Shoutcast et IceCast Radio Player, une solution remarquable pour diffuser des stations de radio bien-aim\u00e9s, poss\u00e8de la capacit\u00e9 d&rsquo;accueillir \u00e0 la fois des flux Shoutcast et IceCast. En outre, il pr\u00e9sente une fonction historique inestimable, permettant une r\u00e9cup\u00e9ration sans effort de pistes r\u00e9cemment appr\u00e9ci\u00e9es. Avec son interface conviviale et ses options de conception polyvalente, ce joueur devient incontestablement une possession essentielle pour chaque aficionado radio passionn\u00e9.<\/p>\n","protected":false},"featured_media":146494,"comment_status":"open","ping_status":"open","template":"","meta":[],"product_brand":[2435],"product_cat":[1189,1181,1186],"product_tag":[1231],"class_list":{"0":"post-117034","1":"product","2":"type-product","3":"status-publish","4":"has-post-thumbnail","6":"product_brand-codecanyon","7":"product_cat-personnalisation","8":"product_cat-plugins","9":"product_cat-wordpress-plugins","10":"product_tag-codecanyon","11":"member-discount","12":"discount-restricted","14":"first","15":"instock","16":"sale","17":"downloadable","18":"virtual","19":"sold-individually","20":"purchasable","21":"product-type-simple"},"_links":{"self":[{"href":"https:\/\/gpl-love.com\/fr\/wp-json\/wp\/v2\/product\/117034","targetHints":{"allow":["GET"]}}],"collection":[{"href":"https:\/\/gpl-love.com\/fr\/wp-json\/wp\/v2\/product"}],"about":[{"href":"https:\/\/gpl-love.com\/fr\/wp-json\/wp\/v2\/types\/product"}],"replies":[{"embeddable":true,"href":"https:\/\/gpl-love.com\/fr\/wp-json\/wp\/v2\/comments?post=117034"}],"wp:featuredmedia":[{"embeddable":true,"href":"https:\/\/gpl-love.com\/fr\/wp-json\/wp\/v2\/media\/146494"}],"wp:attachment":[{"href":"https:\/\/gpl-love.com\/fr\/wp-json\/wp\/v2\/media?parent=117034"}],"wp:term":[{"taxonomy":"product_brand","embeddable":true,"href":"https:\/\/gpl-love.com\/fr\/wp-json\/wp\/v2\/product_brand?post=117034"},{"taxonomy":"product_cat","embeddable":true,"href":"https:\/\/gpl-love.com\/fr\/wp-json\/wp\/v2\/product_cat?post=117034"},{"taxonomy":"product_tag","embeddable":true,"href":"https:\/\/gpl-love.com\/fr\/wp-json\/wp\/v2\/product_tag?post=117034"}],"curies":[{"name":"wp","href":"https:\/\/api.w.org\/{rel}","templated":true}]}}