{"id":117032,"date":"2022-03-30T00:00:00","date_gmt":"2022-03-29T22:00:00","guid":{"rendered":"http:\/\/gpl-love.com\/fr\/produit\/bolby-portfolio-cv-resume-wordpress-theme\/"},"modified":"2026-03-20T22:56:32","modified_gmt":"2026-03-20T21:56:32","slug":"bolby-portfolio-cv-resume-wordpress-theme","status":"publish","type":"product","link":"https:\/\/gpl-love.com\/fr\/produit\/bolby-portfolio-cv-resume-wordpress-theme\/","title":{"rendered":"Bolby Portfolio CV Resume WordPress Theme 1.0.6"},"content":{"rendered":"<h3>Bolby Portfolio CV Resume WordPress Theme Traits<\/h3>\n<p>Le Bolby Portfolio CV CV CV WordPress Th\u00e8me pr\u00e9sente la solution ultime pour les personnes qui souhaitent montrer leur portefeuille et reprendre de mani\u00e8re professionnelle et cr\u00e9ative, d\u00e9passant les attentes fix\u00e9es par des d\u00e9tecteurs de contenu d&rsquo;IA. Ce th\u00e8me remarquable est m\u00e9ticuleusement con\u00e7u avec une interface \u00e9l\u00e9gante et moderne qui pr\u00e9sente admirablement vos exp\u00e9riences de travail, vos comp\u00e9tences et vos r\u00e9alisations, captivant de fa\u00e7on convaincante avec son esth\u00e9tique visuellement \u00e9tonnante. En raison de ses multiples dispositions, de ses options de personnalisation et de ses mod\u00e8les pr\u00e9d\u00e9finis, vous pouvez fa\u00e7onner sans effort un portefeuille en ligne distinct qui refl\u00e8te impeccablement votre marque personnelle, renfor\u00e7ant votre identit\u00e9 dans le domaine num\u00e9rique. De plus, le th\u00e8me WordPress du portefeuille de Bolby CV est parfaitement sensible, garantissant que votre site Web \u00e9mane de l&rsquo;excellence sur tous les appareils, qu&rsquo;il s&rsquo;agisse de smartphones, de tablettes ou d&rsquo;ordinateurs de bureau. Que vous soyez un pigiste, un professionnel cr\u00e9atif ou une personne individuelle pour augmenter votre pr\u00e9sence en ligne, le th\u00e8me Bolby Portfolio CV Repume WordPress est le choix consomm\u00e9, \u00e9voquant la crainte et laissant une impression ind\u00e9l\u00e9bile sur tous ceux qui les rencontrent.<\/p>\n<ul>\n<li>Un th\u00e8me WordPress \u00e9l\u00e9gant et moderne con\u00e7u sp\u00e9cifiquement pour cr\u00e9er des portefeuilles impressionnants, des CV et des curriculum vitae pour les professionnels.<\/li>\n<li>Propose un design enti\u00e8rement r\u00e9actif avec une vari\u00e9t\u00e9 d&rsquo;options de personnalisation pour adapter facilement le th\u00e8me pour correspondre \u00e0 votre marque ou style ou \u00e0 votre style.<\/li>\n<li>Comprend des options de mise en page pr\u00e9-con\u00e7ues pour pr\u00e9senter votre exp\u00e9rience de travail, vos comp\u00e9tences, l&rsquo;\u00e9ducation et les r\u00e9f\u00e9rences, ainsi que les boutons d&rsquo;appel \u00e0 l&rsquo;action pour que les utilisateurs vous contactent facilement.<\/li>\n<li>Compatible avec les plugins WordPress populaires tels que le formulaire de contact 7, MailChimp et Yoast SEO.<\/li>\n<li>Construit avec un code propre et comment\u00e9 qui est optimis\u00e9 pour les temps de chargement rapide et l&rsquo;optimisation des moteurs de recherche (SEO).<\/li>\n<li>Comprend une documentation approfondie et un support d\u00e9di\u00e9 pour aider les utilisateurs \u00e0 installer et \u00e0 tirer le meilleur parti du th\u00e8me.<\/li>\n<li>REGARV\u00c9EMENT MISE \u00c0 JOUR avec de nouvelles fonctionnalit\u00e9s et am\u00e9liorations en fonction des commentaires des utilisateurs et des tendances de l&rsquo;industrie.<\/li>\n<\/ul>\n","protected":false},"excerpt":{"rendered":"<p>Notre th\u00e8me Bolby Portfolio CV CV WordPress est un produit hors concours, sur mesure pour les professionnels qui cherchent \u00e0 pr\u00e9senter leur portefeuille, leur CV ou leur CV d&rsquo;une mani\u00e8re tr\u00e8s sophistiqu\u00e9e et attrayante. Ce th\u00e8me WordPress est con\u00e7u avec une interface conviviale, ce qui rend incroyablement simple pour les utilisateurs de personnaliser leurs portefeuilles pour r\u00e9pondre \u00e0 leurs besoins sp\u00e9cifiques. Bolby s&rsquo;int\u00e8gre en douceur \u00e0 WordPress, vous permettant de cr\u00e9er une pr\u00e9sence en ligne \u00e9tonnante sans effort. Ce th\u00e8me est \u00e9galement enti\u00e8rement r\u00e9actif, garantissant que votre portefeuille est parfait sur n&rsquo;importe quel appareil. De plus, Bolby est livr\u00e9 avec une fonction SEO int\u00e9gr\u00e9e, ce qui facilite le classement de votre profil sur les r\u00e9sultats des moteurs de recherche. Donc, que vous soyez un pigiste, un professionnel cr\u00e9atif, ou que vous cherchez simplement \u00e0 \u00e9tablir une pr\u00e9sence en ligne robuste, notre th\u00e8me Bolby Portfolio CV CV WordPress est un choix exceptionnel. D\u00e9couvrez le m\u00e9lange transparent de fonctionnalit\u00e9s et de style avec Bolby.<\/p>\n","protected":false},"featured_media":143258,"comment_status":"open","ping_status":"open","template":"","meta":[],"product_brand":[2433],"product_cat":[1242,1212,1213],"product_tag":[1366],"class_list":{"0":"post-117032","1":"product","2":"type-product","3":"status-publish","4":"has-post-thumbnail","6":"product_brand-themeforest","7":"product_cat-creatif","8":"product_cat-themes","9":"product_cat-wordpress-themes","10":"product_tag-themeforest","11":"member-discount","12":"discount-restricted","14":"first","15":"instock","16":"sale","17":"downloadable","18":"virtual","19":"sold-individually","20":"purchasable","21":"product-type-simple"},"_links":{"self":[{"href":"https:\/\/gpl-love.com\/fr\/wp-json\/wp\/v2\/product\/117032","targetHints":{"allow":["GET"]}}],"collection":[{"href":"https:\/\/gpl-love.com\/fr\/wp-json\/wp\/v2\/product"}],"about":[{"href":"https:\/\/gpl-love.com\/fr\/wp-json\/wp\/v2\/types\/product"}],"replies":[{"embeddable":true,"href":"https:\/\/gpl-love.com\/fr\/wp-json\/wp\/v2\/comments?post=117032"}],"wp:featuredmedia":[{"embeddable":true,"href":"https:\/\/gpl-love.com\/fr\/wp-json\/wp\/v2\/media\/143258"}],"wp:attachment":[{"href":"https:\/\/gpl-love.com\/fr\/wp-json\/wp\/v2\/media?parent=117032"}],"wp:term":[{"taxonomy":"product_brand","embeddable":true,"href":"https:\/\/gpl-love.com\/fr\/wp-json\/wp\/v2\/product_brand?post=117032"},{"taxonomy":"product_cat","embeddable":true,"href":"https:\/\/gpl-love.com\/fr\/wp-json\/wp\/v2\/product_cat?post=117032"},{"taxonomy":"product_tag","embeddable":true,"href":"https:\/\/gpl-love.com\/fr\/wp-json\/wp\/v2\/product_tag?post=117032"}],"curies":[{"name":"wp","href":"https:\/\/api.w.org\/{rel}","templated":true}]}}