{"id":117028,"date":"2022-03-30T00:00:00","date_gmt":"2022-03-29T22:00:00","guid":{"rendered":"http:\/\/gpl-love.com\/fr\/produit\/naturalife-health-et-organic-wordpress-theme\/"},"modified":"2026-04-10T18:33:30","modified_gmt":"2026-04-10T16:33:30","slug":"naturalife-health-et-organic-wordpress-theme","status":"publish","type":"product","link":"https:\/\/gpl-love.com\/fr\/produit\/naturalife-health-et-organic-wordpress-theme\/","title":{"rendered":"NaturaLife Health et Organic WordPress Theme 1.9.9"},"content":{"rendered":"<h3>NaturaLife Health et Organic WordPress Theme Traits<\/h3>\n<p>Le th\u00e8me WordPress de la sant\u00e9 et du bio est un th\u00e8me exquis, de premier ordre et remarquablement adaptable qui a \u00e9t\u00e9 m\u00e9ticuleusement con\u00e7u pour r\u00e9pondre aux besoins uniques des \u00e9tablissements de sant\u00e9 et de bien-\u00eatre. Avec son design impeccablement \u00e9l\u00e9gant et contemporain, il est con\u00e7u sur mesure pour compl\u00e9ter et am\u00e9liorer sans effort la pr\u00e9sence en ligne de vendeurs d&rsquo;aliments biologiques, de centres de fitness, de studios de yoga et de toutes les autres entreprises qui mettent l&rsquo;accent primordial sur la promotion du bien-\u00eatre.<\/p>\n<p>Ce th\u00e8me poss\u00e8de une pl\u00e9thore de fonctionnalit\u00e9s remarquables qui sont garanties pour \u00e9lever votre site Web \u00e0 de nouveaux sommets d&rsquo;excellence. Les sections de page d&rsquo;accueil personnalisables vous offrent l&rsquo;occasion sans pr\u00e9c\u00e9dent de personnaliser et d&rsquo;adapter votre site Web pour s&rsquo;aligner parfaitement avec l&rsquo;identit\u00e9 unique de votre marque. De plus, la gamme sans limites de sch\u00e9mas de couleurs \u00e0 votre disposition garantit que votre site Web d\u00e9gagera de l&rsquo;aura parfaite qui refl\u00e8te avec pr\u00e9cision l&rsquo;essence de votre entreprise.<\/p>\n<p>En outre, l&rsquo;inclusion de pages pr\u00e9d\u00e9finies permet un processus de cr\u00e9ation de site Web sans couture et rapide, vous permettant d&rsquo;\u00e9tablir une plate-forme en ligne captivante et enti\u00e8rement fonctionnelle dans une fraction du temps. De plus, la r\u00e9activit\u00e9 exceptionnelle du th\u00e8me garantit que votre site Web d\u00e9gagera un niveau in\u00e9gal\u00e9 de splendeur visuelle et d&rsquo;attrait esth\u00e9tique, quel que soit l&rsquo;appareil utilis\u00e9 pour y acc\u00e9der.<\/p>\n<p>L&rsquo;un des aspects les plus remarquables de la sant\u00e9 naturelle de la vie et du th\u00e8me WordPress organique est sa facilit\u00e9 d&rsquo;utilisation in\u00e9gal\u00e9e. M\u00eame les individus d\u00e9pourvus de toute connaissance du codage pr\u00e9alable pourront naviguer et exploiter le potentiel \u00e9tonnant du th\u00e8me, gr\u00e2ce \u00e0 la fonctionnalit\u00e9 r\u00e9volutionnaire de la gueule de page et de la page. Cette fonctionnalit\u00e9 changeante garantit que vous pouvez construire et mouler sans effort votre site Web \u00e0 vos sp\u00e9cifications exactes, sans rencontrer le moindre obstacle ou obstacle en cours de route.<\/p>\n<p>En r\u00e9sum\u00e9, le th\u00e8me WordPress de Naturalife Health et Organic WordPress appara\u00eet incontestablement comme une option exceptionnelle pour les entreprises cherchant \u00e0 \u00e9tablir une pr\u00e9sence en ligne professionnelle et percutante. Sa polyvalence in\u00e9gal\u00e9e, sa conception remarquable et son vaste \u00e9ventail de fonctionnalit\u00e9s en font un atout indispensable dans la poursuite du succ\u00e8s et de l&rsquo;excellence dans le domaine de la sant\u00e9 et du bien-\u00eatre.<\/p>\n<ul>\n<li>Un th\u00e8me WordPress visuellement magnifique et professionnel con\u00e7u sp\u00e9cialement pour les sites Web de sant\u00e9 et de bien-\u00eatre.<\/li>\n<li>Construit avec des \u00e9l\u00e9ments organiques et naturels pour cr\u00e9er une esth\u00e9tique rafra\u00eechissante et respectueuse de l&rsquo;environnement.<\/li>\n<li>Comprend une vari\u00e9t\u00e9 de pages pr\u00e9-con\u00e7ues, y compris la page d&rsquo;accueil, \u00e0 propos de nous, les services, l&rsquo;\u00e9quipe, les t\u00e9moignages, le blog et les pages de contacts.<\/li>\n<li>La r\u00e9activit\u00e9 compl\u00e8te garantit que le th\u00e8me a fi\u00e8re allure sur tous les appareils, des ordinateurs de bureau aux t\u00e9l\u00e9phones mobiles et aux tablettes.<\/li>\n<li>Enti\u00e8rement personnalisable, avec des fonctionnalit\u00e9s faciles \u00e0 utiliser qui vous permettent d&rsquo;ajuster les couleurs, les polices, les dispositions et plus encore pour cr\u00e9er un site Web unique et personnalis\u00e9.<\/li>\n<li>Comprend une gamme de fonctionnalit\u00e9s de r\u00e9f\u00e9rencement int\u00e9gr\u00e9es pour aider \u00e0 am\u00e9liorer la visibilit\u00e9 de votre site Web et le classement des moteurs de recherche.<\/li>\n<li>Compatible avec une gamme de plugins WordPress populaires, y compris WooCommerce, le formulaire de contact 7, etc.<\/li>\n<li>Livr\u00e9 avec une documentation d\u00e9taill\u00e9e et un support expert pour vous assurer que vous pouvez tirer le meilleur parti de votre th\u00e8me WordPress.<\/li>\n<\/ul>\n","protected":false},"excerpt":{"rendered":"<p>Le th\u00e8me WordPress de la sant\u00e9 naturelle et biologique est un th\u00e8me premium qui a \u00e9t\u00e9 m\u00e9ticuleusement con\u00e7u pour r\u00e9pondre aux sites Web de sant\u00e9 et de bien-\u00eatre, en particulier ceux qui op\u00e9rent dans des industries naturelles et biologiques. Ce th\u00e8me exceptionnel pr\u00e9sente une apparence visuellement agr\u00e9able, contemporaine et tr\u00e8s professionnelle, tout en offrant une pl\u00e9thore de fonctionnalit\u00e9s personnalisables qui s&rsquo;alignent de mani\u00e8re transparente avec le style distinctif de votre marque. Avec l&rsquo;aide de son constructeur de pages convivial, g\u00e9n\u00e9rant sans effort des pages qui sont \u00e0 la fois esth\u00e9tiquement agr\u00e9ables et tr\u00e8s fonctionnelles devient une brise absolue, ce qui le rend la solution ultime pour ceux qui cherchent \u00e0 montrer un \u00e9ventail de produits et services naturels, fournissent des conseils pr\u00e9cieux sur les questions concernant une vie saine ou promouvoir des pratiques \u00e9cologiques. De plus, ce th\u00e8me remarquable poss\u00e8de des fonctionnalit\u00e9s imp\u00e9ratives telles que la r\u00e9servation de rendez-vous et l&rsquo;abonnement par e-mail, facilitant ainsi la communication transparente avec vos visiteurs estim\u00e9s et vos fid\u00e8les. Sans aucun doute, le th\u00e8me WordPress de la sant\u00e9 naturelle et organique sert d&rsquo;outil indispensable pour les personnes op\u00e9rant au sein de l&rsquo;industrie de la sant\u00e9 et du bien-\u00eatre, les permettant d&rsquo;\u00e9lever le statut de leur site Web \u00e0 des sommets sans pr\u00e9c\u00e9dent.<\/p>\n","protected":false},"featured_media":144714,"comment_status":"open","ping_status":"open","template":"","meta":[],"product_brand":[2433],"product_cat":[1242,1212,1213],"product_tag":[1366],"class_list":{"0":"post-117028","1":"product","2":"type-product","3":"status-publish","4":"has-post-thumbnail","6":"product_brand-themeforest","7":"product_cat-creatif","8":"product_cat-themes","9":"product_cat-wordpress-themes","10":"product_tag-themeforest","11":"member-discount","12":"discount-restricted","14":"first","15":"instock","16":"sale","17":"downloadable","18":"virtual","19":"sold-individually","20":"purchasable","21":"product-type-simple"},"_links":{"self":[{"href":"https:\/\/gpl-love.com\/fr\/wp-json\/wp\/v2\/product\/117028","targetHints":{"allow":["GET"]}}],"collection":[{"href":"https:\/\/gpl-love.com\/fr\/wp-json\/wp\/v2\/product"}],"about":[{"href":"https:\/\/gpl-love.com\/fr\/wp-json\/wp\/v2\/types\/product"}],"replies":[{"embeddable":true,"href":"https:\/\/gpl-love.com\/fr\/wp-json\/wp\/v2\/comments?post=117028"}],"wp:featuredmedia":[{"embeddable":true,"href":"https:\/\/gpl-love.com\/fr\/wp-json\/wp\/v2\/media\/144714"}],"wp:attachment":[{"href":"https:\/\/gpl-love.com\/fr\/wp-json\/wp\/v2\/media?parent=117028"}],"wp:term":[{"taxonomy":"product_brand","embeddable":true,"href":"https:\/\/gpl-love.com\/fr\/wp-json\/wp\/v2\/product_brand?post=117028"},{"taxonomy":"product_cat","embeddable":true,"href":"https:\/\/gpl-love.com\/fr\/wp-json\/wp\/v2\/product_cat?post=117028"},{"taxonomy":"product_tag","embeddable":true,"href":"https:\/\/gpl-love.com\/fr\/wp-json\/wp\/v2\/product_tag?post=117028"}],"curies":[{"name":"wp","href":"https:\/\/api.w.org\/{rel}","templated":true}]}}