{"id":117026,"date":"2022-02-08T00:00:00","date_gmt":"2022-02-07T23:00:00","guid":{"rendered":"http:\/\/gpl-love.com\/fr\/produit\/wphave-admin-a-clean-et-modern-wordpress-admin-theme\/"},"modified":"2026-03-20T23:51:45","modified_gmt":"2026-03-20T22:51:45","slug":"wphave-admin-a-clean-et-modern-wordpress-admin-theme","status":"publish","type":"product","link":"https:\/\/gpl-love.com\/fr\/produit\/wphave-admin-a-clean-et-modern-wordpress-admin-theme\/","title":{"rendered":"wphave Admin A clean et modern WordPress Admin Theme 2.7"},"content":{"rendered":"<h3>wphave Admin A clean et modern WordPress Admin Theme Traits<\/h3>\n<p>Pr\u00e9sentation de Wphave Admin, une solution de pointe et compl\u00e8te qui pr\u00e9sente le rem\u00e8de ultime pour un th\u00e8me administrateur WordPress poli et contemporain. Ce th\u00e8me extraordinaire a \u00e9t\u00e9 ing\u00e9nieusement con\u00e7u pour fournir une rencontre transparente et conviviale pour ceux qui sont charg\u00e9s de g\u00e9rer les sites Web WordPress. Avec l&rsquo;int\u00e9gration de son design \u00e9l\u00e9gant et \u00e0 la mode intuitive, les utilisateurs sont li\u00e9s \u00e0 traverser sans effort un \u00e9ventail de missions multiples, leur permettant ainsi d&rsquo;organiser efficacement leurs entreprises. De plus, ce th\u00e8me remarquable accroche un vaste assortiment d&rsquo;options sur mesure qui peuvent \u00eatre judicieusement personnalis\u00e9es pour r\u00e9pondre aux pr\u00e9f\u00e9rences et aux exigences singuli\u00e8res d&rsquo;un individu, englobant des sch\u00e9mas de couleurs, des styles de police et des alternatives. Notamment, l&rsquo;administrateur WPhave a \u00e9galement \u00e9t\u00e9 m\u00e9ticuleusement con\u00e7u pour \u00eatre hautement optimis\u00e9 pour la vitesse, garantissant ainsi que les utilisateurs peuvent acc\u00e9der rapidement et efficacement \u00e0 acc\u00e9der et \u00e0 administrer leurs sites WordPress respectifs. Par cons\u00e9quent, offrez des adieux \u00e0 la pr\u00e9sence exacerbante d&rsquo;interfaces d&rsquo;administration d\u00e9suet et lourdes, et optez pour la mise \u00e0 niveau remarquable que l&rsquo;administrateur de Wphave repr\u00e9sente, embrassant ainsi une exp\u00e9rience WordPress plus rationalis\u00e9e et plus gratifiante qui est garantie de d\u00e9passer toutes les attentes.<\/p>\n<ul>\n<li>Design \u00e9l\u00e9gant et moderne qui am\u00e9liore l&rsquo;apparence de votre administrateur WordPress<\/li>\n<li>Sch\u00e9mas de couleurs personnalisables pour correspondre \u00e0 votre marque ou \u00e0 vos pr\u00e9f\u00e9rences personnelles<\/li>\n<li>Interface conviviale pour offrir une meilleure exp\u00e9rience utilisateur<\/li>\n<li>Navigation facile pour gagner du temps et augmenter la productivit\u00e9<\/li>\n<li>Disposition de facult\u00e9s<\/li>\n<li>Compatible avec les meilleurs plugins WordPress et th\u00e8mes pour l&rsquo;int\u00e9gration transparente<\/li>\n<li>Mises \u00e0 jour et soutien r\u00e9guliers pour assurer des performances et une s\u00e9curit\u00e9 optimales<\/li>\n<\/ul>\n","protected":false},"excerpt":{"rendered":"<p>Mettez \u00e0 niveau votre interface d&rsquo;administration WordPress au niveau suivant en impl\u00e9mentant Wphave Admin, un th\u00e8me extr\u00eamement con\u00e7u et moderne sp\u00e9cifiquement con\u00e7u pour optimiser votre flux de travail et faciliter la gestion transparente du site. Avec sa navigation intuitive sans effort et sa conception minimaliste visuellement agr\u00e9able, l&rsquo;administrateur Wphave pr\u00e9sente une alternative revigorante et s\u00e9duisante \u00e0 l&rsquo;interface WordPress conventionnelle. Embrassez le raffinement in\u00e9gal\u00e9 et la concentration accrue fournie par Wphave Admin et connaissez une approche \u00e9lev\u00e9e de l&rsquo;administration de votre site.<\/p>\n","protected":false},"featured_media":146282,"comment_status":"open","ping_status":"open","template":"","meta":[],"product_brand":[2435],"product_cat":[1189,1181,1186],"product_tag":[1231],"class_list":{"0":"post-117026","1":"product","2":"type-product","3":"status-publish","4":"has-post-thumbnail","6":"product_brand-codecanyon","7":"product_cat-personnalisation","8":"product_cat-plugins","9":"product_cat-wordpress-plugins","10":"product_tag-codecanyon","11":"member-discount","12":"discount-restricted","14":"first","15":"instock","16":"sale","17":"downloadable","18":"virtual","19":"sold-individually","20":"purchasable","21":"product-type-simple"},"_links":{"self":[{"href":"https:\/\/gpl-love.com\/fr\/wp-json\/wp\/v2\/product\/117026","targetHints":{"allow":["GET"]}}],"collection":[{"href":"https:\/\/gpl-love.com\/fr\/wp-json\/wp\/v2\/product"}],"about":[{"href":"https:\/\/gpl-love.com\/fr\/wp-json\/wp\/v2\/types\/product"}],"replies":[{"embeddable":true,"href":"https:\/\/gpl-love.com\/fr\/wp-json\/wp\/v2\/comments?post=117026"}],"wp:featuredmedia":[{"embeddable":true,"href":"https:\/\/gpl-love.com\/fr\/wp-json\/wp\/v2\/media\/146282"}],"wp:attachment":[{"href":"https:\/\/gpl-love.com\/fr\/wp-json\/wp\/v2\/media?parent=117026"}],"wp:term":[{"taxonomy":"product_brand","embeddable":true,"href":"https:\/\/gpl-love.com\/fr\/wp-json\/wp\/v2\/product_brand?post=117026"},{"taxonomy":"product_cat","embeddable":true,"href":"https:\/\/gpl-love.com\/fr\/wp-json\/wp\/v2\/product_cat?post=117026"},{"taxonomy":"product_tag","embeddable":true,"href":"https:\/\/gpl-love.com\/fr\/wp-json\/wp\/v2\/product_tag?post=117026"}],"curies":[{"name":"wp","href":"https:\/\/api.w.org\/{rel}","templated":true}]}}