{"id":117024,"date":"2026-05-05T00:00:00","date_gmt":"2026-05-04T22:00:00","guid":{"rendered":"http:\/\/gpl-love.com\/fr\/produit\/studiopress-genesis-framework\/"},"modified":"2026-05-06T00:30:59","modified_gmt":"2026-05-05T22:30:59","slug":"studiopress-genesis-framework","status":"publish","type":"product","link":"https:\/\/gpl-love.com\/fr\/produit\/studiopress-genesis-framework\/","title":{"rendered":"StudioPress Genesis Framework 3.6.0"},"content":{"rendered":"<h3>StudioPress Genesis Framework Traits<\/h3>\n<p>Le cadre de Genesis Studiopress est un outil extr\u00eamement puissant et incroyablement utile qui est sp\u00e9cialement con\u00e7u pour aider \u00e0 la cr\u00e9ation de sites Web WordPress hautement professionnels. Ses capacit\u00e9s remarquables, telles que sa conception r\u00e9active et la possibilit\u00e9 de personnaliser les th\u00e8mes, permettent aux d\u00e9veloppeurs et aux concepteurs de cr\u00e9er des sites Web visuellement \u00e9tonnants et fonctionnellement robustes qui ne laisseront pas une impression durable. De plus, l&rsquo;architecture du cadre est sp\u00e9cifiquement optimis\u00e9e pour l&rsquo;optimisation des moteurs de recherche, garantissant que votre site Web se classera plus haut dans les pages de r\u00e9sultats des moteurs de recherche et recevra l&rsquo;attention qu&rsquo;elle m\u00e9rite. En outre, le cadre de Genesis poss\u00e8de des fonctionnalit\u00e9s de s\u00e9curit\u00e9 exceptionnellement solides, offrant aux propri\u00e9taires de sites Web un grand sentiment de tranquillit\u00e9 d&rsquo;esprit. De plus, ce framework remarquable comprend \u00e9galement une vaste gamme de widgets et de plugins int\u00e9gr\u00e9s, ce qui vous accorde la possibilit\u00e9 d&rsquo;incorporer sans effort des fonctionnalit\u00e9s suppl\u00e9mentaires et d&rsquo;am\u00e9liorer la fonctionnalit\u00e9 globale de votre site Web. Que vous poss\u00e9diez une vaste exp\u00e9rience dans le d\u00e9veloppement Web ou que vous d\u00e9butez dans le domaine de la conception, il est clairement clair que le cadre de Genesis Studiopress est un outil indispensable qui est absolument essentiel pour la cr\u00e9ation de sites Web WordPress exceptionnels et de haute qualit\u00e9.<\/p>\n<ul>\n<li>Framework WordPress premium con\u00e7u pour cr\u00e9er des sites Web r\u00e9actifs et \u00e0 chargement rapide<\/li>\n<li>Construit avec un code s\u00e9curis\u00e9 et modulaire qui adh\u00e8re aux normes de l&rsquo;industrie et aux meilleures pratiques<\/li>\n<li>Livr\u00e9 avec une gamme de th\u00e8mes et de plugins personnalisables pour am\u00e9liorer les fonctionnalit\u00e9s et l&rsquo;esth\u00e9tique<\/li>\n<li>Facile \u00e0 utiliser et \u00e0 configurer, avec des options et des param\u00e8tres intuitifs pour cr\u00e9er des dispositions et des conceptions personnalis\u00e9es<\/li>\n<li>Optimis\u00e9 pour le r\u00e9f\u00e9rencement et les performances, avec du code l\u00e9ger et un balisage propre qui facilite votre site \u00e0 ramper et \u00e0 indexer<\/li>\n<li>Compatible avec les constructeurs de pages populaires, les solutions de commerce \u00e9lectronique et d&rsquo;autres outils tiers pour \u00e9tendre encore plus les fonctionnalit\u00e9s<\/li>\n<li>Flexible et \u00e9volutif, offrant des options de personnalisation illimit\u00e9es et une prise en charge des flux de travail de d\u00e9veloppement avanc\u00e9 et des cas d&rsquo;utilisation<\/li>\n<li>Soutenu par une communaut\u00e9 d\u00e9di\u00e9e et une \u00e9quipe de soutien utile pour vous aider \u00e0 r\u00e9soudre les probl\u00e8mes et \u00e0 d\u00e9verrouiller le plein potentiel de votre site Web.<\/li>\n<\/ul>\n","protected":false},"excerpt":{"rendered":"<p>Le cadre Studiopress Genesis, r\u00e9put\u00e9 pour son immense pouvoir et sa flexibilit\u00e9 in\u00e9gal\u00e9e, sert de base formidable et adaptable pour la cr\u00e9ation de sites Web WordPress impressionnants. B\u00e9n\u00e9ficiant d&rsquo;une vaste gamme de th\u00e8mes personnalisables et de fonctionnalit\u00e9s de pointe, ce cadre exceptionnel conf\u00e8re aux d\u00e9veloppeurs et aux concepteurs ayant la possibilit\u00e9 de modeler des sites Web de calibre professionnel qui pr\u00e9sentent une r\u00e9activit\u00e9, une convivialit\u00e9 et une optimisation optimale des moteurs de recherche. Notamment, son architecture modulaire et sa base de code immacul\u00e9e facilitent l&rsquo;extension et la personnalisation transparentes, tandis que ses mesures de s\u00e9curit\u00e9 robustes et ses attributs am\u00e9liorant les performances garantissent la s\u00e9curit\u00e9 et la vitesse de votre site Web. Avec le cadre Studiopress Genesis \u00e0 votre disposition, la cr\u00e9ation d&rsquo;un site Web fiable et \u00e9volutif, que ce soit un blog, une boutique de commerce \u00e9lectronique ou un domaine d&rsquo;entreprise, devient une entreprise sans effort.<\/p>\n","protected":false},"featured_media":145368,"comment_status":"open","ping_status":"open","template":"","meta":[],"product_brand":[2454],"product_cat":[1189,1181,1186],"product_tag":[1358],"class_list":{"0":"post-117024","1":"product","2":"type-product","3":"status-publish","4":"has-post-thumbnail","6":"product_brand-studiopress","7":"product_cat-personnalisation","8":"product_cat-plugins","9":"product_cat-wordpress-plugins","10":"product_tag-studiopress","11":"member-discount","12":"discount-restricted","14":"first","15":"instock","16":"sale","17":"downloadable","18":"virtual","19":"sold-individually","20":"purchasable","21":"product-type-simple"},"_links":{"self":[{"href":"https:\/\/gpl-love.com\/fr\/wp-json\/wp\/v2\/product\/117024","targetHints":{"allow":["GET"]}}],"collection":[{"href":"https:\/\/gpl-love.com\/fr\/wp-json\/wp\/v2\/product"}],"about":[{"href":"https:\/\/gpl-love.com\/fr\/wp-json\/wp\/v2\/types\/product"}],"replies":[{"embeddable":true,"href":"https:\/\/gpl-love.com\/fr\/wp-json\/wp\/v2\/comments?post=117024"}],"wp:featuredmedia":[{"embeddable":true,"href":"https:\/\/gpl-love.com\/fr\/wp-json\/wp\/v2\/media\/145368"}],"wp:attachment":[{"href":"https:\/\/gpl-love.com\/fr\/wp-json\/wp\/v2\/media?parent=117024"}],"wp:term":[{"taxonomy":"product_brand","embeddable":true,"href":"https:\/\/gpl-love.com\/fr\/wp-json\/wp\/v2\/product_brand?post=117024"},{"taxonomy":"product_cat","embeddable":true,"href":"https:\/\/gpl-love.com\/fr\/wp-json\/wp\/v2\/product_cat?post=117024"},{"taxonomy":"product_tag","embeddable":true,"href":"https:\/\/gpl-love.com\/fr\/wp-json\/wp\/v2\/product_tag?post=117024"}],"curies":[{"name":"wp","href":"https:\/\/api.w.org\/{rel}","templated":true}]}}