{"id":117013,"date":"2026-02-14T00:00:00","date_gmt":"2026-02-13T23:00:00","guid":{"rendered":"http:\/\/gpl-love.com\/fr\/produit\/price-based-on-country-pro-pour-woocommerce\/"},"modified":"2026-04-10T18:37:00","modified_gmt":"2026-04-10T16:37:00","slug":"price-based-on-country-pro-pour-woocommerce","status":"publish","type":"product","link":"https:\/\/gpl-love.com\/fr\/produit\/price-based-on-country-pro-pour-woocommerce\/","title":{"rendered":"Price Based on Country Pro pour WooCommerce 4.1.0"},"content":{"rendered":"<h3>Price Based on Country Pro pour WooCommerce Traits<\/h3>\n<p>Le prix bas\u00e9 sur Country Pro pour WooCommerce est un plugin incroyablement pratique et pratique qui offre aux propri\u00e9taires de magasins en ligne la possibilit\u00e9 d&rsquo;\u00e9tablir des prix variables pour leurs produits, subordonn\u00e9s au pays sp\u00e9cifique du client. Ce plugin exceptionnel facilite la cr\u00e9ation sans effort de nombreuses r\u00e8gles de tarification, qui peuvent par la suite \u00eatre appliqu\u00e9es aux pays ou r\u00e9gions d\u00e9sign\u00e9s. Par cons\u00e9quent, cette caract\u00e9ristique remarquable permet \u00e0 l&rsquo;adaptation des prix de s&rsquo;aligner parfaitement avec les demandes et les pr\u00e9f\u00e9rences du march\u00e9 local, ce qui a finalement abouti \u00e0 la fourniture d&rsquo;options de prix hautement comp\u00e9titives pour les clients appr\u00e9ci\u00e9s. Ce qui distingue ce plugin n&rsquo;est pas seulement son installation et l&rsquo;utilisation conviviales, mais aussi sa compatibilit\u00e9 transparente avec WooCommerce. En cons\u00e9quence, le prix bas\u00e9 sur Country Pro pour WooCommerce est sans aucun doute un outil indispensable pour toute boutique en ligne cherchant \u00e0 \u00e9largir sa client\u00e8le et \u00e0 maximiser les revenus de vente. Par cons\u00e9quent, si vous recherchez une solution tr\u00e8s efficace et efficiente pour g\u00e9rer les prix \u00e0 l&rsquo;\u00e9chelle mondiale, le prix bas\u00e9 sur Country Pro pour WooCommerce m\u00e9rite incontestablement une consid\u00e9ration et l&rsquo;exploration approfondies.<\/p>\n<ul>\n<li>Options de prix personnalis\u00e9es pour diff\u00e9rents pays<\/li>\n<li>Configuration et utilisation faciles avec WooCommerce<\/li>\n<li>Capacit\u00e9 \u00e0 fixer des prix en fonction des devises sp\u00e9cifiques<\/li>\n<li>Les niveaux de prix d\u00e9finis pour chaque pays<\/li>\n<li>Conversion de devises automatique en fonction des taux de change<\/li>\n<li>Acc\u00e8s \u00e0 un large \u00e9ventail de devises<\/li>\n<li>Augmentation du potentiel de vente en adaptant les prix \u00e0 des march\u00e9s sp\u00e9cifiques<\/li>\n<li>Capacit\u00e9 \u00e0 mettre en place plusieurs r\u00e8gles de tarification pour chaque produit<\/li>\n<li>Int\u00e9gration transparente avec votre magasin WooCommerce existant<\/li>\n<li>Interface conviviale pour g\u00e9rer les r\u00e8gles de tarification<\/li>\n<li>R\u00e8gles de tarification facilement modifiables pour les ajustements et les mises \u00e0 jour<\/li>\n<li>Contr\u00f4le complet sur les prix pour votre boutique en ligne<\/li>\n<li>Am\u00e9lioration de la satisfaction du client \u00e0 l&rsquo;\u00e9gard des prix \u00e9quitables et pr\u00e9cis.<\/li>\n<\/ul>\n","protected":false},"excerpt":{"rendered":"<p>Le prix bas\u00e9 sur Country Pro pour WooCommerce est un plugin tr\u00e8s robuste et efficace qui offre aux propri\u00e9taires de magasins la capacit\u00e9 incroyable d&rsquo;\u00e9tablir des structures de prix distinctes pour leurs produits selon le pays du client. En tirant parti des fonctionnalit\u00e9s exceptionnelles de ce plugin, vous pouvez concevoir de mani\u00e8re transparente plusieurs r\u00e9glementations de tarification sp\u00e9cialement con\u00e7ues pour r\u00e9pondre aux diverses exigences de divers pays. Par cons\u00e9quent, cela garantit que vos produits se vantent d&rsquo;un avantage concurrentiel in\u00e9gal\u00e9 en termes de prix dans chaque emplacement g\u00e9ographique unique. De plus, ce plugin se vante d&rsquo;une interface conviviale qui facilite la navigation sans effort et la grande compatibilit\u00e9 avec toutes les principales devises mondiales. Par cons\u00e9quent, il \u00e9merge sans \u00e9quivoque comme un outil indispensable pour tout \u00e9tablissement de vente au d\u00e9tail en ligne qui vise \u00e0 p\u00e9n\u00e9trer efficacement et \u00e0 captiver les consommateurs appartenant \u00e0 des pays disparates. Posez pas de temps et n&rsquo;approchez des prix bas\u00e9s sur Country Pro pour WooCommerce aujourd&rsquo;hui, permettant \u00e0 votre entreprise d&rsquo;adopter une strat\u00e9gie de vente astucieuse et judicieuse!<\/p>\n","protected":false},"featured_media":145019,"comment_status":"open","ping_status":"open","template":"","meta":[],"product_brand":[2633],"product_cat":[1182,1223,1181],"product_tag":[2242],"class_list":{"0":"post-117013","1":"product","2":"type-product","3":"status-publish","4":"has-post-thumbnail","6":"product_brand-wpboc","7":"product_cat-commerce-electronique-plugins","8":"product_cat-personnalisation-commerce-electronique-plugins","9":"product_cat-plugins","10":"product_tag-wpboc","11":"member-discount","12":"discount-restricted","14":"first","15":"instock","16":"sale","17":"downloadable","18":"virtual","19":"sold-individually","20":"purchasable","21":"product-type-simple"},"_links":{"self":[{"href":"https:\/\/gpl-love.com\/fr\/wp-json\/wp\/v2\/product\/117013","targetHints":{"allow":["GET"]}}],"collection":[{"href":"https:\/\/gpl-love.com\/fr\/wp-json\/wp\/v2\/product"}],"about":[{"href":"https:\/\/gpl-love.com\/fr\/wp-json\/wp\/v2\/types\/product"}],"replies":[{"embeddable":true,"href":"https:\/\/gpl-love.com\/fr\/wp-json\/wp\/v2\/comments?post=117013"}],"wp:featuredmedia":[{"embeddable":true,"href":"https:\/\/gpl-love.com\/fr\/wp-json\/wp\/v2\/media\/145019"}],"wp:attachment":[{"href":"https:\/\/gpl-love.com\/fr\/wp-json\/wp\/v2\/media?parent=117013"}],"wp:term":[{"taxonomy":"product_brand","embeddable":true,"href":"https:\/\/gpl-love.com\/fr\/wp-json\/wp\/v2\/product_brand?post=117013"},{"taxonomy":"product_cat","embeddable":true,"href":"https:\/\/gpl-love.com\/fr\/wp-json\/wp\/v2\/product_cat?post=117013"},{"taxonomy":"product_tag","embeddable":true,"href":"https:\/\/gpl-love.com\/fr\/wp-json\/wp\/v2\/product_tag?post=117013"}],"curies":[{"name":"wp","href":"https:\/\/api.w.org\/{rel}","templated":true}]}}