{"id":117011,"date":"2021-08-17T00:00:00","date_gmt":"2021-08-16T22:00:00","guid":{"rendered":"http:\/\/gpl-love.com\/fr\/produit\/bus-ticket-booking-with-seat-reservation-pro\/"},"modified":"2026-03-20T22:57:46","modified_gmt":"2026-03-20T21:57:46","slug":"bus-ticket-booking-with-seat-reservation-pro","status":"publish","type":"product","link":"https:\/\/gpl-love.com\/fr\/produit\/bus-ticket-booking-with-seat-reservation-pro\/","title":{"rendered":"Bus Ticket Booking with Seat Reservation Pro 4.9"},"content":{"rendered":"<h3>Bus Ticket Booking with Seat Reservation Pro Traits<\/h3>\n<p>La r\u00e9servation de billets de bus avec Seat Reservation Pro est un logiciel exceptionnellement robuste qui a \u00e9t\u00e9 sp\u00e9cifiquement d\u00e9velopp\u00e9 avec l&rsquo;intention de rationaliser et de simplifier le processus de r\u00e9servation de billets de bus autrement complexe. Cette application incroyablement intuitive donne aux utilisateurs la possibilit\u00e9 de rechercher sans effort un large \u00e9ventail d&rsquo;itin\u00e9raires de bus, de v\u00e9rifier facilement les horaires et de r\u00e9server de mani\u00e8re transparente, le tout en quelques clics. Se distinguant de toute autre plate-forme de r\u00e9servation actuellement disponible, la r\u00e9servation de billets de bus avec Seat Reservation Pro offre une large gamme d&rsquo;options de s\u00e9lection de si\u00e8ges avanc\u00e9es, permettant ainsi aux utilisateurs de cueillir m\u00e9ticuleusement leurs si\u00e8ges pr\u00e9f\u00e9r\u00e9s conform\u00e9ment \u00e0 leurs pr\u00e9f\u00e9rences et d\u00e9sirs personnels. De plus, ce logiciel r\u00e9volutionnaire fournit en outre les utilisateurs le luxe de recevoir des mises \u00e0 jour en temps r\u00e9el, garantissant qu&rsquo;ils restent inform\u00e9s et \u00e0 jour en ce qui concerne la disponibilit\u00e9 des si\u00e8ges, \u00e9vitant ainsi efficacement toute d\u00e9ception potentielle ou opportunit\u00e9s manqu\u00e9es. Avec son interface exquise conviviale qui n\u00e9cessite un minimum d&rsquo;efforts pour naviguer, ainsi que sa pl\u00e9thore de fonctionnalit\u00e9s hautement sophistiqu\u00e9es et de pointe, la r\u00e9servation de billets de bus avec la r\u00e9servation de si\u00e8ge \u00e9merge indiscutablement comme l&rsquo;outil par excellence pour tout voyageur passion commodit\u00e9 et efficacit\u00e9 avant tout.<\/p>\n<ul>\n<li>Processus de r\u00e9servation de billets de bus rationalis\u00e9 et pratique<\/li>\n<li>Options de recherche et de filtre faciles pour trouver les meilleurs itin\u00e9raires et calendriers de bus<\/li>\n<li>Capacit\u00e9 \u00e0 r\u00e9server des si\u00e8ges sp\u00e9cifiques dans le bus pour plus de confort et de commodit\u00e9<\/li>\n<li>Mises \u00e0 jour en temps r\u00e9el sur les horaires et les retards de bus<\/li>\n<li>Option pour annuler et modifier les r\u00e9servations au besoin<\/li>\n<li>Options de paiement s\u00e9curis\u00e9es pour les transactions sans tracas<\/li>\n<li>Accueille diff\u00e9rents types de billets (par exemple unidirectionnels, aller-retour, etc.)<\/li>\n<li>Options de r\u00e9servation flexibles, y compris la r\u00e9servation \u00e0 l&rsquo;avance et les r\u00e9servations de derni\u00e8re minute<\/li>\n<li>Interface conviviale con\u00e7ue pour une navigation et une utilisation faciles<\/li>\n<li>Support fiable et assistance de l&rsquo;\u00e9quipe du service client<\/li>\n<\/ul>\n","protected":false},"excerpt":{"rendered":"<p>D\u00e9couvrez la commodit\u00e9 et la flexibilit\u00e9 ultime avec notre r\u00e9servation de billets de bus avec Seat Reservation Pro. Ce logiciel avanc\u00e9 est con\u00e7u pour rationaliser votre processus de r\u00e9servation de billets, assurant des op\u00e9rations en douceur et une satisfaction accrue du client. Avec des fonctionnalit\u00e9s qui vous permettent de r\u00e9server facilement les si\u00e8ges, vous pouvez mieux planifier vos voyages en bus et \u00e9viter les tracas des modifications de derni\u00e8re minute. Notre version Pro offre encore plus d&rsquo;avantages, y compris l&rsquo;acc\u00e8s prioritaire aux nouveaux bus et itin\u00e9raires, des remises exclusives, etc. Ne vous contentez pas de moins en ce qui concerne vos besoins de voyage. \u00c9levez votre exp\u00e9rience de r\u00e9servation de billets de bus avec Seat Reservation Pro.<\/p>\n","protected":false},"featured_media":143339,"comment_status":"open","ping_status":"open","template":"","meta":[],"product_brand":[2486],"product_cat":[1182,1223,1181],"product_tag":[2241],"class_list":{"0":"post-117011","1":"product","2":"type-product","3":"status-publish","4":"has-post-thumbnail","6":"product_brand-mage-people","7":"product_cat-commerce-electronique-plugins","8":"product_cat-personnalisation-commerce-electronique-plugins","9":"product_cat-plugins","10":"product_tag-mage-people","11":"member-discount","12":"discount-restricted","14":"first","15":"instock","16":"sale","17":"downloadable","18":"virtual","19":"sold-individually","20":"purchasable","21":"product-type-simple"},"_links":{"self":[{"href":"https:\/\/gpl-love.com\/fr\/wp-json\/wp\/v2\/product\/117011","targetHints":{"allow":["GET"]}}],"collection":[{"href":"https:\/\/gpl-love.com\/fr\/wp-json\/wp\/v2\/product"}],"about":[{"href":"https:\/\/gpl-love.com\/fr\/wp-json\/wp\/v2\/types\/product"}],"replies":[{"embeddable":true,"href":"https:\/\/gpl-love.com\/fr\/wp-json\/wp\/v2\/comments?post=117011"}],"wp:featuredmedia":[{"embeddable":true,"href":"https:\/\/gpl-love.com\/fr\/wp-json\/wp\/v2\/media\/143339"}],"wp:attachment":[{"href":"https:\/\/gpl-love.com\/fr\/wp-json\/wp\/v2\/media?parent=117011"}],"wp:term":[{"taxonomy":"product_brand","embeddable":true,"href":"https:\/\/gpl-love.com\/fr\/wp-json\/wp\/v2\/product_brand?post=117011"},{"taxonomy":"product_cat","embeddable":true,"href":"https:\/\/gpl-love.com\/fr\/wp-json\/wp\/v2\/product_cat?post=117011"},{"taxonomy":"product_tag","embeddable":true,"href":"https:\/\/gpl-love.com\/fr\/wp-json\/wp\/v2\/product_tag?post=117011"}],"curies":[{"name":"wp","href":"https:\/\/api.w.org\/{rel}","templated":true}]}}