{"id":117009,"date":"2022-04-10T00:00:00","date_gmt":"2022-04-09T22:00:00","guid":{"rendered":"http:\/\/gpl-love.com\/fr\/produit\/zion-builder-pro-the-fastest-wordpress-page-builder\/"},"modified":"2026-03-20T23:54:46","modified_gmt":"2026-03-20T22:54:46","slug":"zion-builder-pro-the-fastest-wordpress-page-builder","status":"publish","type":"product","link":"https:\/\/gpl-love.com\/fr\/produit\/zion-builder-pro-the-fastest-wordpress-page-builder\/","title":{"rendered":"Zion Builder Pro The Fastest WordPress Page Builder 3.1.0"},"content":{"rendered":"<h3>Zion Builder Pro The Fastest WordPress Page Builder Traits<\/h3>\n<p>Zion Builder Pro est un constructeur de page WordPress incroyablement robuste qui a \u00e9t\u00e9 intelligemment con\u00e7u pour rationaliser et simplifier le processus de d\u00e9veloppement Web souvent complexe et long. Cet outil extraordinaire poss\u00e8de une vitesse de fuite impressionnante, offrant aux utilisateurs la possibilit\u00e9 de cr\u00e9er sans effort des pages Web visuellement \u00e9tonnantes et hautement fonctionnelles en quelques minutes, le tout sans n\u00e9cessiter de connaissances ou d&rsquo;exp\u00e9rience de codage pr\u00e9alables.<\/p>\n<p>L&rsquo;une des fonctionnalit\u00e9s remarquables de Zion Builder Pro est sa vaste gamme d&rsquo;options hautement personnalisables, garantissant que les utilisateurs peuvent adapter sans effort leurs pages Web pour r\u00e9pondre \u00e0 leurs sp\u00e9cifications et exigences exactes. Cela comprend une fonctionnalit\u00e9 de glisser-d\u00e9poser incroyablement conviviale, permettant aux individus d&rsquo;ajouter et d&rsquo;organiser de mani\u00e8re transparente des \u00e9l\u00e9ments sur leurs pages avec une facilit\u00e9 et une pr\u00e9cision compl\u00e8tes. De plus, le constructeur propose une s\u00e9lection approfondie de dispositions flexibles et de mod\u00e8les pr\u00e9d\u00e9finis, am\u00e9liorant davantage le niveau de personnalisation que les utilisateurs peuvent atteindre.<\/p>\n<p>Un autre aspect incroyablement pr\u00e9cieux de Zion Builder Pro est sa r\u00e9activit\u00e9 compl\u00e8te, ce qui signifie que les pages Web cr\u00e9\u00e9es avec cet outil s&rsquo;adapteront parfaitement et semblent visuellement \u00e9tonnantes sur n&rsquo;importe quel appareil, quelle que soit sa taille ou sa r\u00e9solution d&rsquo;\u00e9cran. Cela garantit que les utilisateurs peuvent pr\u00e9senter en toute confiance leurs sites Web \u00e0 leur public cible, en toute s\u00e9curit\u00e9 en sachant qu&rsquo;ils offriront syst\u00e9matiquement une exp\u00e9rience utilisateur exceptionnelle, quelle que soit leur accession.<\/p>\n<p>De plus, l&rsquo;interface intuitive du constructeur a \u00e9t\u00e9 soigneusement con\u00e7ue pour offrir aux utilisateurs une exp\u00e9rience de navigation transparente et intuitive. Cela signifie que les individus peuvent facilement et facilement localiser et utiliser toutes les caract\u00e9ristiques et fonctions du constructeur, sans rencontrer d&rsquo;obstacles inutiles ou longs. En cons\u00e9quence, les utilisateurs peuvent maximiser leur productivit\u00e9 et leur efficacit\u00e9, ce qui leur permet de consacrer plus de temps et d&rsquo;\u00e9nergie \u00e0 d&rsquo;autres aspects de leurs t\u00e2ches de d\u00e9veloppement Web.<\/p>\n<p>Peut-\u00eatre que l&rsquo;une des caract\u00e9ristiques les plus remarquables et les plus distinctives de Zion Builder Pro est sa remarquable fonctionnalit\u00e9 d&rsquo;aper\u00e7u en temps r\u00e9el. Cette fonctionnalit\u00e9 inestimable permet aux utilisateurs d&rsquo;assister et d&rsquo;observer l&rsquo;impact et l&rsquo;effet de toute modification ou modification qu&rsquo;ils apportent \u00e0 leurs pages Web en temps r\u00e9el. Cela signifie que les utilisateurs peuvent effectuer des ajustements et des raffinements instantan\u00e9s, en veillant \u00e0 ce qu&rsquo;ils atteignent le r\u00e9sultat esth\u00e9tique et fonctionnel souhait\u00e9 sans aucune contest\u00e9 ni incertitude.<\/p>\n<p>En conclusion, que vous soyez un blogueur d\u00e9di\u00e9, un entrepreneur ambitieux ou un d\u00e9veloppeur Web chevronn\u00e9, Zion Builder Pro est incontestablement l&rsquo;outil ultime pour am\u00e9liorer et \u00e9lever votre site Web \u00e0 des hauteurs sans pr\u00e9c\u00e9dent. Avec sa gamme impressionnante de fonctionnalit\u00e9s et de capacit\u00e9s, cet outil exceptionnel permet aux utilisateurs de cr\u00e9er des pages Web visuellement \u00e9tonnantes et hautement fonctionnelles qui sont adapt\u00e9es \u00e0 leurs besoins et pr\u00e9f\u00e9rences sp\u00e9cifiques, le tout dans un environnement incroyablement efficace et convivial. D\u00e9couvrez le pouvoir transformateur de Zion Builder Pro et d\u00e9verrouillez aujourd&rsquo;hui le v\u00e9ritable potentiel de votre site Web.<\/p>\n<ul>\n<li>Construit des pages WordPress rapidement et efficacement<\/li>\n<li>A une interface de glisser-d\u00e9poser intuitive pour une personnalisation facile<\/li>\n<li>Comprend des mod\u00e8les pr\u00e9fabriqu\u00e9s pour une vari\u00e9t\u00e9 de types de pages<\/li>\n<li>Designs enti\u00e8rement r\u00e9actifs et adapt\u00e9s aux mobiles<\/li>\n<li>S&rsquo;int\u00e8gre \u00e0 divers plugins et outils WordPress<\/li>\n<li>Offre des options de conception avanc\u00e9es telles que les personnalisations CSS et le d\u00e9filement de parallaxe<\/li>\n<li>Prend en charge plusieurs langues et plugins de traduction<\/li>\n<li>Donne acc\u00e8s \u00e0 une biblioth\u00e8que de modules compl\u00e9mentaires et de fonctionnalit\u00e9s premium<\/li>\n<li>Offre un support client et des mises \u00e0 jour r\u00e9guli\u00e8res pour am\u00e9liorer les fonctionnalit\u00e9s et l&rsquo;exp\u00e9rience utilisateur<\/li>\n<\/ul>\n","protected":false},"excerpt":{"rendered":"<p>Zion Builder Pro, connu sous le nom de solution ultime pour fabriquer sans effort les sites Web WordPress de frappe visuellement et hautement adaptables, fonctionne avec une vitesse in\u00e9gal\u00e9e. Sa fonctionnalit\u00e9 remarquable est d\u00e9riv\u00e9e d&rsquo;un constructeur de pages intuitif, qui utilise de mani\u00e8re transparente un syst\u00e8me de glisser-d\u00e9poser qui ne n\u00e9cessite aucune expertise de codage pr\u00e9alable. Par cons\u00e9quent, cette fonctionnalit\u00e9 exceptionnelle fait de Zion Builder Pro un choix optimal pour les novices et les professionnels chevronn\u00e9s. En raison de sa vaste gamme de blocs et d&rsquo;\u00e9l\u00e9ments, de style CSS personnalisable et d&rsquo;une interface con\u00e7ue pour la facilit\u00e9 d&rsquo;utilisation, Zion Builder Pro rationalise efficacement le processus, vous \u00e9pargnant le temps et l&rsquo;\u00e9nergie Efforts &#8211; votre contenu. Les adieux affectueux sont soumis \u00e0 des temps de chargement lents, tandis que les salutations jubilatoires sont \u00e9tendues \u00e0 l&rsquo;av\u00e8nement de sites Web extr\u00eamement con\u00e7us et bien termin\u00e9s, tous rendus possibles avec l&rsquo;aimable autorisation de Zion Builder Pro!<\/p>\n","protected":false},"featured_media":146486,"comment_status":"open","ping_status":"open","template":"","meta":[],"product_brand":[2752],"product_cat":[1189,1181,1186],"product_tag":[2240],"class_list":{"0":"post-117009","1":"product","2":"type-product","3":"status-publish","4":"has-post-thumbnail","6":"product_brand-zion","7":"product_cat-personnalisation","8":"product_cat-plugins","9":"product_cat-wordpress-plugins","10":"product_tag-zion","11":"member-discount","12":"discount-restricted","14":"first","15":"instock","16":"sale","17":"downloadable","18":"virtual","19":"sold-individually","20":"purchasable","21":"product-type-simple"},"_links":{"self":[{"href":"https:\/\/gpl-love.com\/fr\/wp-json\/wp\/v2\/product\/117009","targetHints":{"allow":["GET"]}}],"collection":[{"href":"https:\/\/gpl-love.com\/fr\/wp-json\/wp\/v2\/product"}],"about":[{"href":"https:\/\/gpl-love.com\/fr\/wp-json\/wp\/v2\/types\/product"}],"replies":[{"embeddable":true,"href":"https:\/\/gpl-love.com\/fr\/wp-json\/wp\/v2\/comments?post=117009"}],"wp:featuredmedia":[{"embeddable":true,"href":"https:\/\/gpl-love.com\/fr\/wp-json\/wp\/v2\/media\/146486"}],"wp:attachment":[{"href":"https:\/\/gpl-love.com\/fr\/wp-json\/wp\/v2\/media?parent=117009"}],"wp:term":[{"taxonomy":"product_brand","embeddable":true,"href":"https:\/\/gpl-love.com\/fr\/wp-json\/wp\/v2\/product_brand?post=117009"},{"taxonomy":"product_cat","embeddable":true,"href":"https:\/\/gpl-love.com\/fr\/wp-json\/wp\/v2\/product_cat?post=117009"},{"taxonomy":"product_tag","embeddable":true,"href":"https:\/\/gpl-love.com\/fr\/wp-json\/wp\/v2\/product_tag?post=117009"}],"curies":[{"name":"wp","href":"https:\/\/api.w.org\/{rel}","templated":true}]}}