{"id":117007,"date":"2021-08-17T00:00:00","date_gmt":"2021-08-16T22:00:00","guid":{"rendered":"http:\/\/gpl-love.com\/fr\/produit\/ultimate-product-catalog-wordpress-plugin\/"},"modified":"2026-04-10T18:44:19","modified_gmt":"2026-04-10T16:44:19","slug":"ultimate-product-catalog-wordpress-plugin","status":"publish","type":"product","link":"https:\/\/gpl-love.com\/fr\/produit\/ultimate-product-catalog-wordpress-plugin\/","title":{"rendered":"Ultimate Product Catalog WordPress Plugin 5.0.17"},"content":{"rendered":"<h3>Ultimate Product Catalog WordPress Plugin Traits<\/h3>\n<p>Le catalogue de produits ultime WordPress Plugin se pr\u00e9sente comme la solution id\u00e9ale pour les entreprises qui cherchent \u00e0 optimiser leur processus de gestion de catalogue de produits. Ce plugin exceptionnellement robuste permet aux utilisateurs de g\u00e9n\u00e9rer et de superviser une multitude illimit\u00e9e de catalogues de produits, remplis de visuels captivants, de descriptions compl\u00e8tes et d&rsquo;informations de prix pr\u00e9cises. Par son interface conviviale et ses fonctionnalit\u00e9s navigables sans effort, on peut acc\u00e9l\u00e9rer rapidement et sans effort son inventaire avec des marchandises fra\u00eeches, r\u00e9viser les \u00e9l\u00e9ments pr\u00e9existants et cat\u00e9goriser m\u00e9ticuleusement les catalogues en fonction de leurs genres ou marques respectifs. De plus, le plugin est enti\u00e8rement personnalisable, offrant aux utilisateurs la capacit\u00e9 in\u00e9gal\u00e9e \u00e0 exercer une licence artistique compl\u00e8te dans la cr\u00e9ation de l&rsquo;esth\u00e9tique et de l&rsquo;interface de leurs catalogues. Que l&rsquo;on pr\u00e9sente un \u00e9tablissement modeste et ind\u00e9pendant ou une entit\u00e9 d&rsquo;entreprise prosp\u00e8re, le plugin ultime du catalogue de produits WordPress sera indubitablement un instrument indispensable dans la gestion de son catalogue de produits virtuels.<\/p>\n<ul>\n<li>Cr\u00e9ation et gestion de catalogue de produits faciles et intuitifs avec WordPress<\/li>\n<li>Options de mise en page personnalisables pour s&rsquo;adapter \u00e0 la conception et \u00e0 la marque de votre site Web<\/li>\n<li>Conception r\u00e9active, rendant votre catalogue de produits accessible sur n&rsquo;importe quel appareil<\/li>\n<li>Capacit\u00e9s de filtrage et de recherche avanc\u00e9es pour une exp\u00e9rience utilisateur transparente<\/li>\n<li>Cat\u00e9gorisation de produits flexibles et options de marquage<\/li>\n<li>Int\u00e9gration avec des plateformes de commerce \u00e9lectronique populaires telles que WooCommerce et les t\u00e9l\u00e9chargements num\u00e9riques faciles<\/li>\n<li>Option pour plusieurs images et galeries de produits, avec des fonctionnalit\u00e9s de zoom<\/li>\n<li>Boutons de partage des m\u00e9dias sociaux int\u00e9gr\u00e9s pour le partage de produits faciles sur Facebook, Twitter, et plus encore<\/li>\n<li>Option pour plusieurs variations de produits, avec des prix individuels et une gestion des stocks<\/li>\n<li>Support multilingue, pour r\u00e9pondre \u00e0 une client\u00e8le mondiale.<\/li>\n<\/ul>\n","protected":false},"excerpt":{"rendered":"<p>Le plugin Ultimate Product Catalog WordPress est une solution tr\u00e8s sophistiqu\u00e9e et exceptionnelle qui vous permet de g\u00e9n\u00e9rer sans effort des catalogues de produits de premier ordre et de pointe sur votre site Web WordPress. Il poss\u00e8de une gamme d&rsquo;options de personnalisation simple \u00e0 utiliser et de fonctionnalit\u00e9s innovantes conviviales, vous permettant de fa\u00e7onner rapidement et efficacement un catalogue enti\u00e8rement r\u00e9actif et dynamique qui pr\u00e9sente efficacement vos produits de la mani\u00e8re la plus optimale et captivante imaginable. Ce plugin remarquable s&rsquo;adresse de mani\u00e8re transparente \u00e0 la diversit\u00e9 de produits que vous poss\u00e9dez, adaptant parfaitement des cat\u00e9gories, des sous-cat\u00e9gories et des filtres illimit\u00e9s. En tirant parti des capacit\u00e9s in\u00e9gal\u00e9es du plugin WordPress de catalogue de produits ultimes, vous pouvez afficher efficacement vos produits et amplifier consid\u00e9rablement vos ventes, propulsant ainsi votre entreprise \u00e0 des hauteurs sans pr\u00e9c\u00e9dent.<\/p>\n","protected":false},"featured_media":145651,"comment_status":"open","ping_status":"open","template":"","meta":[],"product_brand":[2680],"product_cat":[1189,1181,1186],"product_tag":[1890],"class_list":{"0":"post-117007","1":"product","2":"type-product","3":"status-publish","4":"has-post-thumbnail","6":"product_brand-etoile","7":"product_cat-personnalisation","8":"product_cat-plugins","9":"product_cat-wordpress-plugins","10":"product_tag-etoile","11":"member-discount","12":"discount-restricted","14":"first","15":"instock","16":"sale","17":"downloadable","18":"virtual","19":"sold-individually","20":"purchasable","21":"product-type-simple"},"_links":{"self":[{"href":"https:\/\/gpl-love.com\/fr\/wp-json\/wp\/v2\/product\/117007","targetHints":{"allow":["GET"]}}],"collection":[{"href":"https:\/\/gpl-love.com\/fr\/wp-json\/wp\/v2\/product"}],"about":[{"href":"https:\/\/gpl-love.com\/fr\/wp-json\/wp\/v2\/types\/product"}],"replies":[{"embeddable":true,"href":"https:\/\/gpl-love.com\/fr\/wp-json\/wp\/v2\/comments?post=117007"}],"wp:featuredmedia":[{"embeddable":true,"href":"https:\/\/gpl-love.com\/fr\/wp-json\/wp\/v2\/media\/145651"}],"wp:attachment":[{"href":"https:\/\/gpl-love.com\/fr\/wp-json\/wp\/v2\/media?parent=117007"}],"wp:term":[{"taxonomy":"product_brand","embeddable":true,"href":"https:\/\/gpl-love.com\/fr\/wp-json\/wp\/v2\/product_brand?post=117007"},{"taxonomy":"product_cat","embeddable":true,"href":"https:\/\/gpl-love.com\/fr\/wp-json\/wp\/v2\/product_cat?post=117007"},{"taxonomy":"product_tag","embeddable":true,"href":"https:\/\/gpl-love.com\/fr\/wp-json\/wp\/v2\/product_tag?post=117007"}],"curies":[{"name":"wp","href":"https:\/\/api.w.org\/{rel}","templated":true}]}}