{"id":117005,"date":"2022-02-09T00:00:00","date_gmt":"2022-02-08T23:00:00","guid":{"rendered":"http:\/\/gpl-love.com\/fr\/produit\/woocommerce-step-filter\/"},"modified":"2026-03-20T23:48:03","modified_gmt":"2026-03-20T22:48:03","slug":"woocommerce-step-filter","status":"publish","type":"product","link":"https:\/\/gpl-love.com\/fr\/produit\/woocommerce-step-filter\/","title":{"rendered":"WooCommerce Step Filter 8.1.0"},"content":{"rendered":"<h3>WooCommerce Step Filter Traits<\/h3>\n<p>WooCommerce Step Filter, un plugin incroyablement robuste et convivial, accorde aux propri\u00e9taires de la boutique en ligne la possibilit\u00e9 d&rsquo;int\u00e9grer de mani\u00e8re transparente une fonctionnalit\u00e9 de filtre \u00e0 \u00e9tape personnalis\u00e9e dans leurs pages de produits WooCommerce. Arm\u00e9s de ce plugin remarquable, les clients peuvent tamiser et organiser sans effort les produits en fonction d&rsquo;une gamme d&rsquo;attributs, allant du prix \u00e0 la taille \u00e0 la couleur. Cette fonctionnalit\u00e9 inestimable \u00e9conomise efficacement le temps et \u00e9l\u00e8ve l&rsquo;exp\u00e9rience d&rsquo;achat globale des clients, ce qui entra\u00eene une augmentation des ventes et une satisfaction des clients. De plus, le processus d&rsquo;installation de ce plugin est un jeu d&rsquo;enfant, et il poss\u00e8de une myriade d&rsquo;options de personnalisation, ce qui le rend polyvalent et adaptable \u00e0 une vari\u00e9t\u00e9 de magasins en ligne. Sans aucun doute, WooCommerce Step Filter est sans \u00e9quivoque un outil indispensable pour toute boutique en ligne cherchant \u00e0 augmenter et \u00e0 optimiser son syst\u00e8me de filtrage de produit existant.<\/p>\n<ul>\n<li>Interface facile \u00e0 utiliser pour filtrer les produits sur votre site WooCommerce<\/li>\n<li>Permet aux clients de trouver rapidement les produits qu&rsquo;ils recherchent<\/li>\n<li>Personnalisez les options de filtre pour s&rsquo;adapter \u00e0 vos cat\u00e9gories de produits sp\u00e9cifiques<\/li>\n<li>Filtre par attributs de produit tels que la couleur, la taille et le prix<\/li>\n<li>Mobile optimis\u00e9 pour le filtrage transparent sur n&rsquo;importe quel appareil<\/li>\n<li>Fonctionne de mani\u00e8re transparente avec les variations de produits WooCommerce et les produits variables<\/li>\n<li>Augmente la satisfaction du client en offrant une exp\u00e9rience d&rsquo;achat rationalis\u00e9e<\/li>\n<li>Gauche du temps pour les clients et les propri\u00e9taires de magasins en r\u00e9duisant le besoin de recherches de produits manuels<\/li>\n<li>Peut \u00eatre facilement int\u00e9gr\u00e9 dans n&rsquo;importe quel site woocommerce sans connaissances de codage<\/li>\n<li>Compatible avec les plugins et addons tiers populaires populaires.<\/li>\n<\/ul>\n","protected":false},"excerpt":{"rendered":"<p>WooCommerce Step Filter, qui est un outil de filtrage intuitif et puissant, est con\u00e7u pour aider les acheteurs \u00e0 localiser efficacement les produits souhait\u00e9s dans votre magasin WooCommerce. Ce plugin remarquable int\u00e8gre le filtrage \u00e9tape par \u00e9tape, permettant aux clients d&rsquo;affiner facilement leurs r\u00e9sultats de recherche en s\u00e9lectionnant plusieurs attributs, y compris la couleur, la taille et la gamme de prix, entre autres. De plus, cet outil garantit une exp\u00e9rience utilisateur transparente en fournissant aux acheteurs des r\u00e9sultats filtr\u00e9s en temps r\u00e9el, \u00e9liminant le besoin de rechargement des pages. De plus, WooCommerce Step Filter offre des options de personnalisation avanc\u00e9es, vous accordant la possibilit\u00e9 d&rsquo;ajuster m\u00e9ticuleusement les widgets de filtrage pour s&rsquo;aligner sur la conception et la marque unique de votre magasin. En utilisant le filtre de pas WooCommerce, vous pouvez optimiser l&rsquo;exp\u00e9rience d&rsquo;achat de vos clients et am\u00e9liorer consid\u00e9rablement vos performances de vente.<\/p>\n","protected":false},"featured_media":146041,"comment_status":"open","ping_status":"open","template":"","meta":[],"product_brand":[2435],"product_cat":[1182,1223,1181],"product_tag":[1231],"class_list":{"0":"post-117005","1":"product","2":"type-product","3":"status-publish","4":"has-post-thumbnail","6":"product_brand-codecanyon","7":"product_cat-commerce-electronique-plugins","8":"product_cat-personnalisation-commerce-electronique-plugins","9":"product_cat-plugins","10":"product_tag-codecanyon","11":"member-discount","12":"discount-restricted","14":"first","15":"instock","16":"sale","17":"downloadable","18":"virtual","19":"sold-individually","20":"purchasable","21":"product-type-simple"},"_links":{"self":[{"href":"https:\/\/gpl-love.com\/fr\/wp-json\/wp\/v2\/product\/117005","targetHints":{"allow":["GET"]}}],"collection":[{"href":"https:\/\/gpl-love.com\/fr\/wp-json\/wp\/v2\/product"}],"about":[{"href":"https:\/\/gpl-love.com\/fr\/wp-json\/wp\/v2\/types\/product"}],"replies":[{"embeddable":true,"href":"https:\/\/gpl-love.com\/fr\/wp-json\/wp\/v2\/comments?post=117005"}],"wp:featuredmedia":[{"embeddable":true,"href":"https:\/\/gpl-love.com\/fr\/wp-json\/wp\/v2\/media\/146041"}],"wp:attachment":[{"href":"https:\/\/gpl-love.com\/fr\/wp-json\/wp\/v2\/media?parent=117005"}],"wp:term":[{"taxonomy":"product_brand","embeddable":true,"href":"https:\/\/gpl-love.com\/fr\/wp-json\/wp\/v2\/product_brand?post=117005"},{"taxonomy":"product_cat","embeddable":true,"href":"https:\/\/gpl-love.com\/fr\/wp-json\/wp\/v2\/product_cat?post=117005"},{"taxonomy":"product_tag","embeddable":true,"href":"https:\/\/gpl-love.com\/fr\/wp-json\/wp\/v2\/product_tag?post=117005"}],"curies":[{"name":"wp","href":"https:\/\/api.w.org\/{rel}","templated":true}]}}