{"id":117003,"date":"2026-01-10T00:00:00","date_gmt":"2026-01-09T23:00:00","guid":{"rendered":"http:\/\/gpl-love.com\/fr\/produit\/fibosearch-ajax-search-pour-woocommerce-pro\/"},"modified":"2026-03-20T23:05:45","modified_gmt":"2026-03-20T22:05:45","slug":"fibosearch-ajax-search-pour-woocommerce-pro","status":"publish","type":"product","link":"https:\/\/gpl-love.com\/fr\/produit\/fibosearch-ajax-search-pour-woocommerce-pro\/","title":{"rendered":"FiboSearch AJAX Search pour WooCommerce Pro 1.32.2"},"content":{"rendered":"<h3>FiboSearch AJAX Search pour WooCommerce Pro Traits<\/h3>\n<p>Fibosearch Ajax Search for WooCommerce Pro est un outil de recherche incroyablement robuste et puissant qui am\u00e9liore consid\u00e9rablement l&rsquo;exp\u00e9rience d&rsquo;achat globale des clients qui utilisent la plate-forme WooCommerce. Cet outil exceptionnel utilise une technologie de recherche tr\u00e8s avanc\u00e9e, permettant aux clients de localiser sans effort et efficacement les produits pr\u00e9cis qu&rsquo;ils d\u00e9sirent, les r\u00e9sultats de recherche apparaissant dynamiquement en temps r\u00e9el lorsqu&rsquo;ils s&rsquo;engagent dans leur requ\u00eate de recherche. De plus, ce plugin remarquable offre m\u00eame la caract\u00e9ristique remarquable de la fourniture d&rsquo;une interface de recherche enti\u00e8rement personnalisable, ce qui permet aux commer\u00e7ants d&rsquo;aligner de mani\u00e8re transparente la barre de recherche avec l&rsquo;esth\u00e9tique de marque unique de leur magasin. En outre, la recherche FibOSearch Ajax pour WooCommerce Pro fournit \u00e9galement un support multilingue exceptionnel, permettant aux commer\u00e7ants de r\u00e9pondre facilement \u00e0 une client\u00e8le internationale. De plus, cet outil exceptionnel a subi une optimisation m\u00e9ticuleuse pour assurer une exp\u00e9rience transparente et impeccable pour les utilisateurs d&rsquo;appareils mobiles. Avec son interface incroyablement conviviale et ses capacit\u00e9s de recherche avanc\u00e9es in\u00e9gal\u00e9es, il est ind\u00e9niable que la recherche FibOSearch Ajax pour WooCommerce Pro soit un ajout inestimable et indispensable \u00e0 toute boutique en ligne, accordant un niveau d&rsquo;efficacit\u00e9 in\u00e9gal\u00e9 et de commodit\u00e9 \u00e0 la fois aux clients et aux marchands.<\/p>\n<ul>\n<li>Fonctionnalit\u00e9 de recherche am\u00e9lior\u00e9e: la recherche Fibosearch Ajax pour WooCommerce Pro am\u00e9liore la fonctionnalit\u00e9 de recherche de votre magasin WooCommerce en ajoutant une barre de recherche rapide et pr\u00e9cise \u00e0 votre site Web.<\/li>\n<li>Bar de recherche personnalisable: vous pouvez personnaliser la barre de recherche avec votre police, votre couleur et votre style pr\u00e9f\u00e9r\u00e9s pour correspondre \u00e0 la marque de votre site Web.<\/li>\n<li>Compatible avec les th\u00e8mes WooCommerce: le plugin est enti\u00e8rement compatible avec tous les th\u00e8mes WooCommerce et s&rsquo;int\u00e8gre parfaitement \u00e0 votre site Web.<\/li>\n<li>R\u00e9sultats de recherche en direct: Fibosearch Ajax Search for WooCommerce Pro fournit des r\u00e9sultats de recherche en temps r\u00e9el lorsque vous tapez et affichez sous la barre de recherche.<\/li>\n<li>Affichage des donn\u00e9es du produit: le plugin affiche non seulement les titres des produits, mais aussi l&rsquo;image, le nom, le prix et la description du produit dans la recherche et les r\u00e9sultats.<\/li>\n<li>Analytique et informations: vous pouvez suivre les recherches de clients, les recherches manqu\u00e9es et les recherches populaires et utiliser les donn\u00e9es pour prendre des d\u00e9cisions commerciales \u00e9clair\u00e9es.<\/li>\n<li>Associ\u00e9 aux mobiles: le plugin est optimis\u00e9 pour les appareils mobiles afin que les clients en d\u00e9placement puissent facilement rechercher des produits sans difficult\u00e9.<\/li>\n<\/ul>\n","protected":false},"excerpt":{"rendered":"<p>Fibosearch Ajax Search for WooCommerce Pro est un outil de recherche exceptionnellement robuste et efficace m\u00e9ticuleusement con\u00e7u pour r\u00e9pondre aux besoins sp\u00e9cifiques des magasins en ligne qui fonctionnent sur la plate-forme WooCommerce. En int\u00e9grant de mani\u00e8re transparente dans votre site Web, cet outil remarquable permet \u00e0 vos clients estim\u00e9s de naviguer sans effort dans votre vaste inventaire de produits, \u00e9liminant la t\u00e2che ardue de rafra\u00eechir manuellement la page pour afficher les r\u00e9sultats de la recherche. B\u00e9n\u00e9ficiant d&rsquo;une interface utilisateur tr\u00e8s intuitive, ce plugin propose une gamme de fonctionnalit\u00e9s de recherche sophistiqu\u00e9es, y compris, mais sans s&rsquo;y limiter, la saisie semi-automatique, le filtrage des produits et les suggestions de produits. En exploitant la puissance de Fibosearch, vous pouvez \u00e9lever le parcours de magasinage de vos clients, facilitant une augmentation exponentielle des conversions, car elle facilite leur exploration transparente des produits qu&rsquo;ils recherchent ardemment.<\/p>\n","protected":false},"featured_media":143860,"comment_status":"open","ping_status":"open","template":"","meta":[],"product_brand":[2546],"product_cat":[1182,1223,1181],"product_tag":[2239],"class_list":{"0":"post-117003","1":"product","2":"type-product","3":"status-publish","4":"has-post-thumbnail","6":"product_brand-fibosearch","7":"product_cat-commerce-electronique-plugins","8":"product_cat-personnalisation-commerce-electronique-plugins","9":"product_cat-plugins","10":"product_tag-fibosearch","11":"member-discount","12":"discount-restricted","14":"first","15":"instock","16":"sale","17":"downloadable","18":"virtual","19":"sold-individually","20":"purchasable","21":"product-type-simple"},"_links":{"self":[{"href":"https:\/\/gpl-love.com\/fr\/wp-json\/wp\/v2\/product\/117003","targetHints":{"allow":["GET"]}}],"collection":[{"href":"https:\/\/gpl-love.com\/fr\/wp-json\/wp\/v2\/product"}],"about":[{"href":"https:\/\/gpl-love.com\/fr\/wp-json\/wp\/v2\/types\/product"}],"replies":[{"embeddable":true,"href":"https:\/\/gpl-love.com\/fr\/wp-json\/wp\/v2\/comments?post=117003"}],"wp:featuredmedia":[{"embeddable":true,"href":"https:\/\/gpl-love.com\/fr\/wp-json\/wp\/v2\/media\/143860"}],"wp:attachment":[{"href":"https:\/\/gpl-love.com\/fr\/wp-json\/wp\/v2\/media?parent=117003"}],"wp:term":[{"taxonomy":"product_brand","embeddable":true,"href":"https:\/\/gpl-love.com\/fr\/wp-json\/wp\/v2\/product_brand?post=117003"},{"taxonomy":"product_cat","embeddable":true,"href":"https:\/\/gpl-love.com\/fr\/wp-json\/wp\/v2\/product_cat?post=117003"},{"taxonomy":"product_tag","embeddable":true,"href":"https:\/\/gpl-love.com\/fr\/wp-json\/wp\/v2\/product_tag?post=117003"}],"curies":[{"name":"wp","href":"https:\/\/api.w.org\/{rel}","templated":true}]}}