{"id":116996,"date":"2024-02-07T00:00:00","date_gmt":"2024-02-06T23:00:00","guid":{"rendered":"http:\/\/gpl-love.com\/fr\/produit\/mycred-sms-payments-twilio-transfers\/"},"modified":"2026-04-10T18:32:30","modified_gmt":"2026-04-10T16:32:30","slug":"mycred-sms-payments-twilio-transfers","status":"publish","type":"product","link":"https:\/\/gpl-love.com\/fr\/produit\/mycred-sms-payments-twilio-transfers\/","title":{"rendered":"myCred SMS Payments Twilio Transfers 1.0.6"},"content":{"rendered":"<h3>myCred SMS Payments Twilio Transfers Traits<\/h3>\n<p>MyCred SMS Payments Twilio Transferts est un syst\u00e8me de paiement robuste qui offre aux entreprises la commodit\u00e9 de effectuer sans effort des transactions via des messages texte, permettant ainsi une exp\u00e9rience de traitement de paiement transparent et efficace. L&rsquo;utilisation de Twilio, une plate-forme de messagerie renomm\u00e9e acclam\u00e9e pour sa fiabilit\u00e9 in\u00e9branlable et ses mesures de s\u00e9curit\u00e9 solides, am\u00e9liore encore l&rsquo;efficacit\u00e9 de cet outil. Gr\u00e2ce \u00e0 l&rsquo;incorporation de la technologie de pointe de MyCred, les entreprises peuvent rationaliser leurs processus de paiement, entra\u00eenant ainsi une r\u00e9duction des co\u00fbts de transaction et une augmentation de l&rsquo;engagement des clients. Cette solution exceptionnelle s&rsquo;adresse \u00e0 la fois aux entreprises \u00e0 petite \u00e9chelle et aux grandes soci\u00e9t\u00e9s, garantissant que toutes les entit\u00e9s peuvent \u00e9lever leurs syst\u00e8mes de paiement \u00e0 des niveaux de r\u00e9ussite sans pr\u00e9c\u00e9dent.<\/p>\n<ul>\n<li>Permet aux utilisateurs de effectuer des paiements via SMS \u00e0 l&rsquo;aide du plugin MyCred<\/li>\n<li>Utilise la technologie Twilio pour des transferts s\u00e9curis\u00e9s et fiables<\/li>\n<li>Peut \u00eatre facilement int\u00e9gr\u00e9 dans les configurations MyCred existantes<\/li>\n<li>Fournit des options de paiement pratiques aux clients qui pr\u00e9f\u00e8rent les SMS aux autres m\u00e9thodes de paiement<\/li>\n<li>R\u00e9duit le temps de traitement des paiements et rationalise les transactions<\/li>\n<li>Offre des mises \u00e0 jour et des confirmations de paiement en temps r\u00e9el via SMS<\/li>\n<li>Fournit une garantie accrue des paiements par le biais de mesures de v\u00e9rification<\/li>\n<li>Peut \u00eatre personnalis\u00e9 pour r\u00e9pondre aux besoins et pr\u00e9f\u00e9rences de paiement sp\u00e9cifiques<\/li>\n<\/ul>\n","protected":false},"excerpt":{"rendered":"<p>La fonctionnalit\u00e9 Twilio Transferts MyCred Payments Twilio pr\u00e9sente une opportunit\u00e9 pour les utilisateurs de s&rsquo;engager commod\u00e9ment dans des transactions de paiement via SMS en tirant parti de la plate-forme Twilio. En capitalisant sur cette fonctionnalit\u00e9, les utilisateurs peuvent transf\u00e9rer rapidement et de mani\u00e8re fiable les fonds \u00e0 des autres utilisateurs ou aux entreprises via le processus transparent d&rsquo;envoi d&rsquo;un SMS. Ce syst\u00e8me de paiement a \u00e9t\u00e9 m\u00e9ticuleusement con\u00e7u pour hi\u00e9rarchiser la vitesse, la commodit\u00e9 et la s\u00e9curit\u00e9, ce qui le rend une r\u00e9solution tr\u00e8s appropri\u00e9e pour les personnes n\u00e9cessitant la capacit\u00e9 de effectuer des paiements mobiles sans effort pendant leur d\u00e9placement.<\/p>\n","protected":false},"featured_media":144626,"comment_status":"open","ping_status":"open","template":"","meta":[],"product_brand":[2599],"product_cat":[1189,1181,1186],"product_tag":[2238],"class_list":{"0":"post-116996","1":"product","2":"type-product","3":"status-publish","4":"has-post-thumbnail","6":"product_brand-mycred","7":"product_cat-personnalisation","8":"product_cat-plugins","9":"product_cat-wordpress-plugins","10":"product_tag-mycred","11":"member-discount","12":"discount-restricted","14":"first","15":"instock","16":"sale","17":"downloadable","18":"virtual","19":"sold-individually","20":"purchasable","21":"product-type-simple"},"_links":{"self":[{"href":"https:\/\/gpl-love.com\/fr\/wp-json\/wp\/v2\/product\/116996","targetHints":{"allow":["GET"]}}],"collection":[{"href":"https:\/\/gpl-love.com\/fr\/wp-json\/wp\/v2\/product"}],"about":[{"href":"https:\/\/gpl-love.com\/fr\/wp-json\/wp\/v2\/types\/product"}],"replies":[{"embeddable":true,"href":"https:\/\/gpl-love.com\/fr\/wp-json\/wp\/v2\/comments?post=116996"}],"wp:featuredmedia":[{"embeddable":true,"href":"https:\/\/gpl-love.com\/fr\/wp-json\/wp\/v2\/media\/144626"}],"wp:attachment":[{"href":"https:\/\/gpl-love.com\/fr\/wp-json\/wp\/v2\/media?parent=116996"}],"wp:term":[{"taxonomy":"product_brand","embeddable":true,"href":"https:\/\/gpl-love.com\/fr\/wp-json\/wp\/v2\/product_brand?post=116996"},{"taxonomy":"product_cat","embeddable":true,"href":"https:\/\/gpl-love.com\/fr\/wp-json\/wp\/v2\/product_cat?post=116996"},{"taxonomy":"product_tag","embeddable":true,"href":"https:\/\/gpl-love.com\/fr\/wp-json\/wp\/v2\/product_tag?post=116996"}],"curies":[{"name":"wp","href":"https:\/\/api.w.org\/{rel}","templated":true}]}}