{"id":116994,"date":"2021-12-30T00:00:00","date_gmt":"2021-12-29T23:00:00","guid":{"rendered":"http:\/\/gpl-love.com\/fr\/produit\/mycred-pour-users-ultra\/"},"modified":"2026-03-20T23:26:06","modified_gmt":"2026-03-20T22:26:06","slug":"mycred-pour-users-ultra","status":"publish","type":"product","link":"https:\/\/gpl-love.com\/fr\/produit\/mycred-pour-users-ultra\/","title":{"rendered":"myCred pour Users Ultra 1.0.2"},"content":{"rendered":"<h3>myCred pour Users Ultra Traits<\/h3>\n<p>MyCred for Users Ultra est un syst\u00e8me de gestion des points global con\u00e7u pour permettre aux propri\u00e9taires de sites Web d&rsquo;inciter efficacement leurs utilisateurs pour s&rsquo;engager dans une vari\u00e9t\u00e9 d&rsquo;activit\u00e9s sur leur site. Ce syst\u00e8me a int\u00e9gr\u00e9 de mani\u00e8re transparente se combine harmonieusement avec le plugin Ultra Ultra, une plate-forme robuste offrant des capacit\u00e9s de gestion des utilisateurs sophistiqu\u00e9es et des fonctionnalit\u00e9s de r\u00e9seautage social, r\u00e9sultant en une solution remarquablement puissante et adaptable pour optimiser l&rsquo;engagement des utilisateurs. En tirant parti de MyCred pour les utilisateurs Ultra, les propri\u00e9taires de sites Web sont autoris\u00e9s \u00e0 \u00e9tablir sans effort des syst\u00e8mes de points personnalis\u00e9s, \u00e0 donner g\u00e9n\u00e9reusement des points aux utilisateurs pour des actions telles que la connexion, la cr\u00e9ation et le partage de contenu sur les r\u00e9seaux sociaux, et m\u00eame la promotion d&rsquo;un sentiment de concurrence saine entre les utilisateurs en cr\u00e9ant classements et badges. Le plugin poss\u00e8de \u00e9galement un \u00e9ventail de fonctionnalit\u00e9s avanc\u00e9es, y compris les transferts ponctuels, l&rsquo;expiration des points et les achats de points, accordant ainsi aux propri\u00e9taires de sites Web la possibilit\u00e9 de mon\u00e9tiser efficacement leur plate-forme en vendant des points de vente ou en offrant aux utilisateurs la possibilit\u00e9 d&rsquo;acqu\u00e9rir des r\u00e9compenses avec leurs points accumul\u00e9s. Dans l&rsquo;ensemble, MyCred for Users Ultra repr\u00e9sente un outil exceptionnel pour les propri\u00e9taires de sites Web qui aspirent \u00e0 am\u00e9liorer l&rsquo;engagement et la fid\u00e9lit\u00e9 des utilisateurs, tout en g\u00e9n\u00e9rant des revenus substantiels \u00e0 partir de leur site.<\/p>\n<ul>\n<li>MyCred for Users Ultra est un plugin polyvalent et convivial con\u00e7u pour am\u00e9liorer votre site WordPress avec des fonctionnalit\u00e9s de gamification.<\/li>\n<li>Avec MyCred pour les utilisateurs Ultra, vous pouvez cr\u00e9er des badges, des rangs, des points et des r\u00e9compenses personnalis\u00e9s pour vos utilisateurs, les incitant \u00e0 interagir avec votre site et \u00e0 cr\u00e9er du contenu.<\/li>\n<li>Le plugin est enti\u00e8rement int\u00e9gr\u00e9 aux utilisateurs Ultra, un plugin de gestion des utilisateurs populaire, vous permettant d&rsquo;attribuer facilement des points et des r\u00e9compenses en fonction du comportement et de l&rsquo;engagement des utilisateurs.<\/li>\n<li>MyCred for Users Ultra prend en charge une large gamme de crochets d&rsquo;activit\u00e9 et de d\u00e9clencheurs, vous donnant un contr\u00f4le complet sur la fa\u00e7on dont les points et les r\u00e9compenses sont gagn\u00e9s et attribu\u00e9s.<\/li>\n<li>Le plugin comprend \u00e9galement des fonctionnalit\u00e9s de journal et de rapport puissantes, vous permettant de suivre l&rsquo;activit\u00e9 des utilisateurs et les soldes de points en temps r\u00e9el.<\/li>\n<li>Que ce soit en r\u00e9compensant les utilisateurs pour commenter, partager du contenu ou compl\u00e9ter les autres actions souhait\u00e9es, MyCred for Users Ultra fait de la gamification de votre site WordPress.<\/li>\n<\/ul>\n","protected":false},"excerpt":{"rendered":"<p>Pr\u00e9sentation de MyCred pour les utilisateurs Ultra, un syst\u00e8me extraordinaire de r\u00e9compenses et de gestion des points con\u00e7us sp\u00e9cifiquement pour votre site Web, d\u00e9passant tous les autres dans ses capacit\u00e9s. Avec MyCred \u00e0 votre disposition, vous poss\u00e9dez le pouvoir d&rsquo;\u00e9laborer des exp\u00e9riences gratifiantes pour vos pr\u00e9cieux utilisateurs, les motivant efficacement \u00e0 revenir \u00e0 plusieurs reprises et \u00e0 vous engager de tout c\u0153ur avec votre contenu remarquable. Les utilisateurs seront agr\u00e9ablement surpris de d\u00e9couvrir qu&rsquo;ils peuvent accumuler sans effort des points en participant \u00e0 une multitude d&rsquo;actions, allant du simple acte d&rsquo;enregistrement ou de connexion, aux t\u00e2ches plus impliqu\u00e9es de publication de commentaires pr\u00e9cieux ou m\u00eame de l&rsquo;achat convoit\u00e9. Ces points, commod\u00e9ment tra\u00e7ables et \u00e9changeables, accordent g\u00e9n\u00e9reusement aux utilisateurs la possibilit\u00e9 de les \u00e9changer contre un \u00e9ventail de d\u00e9licieuses r\u00e9compenses et des avantages exclusifs. Cependant, la vraie Marvel r\u00e9side dans le compl\u00e9ment MyCred for Users Ultra, qui propulse ce plugin d\u00e9j\u00e0 remarquable \u00e0 des hauteurs sans pr\u00e9c\u00e9dent en vous accordant un acc\u00e8s \u00e0 une large gamme d&rsquo;options de personnalisation suppl\u00e9mentaires et \u00e0 des int\u00e9grations transparentes avec d&rsquo;autres plugins WordPress tr\u00e8s acclam\u00e9s. Profitez de cet outil puissant et assistez \u00e0 une augmentation substantielle de l&rsquo;engagement et de la r\u00e9tention des utilisateurs avec MyCred impressionnant pour les utilisateurs Ultra.<\/p>\n","protected":false},"featured_media":144615,"comment_status":"open","ping_status":"open","template":"","meta":[],"product_brand":[2599],"product_cat":[1189,1181,1186],"product_tag":[2238],"class_list":{"0":"post-116994","1":"product","2":"type-product","3":"status-publish","4":"has-post-thumbnail","6":"product_brand-mycred","7":"product_cat-personnalisation","8":"product_cat-plugins","9":"product_cat-wordpress-plugins","10":"product_tag-mycred","11":"member-discount","12":"discount-restricted","14":"first","15":"instock","16":"sale","17":"downloadable","18":"virtual","19":"sold-individually","20":"purchasable","21":"product-type-simple"},"_links":{"self":[{"href":"https:\/\/gpl-love.com\/fr\/wp-json\/wp\/v2\/product\/116994","targetHints":{"allow":["GET"]}}],"collection":[{"href":"https:\/\/gpl-love.com\/fr\/wp-json\/wp\/v2\/product"}],"about":[{"href":"https:\/\/gpl-love.com\/fr\/wp-json\/wp\/v2\/types\/product"}],"replies":[{"embeddable":true,"href":"https:\/\/gpl-love.com\/fr\/wp-json\/wp\/v2\/comments?post=116994"}],"wp:featuredmedia":[{"embeddable":true,"href":"https:\/\/gpl-love.com\/fr\/wp-json\/wp\/v2\/media\/144615"}],"wp:attachment":[{"href":"https:\/\/gpl-love.com\/fr\/wp-json\/wp\/v2\/media?parent=116994"}],"wp:term":[{"taxonomy":"product_brand","embeddable":true,"href":"https:\/\/gpl-love.com\/fr\/wp-json\/wp\/v2\/product_brand?post=116994"},{"taxonomy":"product_cat","embeddable":true,"href":"https:\/\/gpl-love.com\/fr\/wp-json\/wp\/v2\/product_cat?post=116994"},{"taxonomy":"product_tag","embeddable":true,"href":"https:\/\/gpl-love.com\/fr\/wp-json\/wp\/v2\/product_tag?post=116994"}],"curies":[{"name":"wp","href":"https:\/\/api.w.org\/{rel}","templated":true}]}}