{"id":116992,"date":"2025-08-09T00:00:00","date_gmt":"2025-08-08T22:00:00","guid":{"rendered":"http:\/\/gpl-love.com\/fr\/produit\/mycred-video-add-on-for-vimeo\/"},"modified":"2026-04-10T18:32:34","modified_gmt":"2026-04-10T16:32:34","slug":"mycred-video-add-on-for-vimeo","status":"publish","type":"product","link":"https:\/\/gpl-love.com\/fr\/produit\/mycred-video-add-on-for-vimeo\/","title":{"rendered":"myCred Video Add on For Vimeo 1.3.4"},"content":{"rendered":"<h3>myCred Video Add on For Vimeo Traits<\/h3>\n<p>L&rsquo;ajout de vid\u00e9o MyCred pour Vimeo poss\u00e8de un repertoire formidable en tant qu&rsquo;outil d&rsquo;int\u00e9gration vid\u00e9o qui est explicitement con\u00e7u pour amplifier et enrichir votre exp\u00e9rience utilisateur Vimeo. Cet add-on ing\u00e9nieux vous accorde la capacit\u00e9 remarquable de conf\u00e9rer sans effort des points \u00e0 vos utilisateurs estim\u00e9s pour leur consommation vid\u00e9o diligente, leurs t\u00e9l\u00e9chargements de vid\u00e9o proactifs et m\u00eame leur interaction fervente avec votre abondant canal. En outre, ce compl\u00e9ment extraordinaire vous offre l&rsquo;occasion inestimable d&rsquo;\u00e9riger un cadre complexe de r\u00e8gles et de restrictions, garantissant ainsi que vos utilisateurs estim\u00e9s sont en mesure de d\u00e9river une utilit\u00e9 et un \u00e9panouissement maximaux de la gamme kal\u00e9idoscopique de votre contenu Vimeo resplendissant. Que vous soyez un propri\u00e9taire commercial sagace, un cr\u00e9ateur de contenu illustre ou simplement un d\u00e9vot passionn\u00e9 du monde merveilleux de Vimeo, la vid\u00e9o MyCred ajoute pour Vimeo, dans toute sa gloire resplendissante, se pr\u00e9sente comme un outil indispensable et indispensable qui doit Catalyser indubitablement l&rsquo;ascension fulgurante de votre pr\u00e9sence en ligne et l&rsquo;engagement renforc\u00e9 de votre public estim\u00e9.<\/p>\n<ul>\n<li>Int\u00e9grez de mani\u00e8re transparente MyCred Reward Points System avec vos vid\u00e9os Vimeo<\/li>\n<li>Utilisez des points pour r\u00e9compenser les t\u00e9l\u00e9spectateurs pour regarder, commenter et aimer vos vid\u00e9os<\/li>\n<li>Personnaliser les valeurs ponctuelles pour des actions sp\u00e9cifiques et fixer des limites hebdomadaires<\/li>\n<li>Afficher les classements pour encourager une saine concurrence entre les t\u00e9l\u00e9spectateurs<\/li>\n<li>Encouragez l&rsquo;engagement et augmentez les vues vid\u00e9o avec des actions incit\u00e9es<\/li>\n<li>Compatible avec MyCred Premium et Versions gratuites<\/li>\n<li>Processus d&rsquo;installation simple avec des options de configuration faciles \u00e0 naviguer<\/li>\n<\/ul>\n","protected":false},"excerpt":{"rendered":"<p>L&rsquo;ajout de vid\u00e9o MyCred pour Vimeo se pr\u00e9sente comme un instrument robuste et influent qui a \u00e9t\u00e9 soigneusement con\u00e7u dans le seul but d&rsquo;am\u00e9liorer l&rsquo;exp\u00e9rience vid\u00e9o globale sur votre site Web estim\u00e9. En int\u00e9grant de mani\u00e8re transparente vos vid\u00e9os Vimeo dans votre site WordPress gr\u00e2ce \u00e0 l&rsquo;utilisation de ce plugin sans effort \u00e0 op\u00e9rer, vous avez la capacit\u00e9 unique de satisfaire vos utilisateurs estim\u00e9s avec des points MyCred pour vous livrer \u00e0 l&rsquo;acte agr\u00e9able de regarder ou m\u00eame de t\u00e9l\u00e9charger leur propre vid\u00e9os. Avec l&rsquo;inclusion d&rsquo;attributs remarquables tels que la possibilit\u00e9 de personnaliser les listes de lecture vid\u00e9o en fonction de vos pr\u00e9f\u00e9rences, une allocation automatique des points aux utilisateurs, ainsi que l&rsquo;acc\u00e8s \u00e0 l&rsquo;analyse vid\u00e9o complexe, il devient clair que la possession de la vid\u00e9o MyCred ajoute pour pour pour pour pour pour pour pour pour pour pour pour pour pour pour pour Vimeo est une n\u00e9cessit\u00e9 absolue pour tout site Web qui aspire \u00e0 \u00e9lever des niveaux d&rsquo;engagement et \u00e0 conserver les utilisateurs fid\u00e8les. Offrez vos pr\u00e9cieux utilisateurs avec le divertissement s\u00e9duisant qu&rsquo;ils souhaitent d\u00e9sesp\u00e9r\u00e9ment et, \u00e0 leur tour, les r\u00e9compensent avec la reconnaissance qu&rsquo;ils m\u00e9ritent vraiment en obtenant la vid\u00e9o MyCred Add pour Vimeo sans d\u00e9lai.<\/p>\n","protected":false},"featured_media":144632,"comment_status":"open","ping_status":"open","template":"","meta":[],"product_brand":[2599],"product_cat":[1189,1181,1186],"product_tag":[2238],"class_list":{"0":"post-116992","1":"product","2":"type-product","3":"status-publish","4":"has-post-thumbnail","6":"product_brand-mycred","7":"product_cat-personnalisation","8":"product_cat-plugins","9":"product_cat-wordpress-plugins","10":"product_tag-mycred","11":"member-discount","12":"discount-restricted","14":"first","15":"instock","16":"sale","17":"downloadable","18":"virtual","19":"sold-individually","20":"purchasable","21":"product-type-simple"},"_links":{"self":[{"href":"https:\/\/gpl-love.com\/fr\/wp-json\/wp\/v2\/product\/116992","targetHints":{"allow":["GET"]}}],"collection":[{"href":"https:\/\/gpl-love.com\/fr\/wp-json\/wp\/v2\/product"}],"about":[{"href":"https:\/\/gpl-love.com\/fr\/wp-json\/wp\/v2\/types\/product"}],"replies":[{"embeddable":true,"href":"https:\/\/gpl-love.com\/fr\/wp-json\/wp\/v2\/comments?post=116992"}],"wp:featuredmedia":[{"embeddable":true,"href":"https:\/\/gpl-love.com\/fr\/wp-json\/wp\/v2\/media\/144632"}],"wp:attachment":[{"href":"https:\/\/gpl-love.com\/fr\/wp-json\/wp\/v2\/media?parent=116992"}],"wp:term":[{"taxonomy":"product_brand","embeddable":true,"href":"https:\/\/gpl-love.com\/fr\/wp-json\/wp\/v2\/product_brand?post=116992"},{"taxonomy":"product_cat","embeddable":true,"href":"https:\/\/gpl-love.com\/fr\/wp-json\/wp\/v2\/product_cat?post=116992"},{"taxonomy":"product_tag","embeddable":true,"href":"https:\/\/gpl-love.com\/fr\/wp-json\/wp\/v2\/product_tag?post=116992"}],"curies":[{"name":"wp","href":"https:\/\/api.w.org\/{rel}","templated":true}]}}