{"id":116990,"date":"2025-08-08T00:00:00","date_gmt":"2025-08-07T22:00:00","guid":{"rendered":"http:\/\/gpl-love.com\/fr\/produit\/mycred-notifications-plus-add-on\/"},"modified":"2026-04-10T18:32:25","modified_gmt":"2026-04-10T16:32:25","slug":"mycred-notifications-plus-add-on","status":"publish","type":"product","link":"https:\/\/gpl-love.com\/fr\/produit\/mycred-notifications-plus-add-on\/","title":{"rendered":"myCred Notifications Plus Addon 3.1"},"content":{"rendered":"<h3>myCred Notifications Plus Addon Traits<\/h3>\n<p>Les notifications MyCred Plus Add On, un outil tr\u00e8s formidable, am\u00e9liore consid\u00e9rablement les capacit\u00e9s du plugin MyCred en int\u00e9grant la fonctionnalit\u00e9 de notification. Au moyen de cet ajout, les utilisateurs poss\u00e8dent la capacit\u00e9 de fa\u00e7onner des notifications personnalis\u00e9es qui informent efficacement leur public d&rsquo;un \u00e9ventail d&rsquo;\u00e9v\u00e9nements, englobant les nouveaux contenus, r\u00e9alisations ou r\u00e9compenses. Ces notifications peuvent \u00eatre diffus\u00e9es soit par correspondance par e-mail, soit en les affichant en bonne place sur la page de profil de l&rsquo;utilisateur, facilitant ainsi la maintenance de l&rsquo;engagement et de la motivation de l&rsquo;utilisateur. En outre, l&rsquo;ajout de se vante de fonctionnalit\u00e9s avanc\u00e9es, telles que l&rsquo;adaptation \u00e0 plusieurs langues et l&rsquo;activation de la personnalisation des mod\u00e8les, permettant ainsi aux utilisateurs d&rsquo;adapter leurs notifications conform\u00e9ment \u00e0 leurs exigences individualis\u00e9es. Que l&rsquo;on exploite un site d&rsquo;adh\u00e9sion, une plate-forme d&rsquo;apprentissage en ligne ou un programme de r\u00e9compenses, l&rsquo;acquisition des notifications MyCred plus l&rsquo;ajout est sans \u00e9quivoque indispensable pour la facilitation de l&rsquo;engagement am\u00e9lior\u00e9 des utilisateurs et la promotion de la r\u00e9tention des utilisateurs.<\/p>\n<ul>\n<li>Ajoute des options de notification avanc\u00e9es au plugin MyCred<\/li>\n<li>Mod\u00e8les de messagerie personnalisables pour les notifications<\/li>\n<li>Possibilit\u00e9 d&rsquo;envoyer des notifications \u00e0 plusieurs destinataires<\/li>\n<li>D\u00e9clencher des notifications bas\u00e9es sur des actions ou des jalons utilisateurs sp\u00e9cifiques<\/li>\n<li>Prise en charge de plusieurs langues<\/li>\n<li>Compatible avec la derni\u00e8re version de WordPress et MyCred Plugin<\/li>\n<li>Interface conviviale pour une configuration facile et une gestion des notifications<\/li>\n<li>Acc\u00e8s \u00e0 la priorit\u00e9 du support client pour tout probl\u00e8me ou questions<\/li>\n<li>Option pour planifier des notifications pour des dates et des heures sp\u00e9cifiques.<\/li>\n<\/ul>\n","protected":false},"excerpt":{"rendered":"<p>Les notifications MyCred Plus Add On, qui est un outil puissant sp\u00e9cialement d\u00e9velopp\u00e9 pour le plugin WordPress largement utilis\u00e9, MyCred, offre aux utilisateurs la capacit\u00e9 remarquable \u00e0 recevoir des notifications et des mises \u00e0 jour hautement personnalis\u00e9es concernant leurs comptes, points et r\u00e9alisations MyCred, qui sont tous tous qui sont tous Id\u00e9alement livr\u00e9 par e-mail ou par SMS. En tirant parti des fonctionnalit\u00e9s fournies par cet module compl\u00e9mentaire, les utilisateurs sont autoris\u00e9s \u00e0 rester de mani\u00e8re transparente et bien inform\u00e9s sur leur activit\u00e9 MyCred, facilitant ainsi leur capacit\u00e9 \u00e0 participer activement et \u00e0 maintenir leur motivation pour accumuler continuellement des points et r\u00e9colter les r\u00e9compenses associ\u00e9es. Par cons\u00e9quent, les notifications MYCRED plus ajoutent sur la publication comme un instrument indispensable et inestimable pour que tous les individus s&rsquo;efforcent d&rsquo;optimiser leur exp\u00e9rience MyCred et de maximiser efficacement les avantages tir\u00e9s de leur programme de r\u00e9compenses.<\/p>\n","protected":false},"featured_media":144619,"comment_status":"open","ping_status":"open","template":"","meta":[],"product_brand":[2599],"product_cat":[1189,1181,1186],"product_tag":[2238],"class_list":{"0":"post-116990","1":"product","2":"type-product","3":"status-publish","4":"has-post-thumbnail","6":"product_brand-mycred","7":"product_cat-personnalisation","8":"product_cat-plugins","9":"product_cat-wordpress-plugins","10":"product_tag-mycred","11":"member-discount","12":"discount-restricted","14":"first","15":"instock","16":"sale","17":"downloadable","18":"virtual","19":"sold-individually","20":"purchasable","21":"product-type-simple"},"_links":{"self":[{"href":"https:\/\/gpl-love.com\/fr\/wp-json\/wp\/v2\/product\/116990","targetHints":{"allow":["GET"]}}],"collection":[{"href":"https:\/\/gpl-love.com\/fr\/wp-json\/wp\/v2\/product"}],"about":[{"href":"https:\/\/gpl-love.com\/fr\/wp-json\/wp\/v2\/types\/product"}],"replies":[{"embeddable":true,"href":"https:\/\/gpl-love.com\/fr\/wp-json\/wp\/v2\/comments?post=116990"}],"wp:featuredmedia":[{"embeddable":true,"href":"https:\/\/gpl-love.com\/fr\/wp-json\/wp\/v2\/media\/144619"}],"wp:attachment":[{"href":"https:\/\/gpl-love.com\/fr\/wp-json\/wp\/v2\/media?parent=116990"}],"wp:term":[{"taxonomy":"product_brand","embeddable":true,"href":"https:\/\/gpl-love.com\/fr\/wp-json\/wp\/v2\/product_brand?post=116990"},{"taxonomy":"product_cat","embeddable":true,"href":"https:\/\/gpl-love.com\/fr\/wp-json\/wp\/v2\/product_cat?post=116990"},{"taxonomy":"product_tag","embeddable":true,"href":"https:\/\/gpl-love.com\/fr\/wp-json\/wp\/v2\/product_tag?post=116990"}],"curies":[{"name":"wp","href":"https:\/\/api.w.org\/{rel}","templated":true}]}}