{"id":116988,"date":"2025-08-09T00:00:00","date_gmt":"2025-08-08T22:00:00","guid":{"rendered":"http:\/\/gpl-love.com\/fr\/produit\/mycred-video-add-on-for-jw-player\/"},"modified":"2026-04-10T18:32:33","modified_gmt":"2026-04-10T16:32:33","slug":"mycred-video-add-on-for-jw-player","status":"publish","type":"product","link":"https:\/\/gpl-love.com\/fr\/produit\/mycred-video-add-on-for-jw-player\/","title":{"rendered":"myCred Video Add on For JW Player 1.1.4"},"content":{"rendered":"<h3>myCred Video Add on For JW Player Traits<\/h3>\n<p>L&rsquo;ajout vid\u00e9o MyCred pour JW Player est un outil exceptionnel qui offre aux utilisateurs la possibilit\u00e9 d&rsquo;incorporer des \u00e9l\u00e9ments de gamification dans leur contenu vid\u00e9o, am\u00e9liorant ainsi l&rsquo;exp\u00e9rience globale. Ce module compl\u00e9mentaire s&rsquo;int\u00e8gre parfaitement au joueur JW extr\u00eamement populaire, accordant ainsi aux utilisateurs l&rsquo;acc\u00e8s \u00e0 une plate-forme hautement personnalisable et fiable capable d&rsquo;augmenter consid\u00e9rablement des taux d&rsquo;engagement et de r\u00e9tention. Gr\u00e2ce \u00e0 la vid\u00e9o MyCred, les utilisateurs peuvent fournir aux t\u00e9l\u00e9spectateurs des points, des badges et diverses monnaies virtuelles en r\u00e9compenses pour s&rsquo;engager avec leurs vid\u00e9os, partager lesdites vid\u00e9os sur les plateformes de m\u00e9dias sociaux ou accomplir avec succ\u00e8s des actions sp\u00e9cifiques. Ce module compl\u00e9mentaire extr\u00eamement puissant est particuli\u00e8rement bien adapt\u00e9 pour les \u00e9diteurs, les cr\u00e9ateurs de contenu et les sp\u00e9cialistes du marketing qui souhaitent am\u00e9liorer leur contenu vid\u00e9o en le soulignant avec des \u00e9l\u00e9ments de gamification et ainsi en \u00e9levant leurs niveaux d&rsquo;engagement. Compte tenu de son processus d&rsquo;installation transparente, de son interface conviviale et de sa gamme compl\u00e8te d&rsquo;options, l&rsquo;ajout vid\u00e9o MyCred est vraiment indispensable pour tout effort commercial pour propulser son contenu vid\u00e9o \u00e0 des hauteurs sans pr\u00e9c\u00e9dent.<\/p>\n<ul>\n<li>Int\u00e8gre de mani\u00e8re transparente MyCred dans JW Player pour des r\u00e9compenses de cr\u00e9dit faciles \u00e0 regarder vid\u00e9o<\/li>\n<li>Configuration et installation faciles sans codage requise<\/li>\n<li>R\u00e9compenses de points personnalisables pour l&rsquo;ach\u00e8vement de la vid\u00e9o, la pause et d&rsquo;autres actions<\/li>\n<li>Prend en charge les vid\u00e9os Vimeo et auto-h\u00e9berg\u00e9es<\/li>\n<li>Compatible avec les versions gratuites et premium de JW Player<\/li>\n<li>Fournit des analyses sur l&rsquo;engagement des utilisateurs et l&rsquo;utilisation du cr\u00e9dit<\/li>\n<li>Permet une int\u00e9gration transparente avec d&rsquo;autres modules compl\u00e9mentaires MyCred et des plugins WordPress<\/li>\n<li>Fournit une exp\u00e9rience conviviale et engageante pour les t\u00e9l\u00e9spectateurs vid\u00e9o<\/li>\n<li>Aide \u00e0 accro\u00eetre l&rsquo;engagement des utilisateurs et \u00e0 encourager la r\u00e9p\u00e9tition de l&rsquo;observation des vid\u00e9os<\/li>\n<li>Fournit un moyen unique et amusant de r\u00e9compenser les utilisateurs pour leur engagement avec votre contenu.<\/li>\n<\/ul>\n","protected":false},"excerpt":{"rendered":"<p>L&rsquo;ajout de vid\u00e9o MyCred pour JW Player appara\u00eet comme un outil r\u00e9volutionnaire et inventif con\u00e7u pour permettre aux propri\u00e9taires de sites Web de donner des points MyCred \u00e0 leurs utilisateurs estim\u00e9s en \u00e9change de leur pr\u00e9cieux temps pass\u00e9 \u00e0 regarder des vid\u00e9os sur leur site Web. En int\u00e9grant de mani\u00e8re transparente avec JW Player, ce plugin extraordinaire offre un moyen sans couture et sans effort de surveiller et de r\u00e9mun\u00e9rer des utilisateurs in\u00e9branlables pour leur d\u00e9votion in\u00e9branlable \u00e0 la consommation vid\u00e9o, jouant ainsi un r\u00f4le instrumental dans l&rsquo;\u00e9l\u00e9vation de l&rsquo;engagement des utilisateurs et la promotion de la r\u00e9tention des utilisateurs. En outre, sa fonctionnalit\u00e9 exceptionnelle englobe la facilitation des publicit\u00e9s pr\u00e9-roll, offrant ainsi les propri\u00e9taires de sites Web avenues suppl\u00e9mentaires pour la mon\u00e9tisation, propulsant finalement leurs revenus \u00e0 des hauteurs sans pr\u00e9c\u00e9dent. Compte tenu de sa capacit\u00e9 in\u00e9gal\u00e9e \u00e0 infuser le domaine captivant de la gamification en contenu vid\u00e9o tout en catalysant simultan\u00e9ment l&rsquo;activit\u00e9 des utilisateurs sur les sites Web, il devient manifestement \u00e9vident que l&rsquo;ajout vid\u00e9o MyCred pour JW Player est une panac\u00e9e ind\u00e9niable pour les individus aspirant \u00e0 r\u00e9volutionner leurs plateformes en ligne.<\/p>\n","protected":false},"featured_media":144631,"comment_status":"open","ping_status":"open","template":"","meta":[],"product_brand":[2599],"product_cat":[1189,1181,1186],"product_tag":[2238],"class_list":{"0":"post-116988","1":"product","2":"type-product","3":"status-publish","4":"has-post-thumbnail","6":"product_brand-mycred","7":"product_cat-personnalisation","8":"product_cat-plugins","9":"product_cat-wordpress-plugins","10":"product_tag-mycred","11":"member-discount","12":"discount-restricted","14":"first","15":"instock","16":"sale","17":"downloadable","18":"virtual","19":"sold-individually","20":"purchasable","21":"product-type-simple"},"_links":{"self":[{"href":"https:\/\/gpl-love.com\/fr\/wp-json\/wp\/v2\/product\/116988","targetHints":{"allow":["GET"]}}],"collection":[{"href":"https:\/\/gpl-love.com\/fr\/wp-json\/wp\/v2\/product"}],"about":[{"href":"https:\/\/gpl-love.com\/fr\/wp-json\/wp\/v2\/types\/product"}],"replies":[{"embeddable":true,"href":"https:\/\/gpl-love.com\/fr\/wp-json\/wp\/v2\/comments?post=116988"}],"wp:featuredmedia":[{"embeddable":true,"href":"https:\/\/gpl-love.com\/fr\/wp-json\/wp\/v2\/media\/144631"}],"wp:attachment":[{"href":"https:\/\/gpl-love.com\/fr\/wp-json\/wp\/v2\/media?parent=116988"}],"wp:term":[{"taxonomy":"product_brand","embeddable":true,"href":"https:\/\/gpl-love.com\/fr\/wp-json\/wp\/v2\/product_brand?post=116988"},{"taxonomy":"product_cat","embeddable":true,"href":"https:\/\/gpl-love.com\/fr\/wp-json\/wp\/v2\/product_cat?post=116988"},{"taxonomy":"product_tag","embeddable":true,"href":"https:\/\/gpl-love.com\/fr\/wp-json\/wp\/v2\/product_tag?post=116988"}],"curies":[{"name":"wp","href":"https:\/\/api.w.org\/{rel}","templated":true}]}}