{"id":116986,"date":"2024-02-07T00:00:00","date_gmt":"2024-02-06T23:00:00","guid":{"rendered":"http:\/\/gpl-love.com\/fr\/produit\/mycred-email-digest\/"},"modified":"2026-04-10T18:32:21","modified_gmt":"2026-04-10T16:32:21","slug":"mycred-email-digest","status":"publish","type":"product","link":"https:\/\/gpl-love.com\/fr\/produit\/mycred-email-digest\/","title":{"rendered":"myCred Email Digest 1.1.3"},"content":{"rendered":"<h3>myCred Email Digest Traits<\/h3>\n<p>Le MyCred Email Digest est un outil incroyablement puissant et tr\u00e8s b\u00e9n\u00e9fique qui a le but de vous aider \u00e0 garder une trace efficacement et efficacement de votre \u00e9quilibre Point MyCred et de votre activit\u00e9 globale. Ce module compl\u00e9mentaire particulier assume la responsabilit\u00e9 de vous envoyer un r\u00e9sum\u00e9 complet et complet de votre compte MyCred par e-mail sur une base quotidienne, hebdomadaire ou m\u00eame mensuelle, vous accordant ainsi la possibilit\u00e9 de rester bien inform\u00e9 et \u00e0 jour sur vos progr\u00e8s et les diff\u00e9rentes r\u00e9compenses que vous avez eu la chance d&rsquo;atteindre. Gr\u00e2ce \u00e0 l&rsquo;utilisation du MyCred Email Digest, vous avez le avantage incroyable de pouvoir discerner sans effort et rapidement la quantit\u00e9 pr\u00e9cise de points que vous avez accumul\u00e9s avec succ\u00e8s, tout en acqu\u00e9rant une compr\u00e9hension compl\u00e8te des activit\u00e9s sp\u00e9cifiques qui ont contribu\u00e9 \u00e0 l&rsquo;augmentation de votre score, ainsi que d&rsquo;obtenir un aper\u00e7u complet de toutes les r\u00e9compenses qui vous ont \u00e9t\u00e9 accord\u00e9es. C&rsquo;est un essentiel absolu pour les personnes qui poss\u00e8dent le d\u00e9sir de garder le contr\u00f4le de leur compte MyCred et de maximiser le plein potentiel de leurs r\u00e9compenses. De plus, son installation et sa personnalisation ult\u00e9rieure pour r\u00e9pondre \u00e0 vos pr\u00e9f\u00e9rences uniques sont un processus incroyablement simple et convivial, garantissant que vous pouvez r\u00e9cup\u00e9rer les informations dont vous avez besoin avec pr\u00e9cision lorsqu&rsquo;elle est n\u00e9cessaire.<\/p>\n<ul>\n<li>Envoie des digestions par e-mail quotidiens ou hebdomadaires aux utilisateurs de MyCred<\/li>\n<li>Contenu personnalis\u00e9 bas\u00e9 sur l&rsquo;activit\u00e9 MyCred de l&rsquo;utilisateur<\/li>\n<li>Fournit un instantan\u00e9 des points, des rangs et des badges MyCred gagn\u00e9s<\/li>\n<li>Comprend des notifications sur les prochains \u00e9v\u00e9nements et opportunit\u00e9s MYCRED<\/li>\n<li>Peut \u00eatre personnalis\u00e9 avec des mod\u00e8les de marque pour correspondre au site Web ou au th\u00e8me commercial<\/li>\n<li>Option pour ajouter des boutons d&rsquo;appel \u00e0 l&rsquo;action ou des liens pour une augmentation de l&rsquo;engagement des utilisateurs<\/li>\n<li>Tableau de bord facile \u00e0 utiliser pour planifier la livraison, s\u00e9lectionner du contenu et g\u00e9rer les utilisateurs<\/li>\n<li>Fonctionne avec tous les sites et plugins WordPress soutenus par MyCred<\/li>\n<li>Offre des plans de prix flexibles et un support client<\/li>\n<\/ul>\n","protected":false},"excerpt":{"rendered":"<p>Le plugin MyCred Email Digest est un outil efficace qui permet la livraison de r\u00e9sum\u00e9s par e-mail concernant l&rsquo;activit\u00e9 MyCred Points sur votre site Web. Ces r\u00e9sum\u00e9s peuvent \u00eatre envoy\u00e9s quotidiennement, chaque semaine ou sur une base mensuelle, garantissant que vos abonn\u00e9s restent bien inform\u00e9s sur leurs progr\u00e8s, l&rsquo;activit\u00e9 globale du site et les \u00e9v\u00e9nements \u00e0 venir. En utilisant ce plugin, vous pouvez maintenir efficacement les niveaux d&rsquo;engagement de vos utilisateurs et leur fournir des mises \u00e0 jour r\u00e9guli\u00e8res. Que votre site Web g\u00e8re un programme de r\u00e9compenses, fonctionne comme une plate-forme gamifi\u00e9e ou sert de r\u00e9seau social, le plugin MyCred Email Digest s&rsquo;av\u00e8re \u00eatre une solution id\u00e9ale pour favoriser la motivation et la participation active entre votre base d&rsquo;utilisateurs. Profitez de cette occasion maintenant et assistez \u00e0 l&rsquo;impact positif qu&rsquo;il peut avoir sur votre communaut\u00e9.<\/p>\n","protected":false},"featured_media":144612,"comment_status":"open","ping_status":"open","template":"","meta":[],"product_brand":[2599],"product_cat":[1189,1181,1186],"product_tag":[2238],"class_list":{"0":"post-116986","1":"product","2":"type-product","3":"status-publish","4":"has-post-thumbnail","6":"product_brand-mycred","7":"product_cat-personnalisation","8":"product_cat-plugins","9":"product_cat-wordpress-plugins","10":"product_tag-mycred","11":"member-discount","12":"discount-restricted","14":"first","15":"instock","16":"sale","17":"downloadable","18":"virtual","19":"sold-individually","20":"purchasable","21":"product-type-simple"},"_links":{"self":[{"href":"https:\/\/gpl-love.com\/fr\/wp-json\/wp\/v2\/product\/116986","targetHints":{"allow":["GET"]}}],"collection":[{"href":"https:\/\/gpl-love.com\/fr\/wp-json\/wp\/v2\/product"}],"about":[{"href":"https:\/\/gpl-love.com\/fr\/wp-json\/wp\/v2\/types\/product"}],"replies":[{"embeddable":true,"href":"https:\/\/gpl-love.com\/fr\/wp-json\/wp\/v2\/comments?post=116986"}],"wp:featuredmedia":[{"embeddable":true,"href":"https:\/\/gpl-love.com\/fr\/wp-json\/wp\/v2\/media\/144612"}],"wp:attachment":[{"href":"https:\/\/gpl-love.com\/fr\/wp-json\/wp\/v2\/media?parent=116986"}],"wp:term":[{"taxonomy":"product_brand","embeddable":true,"href":"https:\/\/gpl-love.com\/fr\/wp-json\/wp\/v2\/product_brand?post=116986"},{"taxonomy":"product_cat","embeddable":true,"href":"https:\/\/gpl-love.com\/fr\/wp-json\/wp\/v2\/product_cat?post=116986"},{"taxonomy":"product_tag","embeddable":true,"href":"https:\/\/gpl-love.com\/fr\/wp-json\/wp\/v2\/product_tag?post=116986"}],"curies":[{"name":"wp","href":"https:\/\/api.w.org\/{rel}","templated":true}]}}