{"id":116984,"date":"2025-08-09T00:00:00","date_gmt":"2025-08-08T22:00:00","guid":{"rendered":"http:\/\/gpl-love.com\/fr\/produit\/mycred-progress-map\/"},"modified":"2026-04-10T18:32:28","modified_gmt":"2026-04-10T16:32:28","slug":"mycred-progress-map","status":"publish","type":"product","link":"https:\/\/gpl-love.com\/fr\/produit\/mycred-progress-map\/","title":{"rendered":"myCred Progress Map 1.0.5"},"content":{"rendered":"<h3>myCred Progress Map Traits<\/h3>\n<p>MyCred Progress Map est un plugin WordPress incroyablement robuste et polyvalent qui donne aux utilisateurs la possibilit\u00e9 de surveiller et de retracer visuellement leur avancement dans une multitude d&rsquo;activit\u00e9s, de d\u00e9fis et de r\u00e9alisations. Gr\u00e2ce \u00e0 l&rsquo;utilisation de ce plugin, les individus peuvent \u00e9tablir sans effort des cartes de progr\u00e8s interactives et personnalisables qui d\u00e9peignent de fa\u00e7on vivante la position actuelle des utilisateurs dans leur voyage vers l&rsquo;atteinte d&rsquo;objectifs personnels ou professionnels. Que vous administriez un programme \u00e9ducatif en ligne, un r\u00e9gime de condition physique, une initiative de fid\u00e9lisation de la client\u00e8le ou toute autre forme de syst\u00e8me gamifi\u00e9 ou incitable, MyCred Progress Map poss\u00e8de la capacit\u00e9 de vous aider \u00e0 captiver et \u00e0 motiver les utilisateurs, tout en leur fournissant un sentiment lucide et gratifiant de la r\u00e9ussite. Le plugin comprend un large \u00e9ventail de fonctionnalit\u00e9s pr\u00e9cieuses, y compris un assortiment de types de cartes, la capacit\u00e9 d&rsquo;incorporer des marqueurs personnalis\u00e9s, l&rsquo;inclusion de sections color\u00e9es, les barres de progression, les classements, etc. De plus, il s&rsquo;int\u00e8gre parfaitement \u00e0 MyCred, le syst\u00e8me de gestion des points largement acclam\u00e9 pour WordPress, vous permettant ainsi d&rsquo;allouer et de d\u00e9duire des points en fonction des progr\u00e8s et des r\u00e9alisations de vos utilisateurs. En r\u00e9sum\u00e9, MyCred Progress Map sert d&rsquo;outil indispensable \u00e0 toute personne cherchant \u00e0 amplifier l&rsquo;engagement et la r\u00e9tention des utilisateurs, tout en fournissant simultan\u00e9ment une avenue agr\u00e9able et conviviale pour les utilisateurs pour surveiller et comprendre visuellement leurs progr\u00e8s.<\/p>\n<ul>\n<li>Visualiser les progr\u00e8s sur les profils d&rsquo;utilisateur: le plugin MyCred Progress Map permet aux utilisateurs de voir facilement leur progression via une interface visuelle sur leur profil utilisateur.<\/li>\n<li>Marqueurs personnalisables: le plugin est livr\u00e9 avec une large gamme de marqueurs personnalisables, permettant aux utilisateurs de cr\u00e9er une repr\u00e9sentation visuelle unique et attrayante de leurs progr\u00e8s.<\/li>\n<li>Plusieurs cartes par utilisateur: les utilisateurs peuvent utiliser plusieurs cartes pour visualiser diverses r\u00e9alisations ou progr\u00e8s r\u00e9alis\u00e9s pour diff\u00e9rents objectifs ou d\u00e9fis.<\/li>\n<li>Mobile Friendly: Le plugin est r\u00e9actif et fonctionne de mani\u00e8re transparente sur les appareils mobiles, ce qui permet aux utilisateurs de rester facilement \u00e0 jour sur leurs progr\u00e8s pendant leur avis.<\/li>\n<li>INTRESSE AUX MYCRED: MYCRED PROGRAD MAP s&rsquo;int\u00e8gre au plugin MyCred populaire, qui permet aux utilisateurs de gagner des points pour accomplir diverses t\u00e2ches ou atteindre des objectifs.<\/li>\n<li>Suivi pr\u00e9cis: le plugin suit automatiquement les progr\u00e8s des utilisateurs et met \u00e0 jour la carte de progression en cons\u00e9quence, garantissant un suivi des progr\u00e8s pr\u00e9cis et \u00e0 jour.<\/li>\n<li>Facile \u00e0 installer et \u00e0 configurer: la carte de progression MyCred est facile \u00e0 installer et \u00e0 configurer, avec des instructions simples et un temps de configuration minimal.<\/li>\n<li>Compatible avec WordPress: le plugin est compatible avec WordPress et fonctionne avec une large gamme de th\u00e8mes et de plugins.<\/li>\n<li>Excellent support: le plugin est livr\u00e9 avec un excellent support client, y compris une base de connaissances compl\u00e8te, une documentation utile et des canaux de contact accessibles.<\/li>\n<li>Mises \u00e0 jour r\u00e9guli\u00e8res: le plugin est r\u00e9guli\u00e8rement mis \u00e0 jour avec de nouvelles fonctionnalit\u00e9s et corrections de bogues, garantissant que les utilisateurs ont acc\u00e8s aux derni\u00e8res fonctionnalit\u00e9s et \u00e0 une exp\u00e9rience utilisateur optimale.<\/li>\n<\/ul>\n","protected":false},"excerpt":{"rendered":"<p>MyCred Progress Map, une extension incroyablement robuste, offre aux utilisateurs une repr\u00e9sentation interactive et stimulante visuellement de leurs progr\u00e8s sur votre site WordPress. Cet outil inestimable vous permet de montrer les r\u00e9alisations de vos utilisateurs, de pr\u00e9senter leurs rangs ou badges et de leur fournir une feuille de route compl\u00e8te d\u00e9crivant leurs prochaines \u00e9tapes pour l&rsquo;avancement. Ce qui distingue cette carte, c&rsquo;est sa remarquable adaptabilit\u00e9, vous permettant de l&rsquo;adapter pr\u00e9cis\u00e9ment pour r\u00e9pondre aux exigences distinctives de votre site. En incorporant MyCred Progress Map, vos utilisateurs subiront un engagement, une motivation et une fid\u00e9lit\u00e9 accrus qui d\u00e9passent tous les niveaux pr\u00e9c\u00e9dents.<\/p>\n","protected":false},"featured_media":144623,"comment_status":"open","ping_status":"open","template":"","meta":[],"product_brand":[2599],"product_cat":[1189,1181,1186],"product_tag":[2238],"class_list":{"0":"post-116984","1":"product","2":"type-product","3":"status-publish","4":"has-post-thumbnail","6":"product_brand-mycred","7":"product_cat-personnalisation","8":"product_cat-plugins","9":"product_cat-wordpress-plugins","10":"product_tag-mycred","11":"member-discount","12":"discount-restricted","14":"first","15":"instock","16":"sale","17":"downloadable","18":"virtual","19":"sold-individually","20":"purchasable","21":"product-type-simple"},"_links":{"self":[{"href":"https:\/\/gpl-love.com\/fr\/wp-json\/wp\/v2\/product\/116984","targetHints":{"allow":["GET"]}}],"collection":[{"href":"https:\/\/gpl-love.com\/fr\/wp-json\/wp\/v2\/product"}],"about":[{"href":"https:\/\/gpl-love.com\/fr\/wp-json\/wp\/v2\/types\/product"}],"replies":[{"embeddable":true,"href":"https:\/\/gpl-love.com\/fr\/wp-json\/wp\/v2\/comments?post=116984"}],"wp:featuredmedia":[{"embeddable":true,"href":"https:\/\/gpl-love.com\/fr\/wp-json\/wp\/v2\/media\/144623"}],"wp:attachment":[{"href":"https:\/\/gpl-love.com\/fr\/wp-json\/wp\/v2\/media?parent=116984"}],"wp:term":[{"taxonomy":"product_brand","embeddable":true,"href":"https:\/\/gpl-love.com\/fr\/wp-json\/wp\/v2\/product_brand?post=116984"},{"taxonomy":"product_cat","embeddable":true,"href":"https:\/\/gpl-love.com\/fr\/wp-json\/wp\/v2\/product_cat?post=116984"},{"taxonomy":"product_tag","embeddable":true,"href":"https:\/\/gpl-love.com\/fr\/wp-json\/wp\/v2\/product_tag?post=116984"}],"curies":[{"name":"wp","href":"https:\/\/api.w.org\/{rel}","templated":true}]}}