{"id":116982,"date":"2025-08-09T00:00:00","date_gmt":"2025-08-08T22:00:00","guid":{"rendered":"http:\/\/gpl-love.com\/fr\/produit\/mycred-points-cap\/"},"modified":"2026-04-10T18:32:27","modified_gmt":"2026-04-10T16:32:27","slug":"mycred-points-cap","status":"publish","type":"product","link":"https:\/\/gpl-love.com\/fr\/produit\/mycred-points-cap\/","title":{"rendered":"myCred Points Cap 1.1.4"},"content":{"rendered":"<h3>myCred Points Cap Traits<\/h3>\n<p>Le capuchon des points MyCred est un outil incroyablement pr\u00e9cieux et indispensable pour g\u00e9rer et exercer un contr\u00f4le sur les points accumul\u00e9s par les utilisateurs sur votre site Web estim\u00e9. En utilisant cet outil puissant, vous avez la possibilit\u00e9 d&rsquo;\u00e9tablir un seuil ou une limite sup\u00e9rieure \u00e0 l&rsquo;ampleur des points qui peuvent \u00eatre gagn\u00e9s par un utilisateur particulier, garantissant ainsi la pr\u00e9servation d&rsquo;un syst\u00e8me de points \u00e9quitable et bien \u00e9quilibr\u00e9. Cette fonctionnalit\u00e9 extr\u00eamement avantageuse sert \u00e0 emp\u00eacher un seul utilisateur de amasser une quantit\u00e9 exorbitante de points, un sc\u00e9nario qui leur accorderait in\u00e9vitablement un avantage injustifiable et injuste sur leurs coll\u00e8gues utilisateurs. Il est sans \u00e9quivoque \u00e9vident que le plafond des points MyCred repr\u00e9sente un plugin absolument indispensable pour tout site Web qui a adopt\u00e9 l&#8217;emploi d&rsquo;un syst\u00e8me de points, compte tenu de sa fourniture de points conviviaux, rationalis\u00e9s et remarquablement efficaces de l&rsquo;administration et de la perp\u00e9tuation des points tandis que maintenir simultan\u00e9ment les principes d&rsquo;\u00e9quit\u00e9 et d&rsquo;impartialit\u00e9.<\/p>\n<ul>\n<li>Limite le nombre de points MyCred qu&rsquo;un utilisateur peut gagner ou d\u00e9penser dans un d\u00e9lai donn\u00e9<\/li>\n<li>Offre une flexibilit\u00e9 en permettant la personnalisation de la p\u00e9riode de temps pour le plafond, comme quotidien, hebdomadaire ou mensuel<\/li>\n<li>Aide \u00e0 g\u00e9rer les d\u00e9penses du programme de r\u00e9compense en emp\u00eachant la th\u00e9saurisation des points ou les d\u00e9penses excessives<\/li>\n<li>Fournit une communication claire aux utilisateurs sur leur potentiel de gain de point et de d\u00e9penses<\/li>\n<li>Offre une interface conviviale avec une configuration et des ajustements faciles<\/li>\n<li>Compatible avec divers modules compl\u00e9mentaires et plugins MyCred pour une int\u00e9gration transparente dans votre site Web ou votre application.<\/li>\n<\/ul>\n","protected":false},"excerpt":{"rendered":"<p>L&rsquo;outil MyCred Points Cap est une ressource incroyablement robuste et efficace qui vous permet d&rsquo;\u00e9tablir et d&rsquo;appliquer les limites concernant la quantit\u00e9 de points que les individus sont capables d&rsquo;accumuler ou d&rsquo;utiliser pendant un d\u00e9lai d\u00e9sign\u00e9. Ce plugin vous accorde la capacit\u00e9 transparente \u00e0 administrer et \u00e0 superviser efficacement votre programme de r\u00e9compenses en mettant en \u0153uvre des restrictions sur l&rsquo;accumulation, le rachat et le transfert de points. En incorporant cette fonctionnalit\u00e9 distinctive dans votre plate-forme, vous garantissez que votre syst\u00e8me de points reste \u00e9quitable, bien \u00e9quilibr\u00e9 et durable, tout en favorisant activement l&rsquo;interaction et la participation des utilisateurs accrus au sein de votre site Web et de votre communaut\u00e9. Peu importe que vous op\u00e9rez un \u00e9tablissement de vente au d\u00e9tail en ligne, une plate-forme orient\u00e9e vers l&rsquo;adh\u00e9sion ou un r\u00e9seau social en plein essor, le plafond des points MyCred est sans aucun doute la solution id\u00e9ale pour rationaliser et optimiser la fonctionnalit\u00e9 et l&rsquo;efficacit\u00e9 de votre programme de r\u00e9compenses.<\/p>\n","protected":false},"featured_media":144621,"comment_status":"open","ping_status":"open","template":"","meta":[],"product_brand":[2599],"product_cat":[1189,1181,1186],"product_tag":[2238],"class_list":{"0":"post-116982","1":"product","2":"type-product","3":"status-publish","4":"has-post-thumbnail","6":"product_brand-mycred","7":"product_cat-personnalisation","8":"product_cat-plugins","9":"product_cat-wordpress-plugins","10":"product_tag-mycred","11":"member-discount","12":"discount-restricted","14":"first","15":"instock","16":"sale","17":"downloadable","18":"virtual","19":"sold-individually","20":"purchasable","21":"product-type-simple"},"_links":{"self":[{"href":"https:\/\/gpl-love.com\/fr\/wp-json\/wp\/v2\/product\/116982","targetHints":{"allow":["GET"]}}],"collection":[{"href":"https:\/\/gpl-love.com\/fr\/wp-json\/wp\/v2\/product"}],"about":[{"href":"https:\/\/gpl-love.com\/fr\/wp-json\/wp\/v2\/types\/product"}],"replies":[{"embeddable":true,"href":"https:\/\/gpl-love.com\/fr\/wp-json\/wp\/v2\/comments?post=116982"}],"wp:featuredmedia":[{"embeddable":true,"href":"https:\/\/gpl-love.com\/fr\/wp-json\/wp\/v2\/media\/144621"}],"wp:attachment":[{"href":"https:\/\/gpl-love.com\/fr\/wp-json\/wp\/v2\/media?parent=116982"}],"wp:term":[{"taxonomy":"product_brand","embeddable":true,"href":"https:\/\/gpl-love.com\/fr\/wp-json\/wp\/v2\/product_brand?post=116982"},{"taxonomy":"product_cat","embeddable":true,"href":"https:\/\/gpl-love.com\/fr\/wp-json\/wp\/v2\/product_cat?post=116982"},{"taxonomy":"product_tag","embeddable":true,"href":"https:\/\/gpl-love.com\/fr\/wp-json\/wp\/v2\/product_tag?post=116982"}],"curies":[{"name":"wp","href":"https:\/\/api.w.org\/{rel}","templated":true}]}}