{"id":116980,"date":"2025-08-09T00:00:00","date_gmt":"2025-08-08T22:00:00","guid":{"rendered":"http:\/\/gpl-love.com\/fr\/produit\/mycred-expiration-add-on\/"},"modified":"2026-04-10T18:32:22","modified_gmt":"2026-04-10T16:32:22","slug":"mycred-expiration-add-on","status":"publish","type":"product","link":"https:\/\/gpl-love.com\/fr\/produit\/mycred-expiration-add-on\/","title":{"rendered":"myCred Expiration Addon 1.3.3"},"content":{"rendered":"<h3>myCred Expiration Addon Traits<\/h3>\n<p>L&rsquo;ajout d&rsquo;expiration de MyCred, un outil tr\u00e8s puissant, permet aux propri\u00e9taires de sites Web d&rsquo;\u00e9tablir une date d&rsquo;expiration pour les points gagn\u00e9s par leurs utilisateurs. Ce faisant, cette fonctionnalit\u00e9 garantit la pr\u00e9servation de l&rsquo;\u00e9quit\u00e9 et de l&rsquo;int\u00e9grit\u00e9 dans le programme de r\u00e9compenses, car elle emp\u00eache efficacement les utilisateurs d&rsquo;amasser ind\u00e9finiment leurs points. Gr\u00e2ce \u00e0 l&rsquo;utilisation de cet module compl\u00e9mentaire, les propri\u00e9taires de sites Web ont la possibilit\u00e9 de d\u00e9signer une date sp\u00e9cifique \u00e0 laquelle les points accumul\u00e9s d&rsquo;un utilisateur deviendront nuls et non avenus. De plus, ils ont la possibilit\u00e9 de configurer des notifications automatis\u00e9es qui servent de rappels en temps opportun aux utilisateurs concernant la date d&rsquo;expiration imminente. Cet ajout sert de m\u00e9thode exceptionnelle pour inciter les utilisateurs \u00e0 utiliser leurs points accumul\u00e9s, contribuant finalement \u00e0 l&rsquo;engagement accru et \u00e0 la promotion de la fid\u00e9lit\u00e9. En incorporant le MYCRED Expiration Add,, les propri\u00e9taires de sites Web peuvent personnaliser davantage leur programme de r\u00e9compenses, ce qui entra\u00eene la livraison d&rsquo;une exp\u00e9rience plus personnalis\u00e9e pour leurs utilisateurs.<\/p>\n<ul>\n<li>Ajoute la possibilit\u00e9 de d\u00e9finir des dates d&rsquo;expiration pour les points MyCred<\/li>\n<li>Permet la suppression automatique des points expir\u00e9s<\/li>\n<li>Fournit un plus grand contr\u00f4le sur l&rsquo;utilisation des points et la gestion<\/li>\n<li>Prend en charge plusieurs r\u00e8gles d&rsquo;expiration pour diff\u00e9rents types de points ou r\u00f4les utilisateur<\/li>\n<li>Peut \u00eatre facilement int\u00e9gr\u00e9 aux installations MyCred existantes<\/li>\n<li>Aide \u00e0 encourager le rachat en temps opportun des points et de l&rsquo;engagement avec votre site<\/li>\n<li>R\u00e9duit ind\u00e9finiment le risque de th\u00e9saurisation des utilisateurs<\/li>\n<li>Fournit un outil pr\u00e9cieux pour les programmes de fid\u00e9lit\u00e9, les syst\u00e8mes de r\u00e9compenses et d&rsquo;autres initiatives bas\u00e9es sur les points<\/li>\n<li>Interface simple et conviviale pour g\u00e9rer les param\u00e8tres d&rsquo;expiration<\/li>\n<li>Extr\u00eamement fiable et stable, avec un impact sur les performances minimal sur votre site.<\/li>\n<\/ul>\n","protected":false},"excerpt":{"rendered":"<p>L&rsquo;ajout d&rsquo;expiration de MyCred, sp\u00e9cialement con\u00e7u pour les sites Web WordPress, propose un \u00e9ventail de fonctionnalit\u00e9s dynamiques qui vous permettent d&rsquo;\u00e9tablir et d&rsquo;appliquer sans effort les dates d&rsquo;expiration pour les points MyCred. En utilisant ce module compl\u00e9mentaire exceptionnel, vous obtenez un contr\u00f4le complet sur la dur\u00e9e de vie des points de vos utilisateurs, favorisant ainsi un sentiment d&rsquo;urgence et incitant l&rsquo;utilisation de l&rsquo;invite. Que vous optiez pour une p\u00e9riode de temps fixe ou que vous choisissiez de d\u00e9clencher l&rsquo;expiration apr\u00e8s un nombre sp\u00e9cifique de jours suivant la cr\u00e9ation de points, l&rsquo;expiration MYCRED Add ON permet une flexibilit\u00e9 in\u00e9gal\u00e9e. De plus, cet outil remarquable vous permet de envoyer des notifications sur mesure \u00e0 vos utilisateurs estim\u00e9s, en les informant efficacement avant que leurs points pr\u00e9cieux ne subissent l&rsquo;expiration. Par cons\u00e9quent, cette couche de communication suppl\u00e9mentaire sert de catalyseur attrayant, motivant les utilisateurs \u00e0 utiliser rapidement leurs points. Essentiellement, l&rsquo;expiration de MyCred s&rsquo;ajoute sans \u00e9quivoque \u00e9merge comme un atout indispensable pour tout site Web qui s&rsquo;appuie sur les points MyCred, car il engendre efficacement l&rsquo;engagement des utilisateurs et propulse l&rsquo;activit\u00e9 utilisateur globale.<\/p>\n","protected":false},"featured_media":144613,"comment_status":"open","ping_status":"open","template":"","meta":[],"product_brand":[2599],"product_cat":[1189,1181,1186],"product_tag":[2238],"class_list":{"0":"post-116980","1":"product","2":"type-product","3":"status-publish","4":"has-post-thumbnail","6":"product_brand-mycred","7":"product_cat-personnalisation","8":"product_cat-plugins","9":"product_cat-wordpress-plugins","10":"product_tag-mycred","11":"member-discount","12":"discount-restricted","14":"first","15":"instock","16":"sale","17":"downloadable","18":"virtual","19":"sold-individually","20":"purchasable","21":"product-type-simple"},"_links":{"self":[{"href":"https:\/\/gpl-love.com\/fr\/wp-json\/wp\/v2\/product\/116980","targetHints":{"allow":["GET"]}}],"collection":[{"href":"https:\/\/gpl-love.com\/fr\/wp-json\/wp\/v2\/product"}],"about":[{"href":"https:\/\/gpl-love.com\/fr\/wp-json\/wp\/v2\/types\/product"}],"replies":[{"embeddable":true,"href":"https:\/\/gpl-love.com\/fr\/wp-json\/wp\/v2\/comments?post=116980"}],"wp:featuredmedia":[{"embeddable":true,"href":"https:\/\/gpl-love.com\/fr\/wp-json\/wp\/v2\/media\/144613"}],"wp:attachment":[{"href":"https:\/\/gpl-love.com\/fr\/wp-json\/wp\/v2\/media?parent=116980"}],"wp:term":[{"taxonomy":"product_brand","embeddable":true,"href":"https:\/\/gpl-love.com\/fr\/wp-json\/wp\/v2\/product_brand?post=116980"},{"taxonomy":"product_cat","embeddable":true,"href":"https:\/\/gpl-love.com\/fr\/wp-json\/wp\/v2\/product_cat?post=116980"},{"taxonomy":"product_tag","embeddable":true,"href":"https:\/\/gpl-love.com\/fr\/wp-json\/wp\/v2\/product_tag?post=116980"}],"curies":[{"name":"wp","href":"https:\/\/api.w.org\/{rel}","templated":true}]}}