{"id":116978,"date":"2024-10-28T00:00:00","date_gmt":"2024-10-27T23:00:00","guid":{"rendered":"http:\/\/gpl-love.com\/fr\/produit\/mycred-reset-points-add-on\/"},"modified":"2026-03-20T23:26:13","modified_gmt":"2026-03-20T22:26:13","slug":"mycred-reset-points-add-on","status":"publish","type":"product","link":"https:\/\/gpl-love.com\/fr\/produit\/mycred-reset-points-add-on\/","title":{"rendered":"myCred Reset Points Addon 1.0.4"},"content":{"rendered":"<h3>myCred Reset Points Addon Traits<\/h3>\n<p>Les points de r\u00e9initialisation MyCred ajoutent, un outil tr\u00e8s pratique, sert \u00e0 r\u00e9initialiser les points sur votre site Web WordPress avec la plus grande facilit\u00e9. Cet ajout remarquable est sp\u00e9cifiquement con\u00e7u pour vous offrir une approche transparente et tr\u00e8s efficace pour r\u00e9initialiser les points ou les \u00e9quilibres pour les utilisateurs individuels ou m\u00eame les groupes d&rsquo;utilisateurs. De plus, il englobe la capacit\u00e9 de r\u00e9initialiser les types de points sp\u00e9cifiques ou m\u00eame tous les types de points, ajoutant ainsi \u00e0 sa polyvalence. Les avantages potentiels tir\u00e9s de cet ajout sont particuli\u00e8rement \u00e9vidents dans le contexte de la gestion des points ou des programmes de r\u00e9compense sur votre site Web. Par cons\u00e9quent, cela vous permet de faire sans effort les ajustements et les corrections n\u00e9cessaires chaque fois que le besoin s&rsquo;en fait sentir. En int\u00e9grant de mani\u00e8re transparente les points de r\u00e9initialisation MyCred ajouter dans votre syst\u00e8me, vous pouvez garantir que votre syst\u00e8me de points reste toujours pr\u00e9cis et mis \u00e0 jour avec un effort minimal.<\/p>\n<ul>\n<li>Ajoute une option \u00ab\u00a0r\u00e9initialiser\u00a0\u00bb au plugin MyCred pour WordPress<\/li>\n<li>Permet aux utilisateurs de r\u00e9initialiser le solde de leurs points \u00e0 un montant sp\u00e9cifique<\/li>\n<li>Offre une flexibilit\u00e9 aux propri\u00e9taires de sites pour contr\u00f4ler la fr\u00e9quence et le moment o\u00f9 les points peuvent \u00eatre r\u00e9initialis\u00e9s<\/li>\n<li>Augmente l&rsquo;engagement des utilisateurs en fournissant aux utilisateurs une option pour recommencer et gagner \u00e0 nouveau des points<\/li>\n<li>Compatible avec tous les types de points et les syst\u00e8mes de gestion des points soutenus par MyCred<\/li>\n<li>Facile \u00e0 installer et \u00e0 int\u00e9grer avec les param\u00e8tres MyCred existants<\/li>\n<li>Livr\u00e9 avec une documentation d\u00e9taill\u00e9e et un soutien de l&rsquo;\u00e9quipe MyCred<\/li>\n<\/ul>\n","protected":false},"excerpt":{"rendered":"<p>Les points de r\u00e9initialisation MyCred ajoutent, un outil remarquablement puissant, vous donne la possibilit\u00e9 de r\u00e9initialiser les points utilisateur sans effort en un seul clic. Impeccablement fabriqu\u00e9 pour vous int\u00e9grer de mani\u00e8re transparente au plugin MyCred, cela ajoute des offres d&rsquo;une m\u00e9thode simple et efficace pour g\u00e9rer les points utilisateur dans votre site Web WordPress. Avec cet module compl\u00e9mentaire exceptionnel, vous poss\u00e9dez la capacit\u00e9 de r\u00e9initialiser sans effort des points pour les utilisateurs individuels, des grappes d&rsquo;utilisateurs ou m\u00eame l&rsquo;int\u00e9gralit\u00e9 des utilisateurs simultan\u00e9ment. Les points de r\u00e9initialisation MyCred ajoutent, dans toute sa gloire, sont la r\u00e9solution ultime pour les personnes qui se retrouvent dans un besoin constant de r\u00e9initialiser les points sur une base r\u00e9currente, que ce soit pour le maintien ou la rectification des erreurs.<\/p>\n","protected":false},"featured_media":144624,"comment_status":"open","ping_status":"open","template":"","meta":[],"product_brand":[2599],"product_cat":[1189,1181,1186],"product_tag":[2238],"class_list":{"0":"post-116978","1":"product","2":"type-product","3":"status-publish","4":"has-post-thumbnail","6":"product_brand-mycred","7":"product_cat-personnalisation","8":"product_cat-plugins","9":"product_cat-wordpress-plugins","10":"product_tag-mycred","11":"member-discount","12":"discount-restricted","14":"first","15":"instock","16":"sale","17":"downloadable","18":"virtual","19":"sold-individually","20":"purchasable","21":"product-type-simple"},"_links":{"self":[{"href":"https:\/\/gpl-love.com\/fr\/wp-json\/wp\/v2\/product\/116978","targetHints":{"allow":["GET"]}}],"collection":[{"href":"https:\/\/gpl-love.com\/fr\/wp-json\/wp\/v2\/product"}],"about":[{"href":"https:\/\/gpl-love.com\/fr\/wp-json\/wp\/v2\/types\/product"}],"replies":[{"embeddable":true,"href":"https:\/\/gpl-love.com\/fr\/wp-json\/wp\/v2\/comments?post=116978"}],"wp:featuredmedia":[{"embeddable":true,"href":"https:\/\/gpl-love.com\/fr\/wp-json\/wp\/v2\/media\/144624"}],"wp:attachment":[{"href":"https:\/\/gpl-love.com\/fr\/wp-json\/wp\/v2\/media?parent=116978"}],"wp:term":[{"taxonomy":"product_brand","embeddable":true,"href":"https:\/\/gpl-love.com\/fr\/wp-json\/wp\/v2\/product_brand?post=116978"},{"taxonomy":"product_cat","embeddable":true,"href":"https:\/\/gpl-love.com\/fr\/wp-json\/wp\/v2\/product_cat?post=116978"},{"taxonomy":"product_tag","embeddable":true,"href":"https:\/\/gpl-love.com\/fr\/wp-json\/wp\/v2\/product_tag?post=116978"}],"curies":[{"name":"wp","href":"https:\/\/api.w.org\/{rel}","templated":true}]}}