{"id":116976,"date":"2024-10-21T00:00:00","date_gmt":"2024-10-20T22:00:00","guid":{"rendered":"http:\/\/gpl-love.com\/fr\/produit\/mycred-progress-bar-add-on\/"},"modified":"2026-03-20T23:26:11","modified_gmt":"2026-03-20T22:26:11","slug":"mycred-progress-bar-add-on","status":"publish","type":"product","link":"https:\/\/gpl-love.com\/fr\/produit\/mycred-progress-bar-add-on\/","title":{"rendered":"myCred Progress Bar Addon 1.3.5"},"content":{"rendered":"<h3>myCred Progress Bar Addon Traits<\/h3>\n<p>La barre de progression de MyCred, un outil tr\u00e8s efficace et efficace, permet aux utilisateurs de pr\u00e9senter leurs progr\u00e8s et leurs r\u00e9alisations de mani\u00e8re captivante et interactive. Ce module compl\u00e9mentaire permet aux utilisateurs de concevoir des barres de progression personnalis\u00e9es qui surveillent efficacement leur progression vers des objectifs ou des distinctions sp\u00e9cifiques, et peuvent m\u00eame \u00e9tablir une connexion entre ces objectifs et incitations ou r\u00e9compenses. Les barres de progr\u00e8s elles-m\u00eames offrent une flexibilit\u00e9 compl\u00e8te en termes de personnalisation, accordant aux utilisateurs la possibilit\u00e9 de modifier les couleurs, les styles et les animations pour s&rsquo;aligner parfaitement avec leur marque ou leur conception de site Web. De plus, la barre de progr\u00e8s MYCRED Add on s&rsquo;int\u00e8gre de mani\u00e8re transparente au plugin MyCred, facilitant les utilisateurs pour suivre leurs progr\u00e8s sur plusieurs plates-formes et des points de gain ou des r\u00e9compenses pour leurs r\u00e9alisations exceptionnelles. Que votre intention soit de motiver les utilisateurs \u00e0 effectuer des t\u00e2ches, \u00e0 surveiller les progr\u00e8s vers une cible pr\u00e9d\u00e9termin\u00e9e ou \u00e0 am\u00e9liorer simplement l&rsquo;engagement sur votre site Web, la barre de progression de MyCred repr\u00e9sente un outil indispensable pour tout utilisateur WordPress.<\/p>\n<ul>\n<li>Ajoute une barre de progression visuellement attrayante vers votre site WordPress propuls\u00e9 par MyCred<\/li>\n<li>Aide \u00e0 motiver les visiteurs du site \u00e0 gagner plus de points en suivant les progr\u00e8s vers leurs objectifs<\/li>\n<li>Des param\u00e8tres hautement personnalisables vous permettent de choisir les couleurs, les \u00e9tiquettes et le style de votre barre de progr\u00e8s<\/li>\n<li>Installation et int\u00e9gration faciles avec votre configuration MyCred existante<\/li>\n<li>Compatible avec une large gamme de th\u00e8mes et plugins WordPress<\/li>\n<li>Peut \u00eatre utilis\u00e9 pour suivre les progr\u00e8s vers n&rsquo;importe quel objectif, comme la r\u00e9alisation d&rsquo;une enqu\u00eate ou l&rsquo;atteinte d&rsquo;un certain niveau dans un jeu<\/li>\n<li>Comprend une documentation d\u00e9taill\u00e9e et le soutien de l&rsquo;\u00e9quipe MyCred<\/li>\n<\/ul>\n","protected":false},"excerpt":{"rendered":"<p>La barre de progression de MyCred Add, qui sert d&rsquo;instrument id\u00e9al pour surveiller et exposer efficacement les progr\u00e8s de vos utilisateurs estim\u00e9s conform\u00e9ment aux points qu&rsquo;ils ont accumul\u00e9s, poss\u00e8de une interface conviviale et la possibilit\u00e9 d&rsquo;adapter sa conception en fonction de votre sp\u00e9cifique pr\u00e9f\u00e9rences. Cet ajout remarquable s&rsquo;amalgame sans effort avec votre plugin MyCred, permettant ainsi aux utilisateurs de mieux comprendre leur \u00e9quilibre ponctuel existant, ainsi que de comprendre la quantit\u00e9 pr\u00e9cise de points n\u00e9cessaires pour monter au niveau de gratification ult\u00e9rieur. Par cons\u00e9quent, en incorporant la barre de progression de MyCred, vous pouvez soutenir efficacement l&rsquo;implication et la motivation de vos pr\u00e9cieux utilisateurs pour amasser en permanence un nombre croissant de points.<\/p>\n","protected":false},"featured_media":144622,"comment_status":"open","ping_status":"open","template":"","meta":[],"product_brand":[2599],"product_cat":[1189,1181,1186],"product_tag":[2238],"class_list":{"0":"post-116976","1":"product","2":"type-product","3":"status-publish","4":"has-post-thumbnail","6":"product_brand-mycred","7":"product_cat-personnalisation","8":"product_cat-plugins","9":"product_cat-wordpress-plugins","10":"product_tag-mycred","11":"member-discount","12":"discount-restricted","14":"first","15":"instock","16":"sale","17":"downloadable","18":"virtual","19":"sold-individually","20":"purchasable","21":"product-type-simple"},"_links":{"self":[{"href":"https:\/\/gpl-love.com\/fr\/wp-json\/wp\/v2\/product\/116976","targetHints":{"allow":["GET"]}}],"collection":[{"href":"https:\/\/gpl-love.com\/fr\/wp-json\/wp\/v2\/product"}],"about":[{"href":"https:\/\/gpl-love.com\/fr\/wp-json\/wp\/v2\/types\/product"}],"replies":[{"embeddable":true,"href":"https:\/\/gpl-love.com\/fr\/wp-json\/wp\/v2\/comments?post=116976"}],"wp:featuredmedia":[{"embeddable":true,"href":"https:\/\/gpl-love.com\/fr\/wp-json\/wp\/v2\/media\/144622"}],"wp:attachment":[{"href":"https:\/\/gpl-love.com\/fr\/wp-json\/wp\/v2\/media?parent=116976"}],"wp:term":[{"taxonomy":"product_brand","embeddable":true,"href":"https:\/\/gpl-love.com\/fr\/wp-json\/wp\/v2\/product_brand?post=116976"},{"taxonomy":"product_cat","embeddable":true,"href":"https:\/\/gpl-love.com\/fr\/wp-json\/wp\/v2\/product_cat?post=116976"},{"taxonomy":"product_tag","embeddable":true,"href":"https:\/\/gpl-love.com\/fr\/wp-json\/wp\/v2\/product_tag?post=116976"}],"curies":[{"name":"wp","href":"https:\/\/api.w.org\/{rel}","templated":true}]}}