{"id":116974,"date":"2025-08-09T00:00:00","date_gmt":"2025-08-08T22:00:00","guid":{"rendered":"http:\/\/gpl-love.com\/fr\/produit\/mycred-social-share-add-on\/"},"modified":"2026-04-10T18:32:32","modified_gmt":"2026-04-10T16:32:32","slug":"mycred-social-share-add-on","status":"publish","type":"product","link":"https:\/\/gpl-love.com\/fr\/produit\/mycred-social-share-add-on\/","title":{"rendered":"myCred Social Share Addon 1.4.9.1"},"content":{"rendered":"<h3>myCred Social Share Addon Traits<\/h3>\n<p>Le MyCred Social Share Add On, un instrument tr\u00e8s efficace m\u00e9ticuleusement con\u00e7u pour faciliter les utilisateurs pour am\u00e9liorer sans effort leur pr\u00e9sence sur les r\u00e9seaux sociaux, poss\u00e8de la capacit\u00e9 \u00e9tonnante de permettre aux utilisateurs d&rsquo;amasser des points en partageant du contenu dans un \u00e9ventail de plateformes de m\u00e9dias sociaux pr\u00e9\u00e9minentes, \u00e0 savoir Facebook Facebook , Twitter, LinkedIn et Pinterest. En vertu de son interface conviviale et des contr\u00f4les intuitivement navigables, la part sociale MyCred ajoute sans reprochement le processus de configuration et de supervision des campagnes de partage social, examinant m\u00e9ticuleusement l&rsquo;activit\u00e9 des utilisateurs et compensant d\u00fbment les utilisateurs pour leur engagement in\u00e9branlable. Ind\u00e9pendamment de savoir si l&rsquo;on s&rsquo;identifie comme un blogueur de conscience, un sp\u00e9cialiste du marketing astucieux ou un propri\u00e9taire d&rsquo;entreprise sagace qui aspire ardemment \u00e0 \u00e9largir leurs horizons, la part sociale MyCred est un outil indispensable indispensable, justifiant indubitablement sa place l\u00e9gitime dans n&rsquo;importe quel outil social mal formul\u00e9 m\u00e9ticuleusement formul\u00e9, justifiant indubitablement sa place dans les m\u00e9dias sociaux m\u00e9ticuleusement formul\u00e9s, les m\u00e9dias sociaux m\u00e9ticuleusement formul\u00e9s, garantissant indubitablement sa place dans les m\u00e9dias sociaux m\u00e9ticuleusement formul\u00e9s, les m\u00e9dias sociaux m\u00e9ticuleusement formul\u00e9s, justifiaient indubitablement sa place dans les m\u00e9dias sociaux m\u00e9ticuleusement formul\u00e9s, les m\u00e9dias sociaux m\u00e9ticuleusement formul\u00e9s, garantissant indubitablement sa place dans les m\u00e9dias sociaux m\u00e9ticuleusement formul\u00e9s, les m\u00e9dias sociaux m\u00e9ticuleusement formul\u00e9s. strat\u00e9gie.<\/p>\n<ul>\n<li>Stimuler la pr\u00e9sence des m\u00e9dias sociaux en permettant aux utilisateurs de partager le contenu du site sur leurs profils de m\u00e9dias sociaux<\/li>\n<li>Augmenter le trafic du site Web gr\u00e2ce \u00e0 une augmentation du partage social<\/li>\n<li>Personnaliser les r\u00e9seaux sociaux disponibles pour le partage<\/li>\n<li>D\u00e9finir des points attribu\u00e9s aux utilisateurs pour partager du contenu sur des profils de m\u00e9dias sociaux sp\u00e9cifiques<\/li>\n<li>Encouragez l&rsquo;engagement des utilisateurs avec les r\u00e9compenses pour le partage social<\/li>\n<li>Suivre et g\u00e9rer facilement l&rsquo;activit\u00e9 de partage social dans le journal des points MyCred<\/li>\n<li>S&rsquo;int\u00e8gre parfaitement au plugin MyCred et \u00e0 d&rsquo;autres sites WordPress<\/li>\n<li>Interface conviviale et intuitive pour une navigation facile \u00e0 partage social<\/li>\n<li>Simplifiez la gestion des m\u00e9dias sociaux avec des options de partage social centralis\u00e9 sur le site Web<\/li>\n<li>Polyvalent pour tout site Web ayant une pr\u00e9sence sur les r\u00e9seaux sociaux.<\/li>\n<\/ul>\n","protected":false},"excerpt":{"rendered":"<p>L&rsquo;ajout de partage social MyCred est un outil tr\u00e8s indispensable et crucial pour augmenter et amplifier votre pr\u00e9sence en ligne sur diverses plateformes de m\u00e9dias sociaux. En int\u00e9grant cet module compl\u00e9mentaire, vous pourrez motiver et inciter efficacement les utilisateurs \u00e0 diffuser et \u00e0 diffuser votre contenu pr\u00e9cieux et convaincant sur des plateformes de m\u00e9dias sociaux bien connues et largement utilis\u00e9es telles que Facebook, Twitter et LinkedIn, tout en gagnant des points MyCred. Cette fonctionnalit\u00e9 r\u00e9volutionnaire agit non seulement comme un catalyseur pour encourager les utilisateurs \u00e0 propager et \u00e0 diffuser du contenu et des informations sur votre marque, mais il sert \u00e9galement de jeton d&rsquo;appr\u00e9ciation en les r\u00e9compensant pour leurs efforts d\u00e9vou\u00e9s et concert\u00e9s. Sans aucun doute, cet ajout est un actif indispensable et obligatoire pour toute entit\u00e9 individuelle ou commerciale visant \u00e0 renforcer et \u00e0 augmenter ses r\u00e9seaux sociaux et leurs niveaux d&rsquo;engagement.<\/p>\n","protected":false},"featured_media":144628,"comment_status":"open","ping_status":"open","template":"","meta":[],"product_brand":[2599],"product_cat":[1189,1181,1186],"product_tag":[2238],"class_list":{"0":"post-116974","1":"product","2":"type-product","3":"status-publish","4":"has-post-thumbnail","6":"product_brand-mycred","7":"product_cat-personnalisation","8":"product_cat-plugins","9":"product_cat-wordpress-plugins","10":"product_tag-mycred","11":"member-discount","12":"discount-restricted","14":"first","15":"instock","16":"sale","17":"downloadable","18":"virtual","19":"sold-individually","20":"purchasable","21":"product-type-simple"},"_links":{"self":[{"href":"https:\/\/gpl-love.com\/fr\/wp-json\/wp\/v2\/product\/116974","targetHints":{"allow":["GET"]}}],"collection":[{"href":"https:\/\/gpl-love.com\/fr\/wp-json\/wp\/v2\/product"}],"about":[{"href":"https:\/\/gpl-love.com\/fr\/wp-json\/wp\/v2\/types\/product"}],"replies":[{"embeddable":true,"href":"https:\/\/gpl-love.com\/fr\/wp-json\/wp\/v2\/comments?post=116974"}],"wp:featuredmedia":[{"embeddable":true,"href":"https:\/\/gpl-love.com\/fr\/wp-json\/wp\/v2\/media\/144628"}],"wp:attachment":[{"href":"https:\/\/gpl-love.com\/fr\/wp-json\/wp\/v2\/media?parent=116974"}],"wp:term":[{"taxonomy":"product_brand","embeddable":true,"href":"https:\/\/gpl-love.com\/fr\/wp-json\/wp\/v2\/product_brand?post=116974"},{"taxonomy":"product_cat","embeddable":true,"href":"https:\/\/gpl-love.com\/fr\/wp-json\/wp\/v2\/product_cat?post=116974"},{"taxonomy":"product_tag","embeddable":true,"href":"https:\/\/gpl-love.com\/fr\/wp-json\/wp\/v2\/product_tag?post=116974"}],"curies":[{"name":"wp","href":"https:\/\/api.w.org\/{rel}","templated":true}]}}