{"id":116972,"date":"2025-08-09T00:00:00","date_gmt":"2025-08-08T22:00:00","guid":{"rendered":"http:\/\/gpl-love.com\/fr\/produit\/mycred-wcvendors\/"},"modified":"2026-04-10T18:32:35","modified_gmt":"2026-04-10T16:32:35","slug":"mycred-wcvendors","status":"publish","type":"product","link":"https:\/\/gpl-love.com\/fr\/produit\/mycred-wcvendors\/","title":{"rendered":"myCred WC Vendors 1.1.3"},"content":{"rendered":"<h3>myCred WC Vendors Traits<\/h3>\n<p>MyCred WC Vendors, un plugin robuste con\u00e7u pour les march\u00e9s aliment\u00e9s par WooCommerce, offre une pl\u00e9thore de fonctionnalit\u00e9s qui permettent aux fournisseurs d&rsquo;accumuler et d&rsquo;utiliser des points en \u00e9change de leurs ventes. En tirant parti des fournisseurs de WC Mycred, les fournisseurs peuvent surveiller sans effort leurs points et leurs r\u00e9compenses, favorisant ainsi un sentiment accru de motivation et d&rsquo;implication sur le vaste march\u00e9. L&rsquo;immense flexibilit\u00e9 du plugin permet aux propri\u00e9taires de march\u00e9 de d\u00e9finir m\u00e9ticuleusement les crit\u00e8res r\u00e9gissant l&rsquo;accumulation et le rachat du point, tout en offrant \u00e9galement la possibilit\u00e9 d&rsquo;\u00e9tablir des seuils et des r\u00e9glementations de r\u00e9compense personnalis\u00e9es. Par cons\u00e9quent, cet outil indispensable stimule efficacement les fournisseurs, les propulsant vers l&rsquo;augmentation des ventes et une trajectoire de performance am\u00e9lior\u00e9e dans le paysage hautement concurrentiel du march\u00e9. Ainsi, il devient clair sans \u00e9quivoque que les fournisseurs WC MyCred sont un atout indispensable, une n\u00e9cessit\u00e9 absolue pour tout march\u00e9 WooCommerce cherchant \u00e0 cultiver l&rsquo;engagement des fournisseurs et \u00e0 faciliter la croissance.<\/p>\n<ul>\n<li>Int\u00e8gre MyCred, un puissant syst\u00e8me de gestion des points, avec WC Vendors, une plate-forme de march\u00e9 multi-vendeurs<\/li>\n<li>Permet aux fournisseurs de gagner et d&rsquo;\u00e9changer des points pour leurs ventes et leurs achats sur la plate-forme WC Vendors<\/li>\n<li>Fournit une interface personnalisable et conviviale pour que les fournisseurs affichent leurs soldes et transactions ponctuels<\/li>\n<li>Permet aux propri\u00e9taires de sites de mettre en place des r\u00e8gles et des r\u00e9compenses pour les gains de points et le rachat, y compris les remises et promotions exclusives<\/li>\n<li>Offre une int\u00e9gration transparente avec d&rsquo;autres modules compl\u00e9mentaires MyCred, tels que les int\u00e9grations des m\u00e9dias sociaux et les options de transfert de points<\/li>\n<li>Compatible avec les derni\u00e8res versions des fournisseurs WordPress, WooCommerce et WC pour les fonctionnalit\u00e9s et la s\u00e9curit\u00e9 maximales<\/li>\n<li>Fournit une documentation d\u00e9taill\u00e9e et une prise en charge pour une installation et une configuration faciles<\/li>\n<li>Aide \u00e0 am\u00e9liorer l&rsquo;engagement des clients en encourageant les achats r\u00e9p\u00e9t\u00e9s et en stimulant la loyaut\u00e9 gr\u00e2ce \u00e0 des points de r\u00e9compense<\/li>\n<li>Fournit un aper\u00e7u des performances des fournisseurs gr\u00e2ce \u00e0 des outils de suivi des donn\u00e9es et de rapports pour une meilleure prise de d\u00e9cision commerciale<\/li>\n<\/ul>\n","protected":false},"excerpt":{"rendered":"<p>Les fournisseurs WC MyCred sont un plugin tr\u00e8s b\u00e9n\u00e9fique et efficace sp\u00e9cialement d\u00e9velopp\u00e9 dans le but d&rsquo;aider les fournisseurs qui utilisent WooCommerce (WC) dans la cr\u00e9ation et la mise en \u0153uvre de leur propre programme de fid\u00e9lit\u00e9 ou de r\u00e9compense personnalis\u00e9 et complet. En int\u00e9grant les fournisseurs de WC MyCred dans leur syst\u00e8me, les fournisseurs sont habilit\u00e9s \u00e0 la possibilit\u00e9 non seulement d&rsquo;\u00e9tendre leur gratitude aux clients en leur offrant des points pr\u00e9cieux et souhaitables pour un \u00e9ventail d&rsquo;activit\u00e9s telles que les achats, les r\u00e9f\u00e9rences, les parts de m\u00e9dias sociaux et les go\u00fbts, entre autres,, entre autres, Mais ces points peuvent \u00e9galement \u00eatre \u00e9chang\u00e9s par la suite contre une myriade de r\u00e9compenses attrayantes, y compris, mais sans s&rsquo;y limiter, des r\u00e9ductions, des produits gratuits et un assortiment d&rsquo;autres incitations attrayantes. De plus, ce plugin am\u00e9liore en outre l&rsquo;exp\u00e9rience utilisateur en \u00e9quipant les fournisseurs d&rsquo;une interface intuitive et conviviale, ce qui facilite la gestion transparente de son programme de r\u00e9compense, ainsi que le suivi efficace et pr\u00e9cis de l&rsquo;activit\u00e9 client. Par cons\u00e9quent, si vous \u00eates un individu qui exploite un magasin de fournisseurs WC et que vous \u00eates motiv\u00e9 par le d\u00e9sir de reconna\u00eetre et de r\u00e9compenser efficacement votre client\u00e8le fid\u00e8le inestimable et ch\u00e9ri, les fournisseurs WC MyCred \u00e9mergent sans \u00e9quivoque d\u00e9passer vos attentes.<\/p>\n","protected":false},"featured_media":144633,"comment_status":"open","ping_status":"open","template":"","meta":[],"product_brand":[2599],"product_cat":[1189,1181,1186],"product_tag":[2238],"class_list":{"0":"post-116972","1":"product","2":"type-product","3":"status-publish","4":"has-post-thumbnail","6":"product_brand-mycred","7":"product_cat-personnalisation","8":"product_cat-plugins","9":"product_cat-wordpress-plugins","10":"product_tag-mycred","11":"member-discount","12":"discount-restricted","14":"first","15":"instock","16":"sale","17":"downloadable","18":"virtual","19":"sold-individually","20":"purchasable","21":"product-type-simple"},"_links":{"self":[{"href":"https:\/\/gpl-love.com\/fr\/wp-json\/wp\/v2\/product\/116972","targetHints":{"allow":["GET"]}}],"collection":[{"href":"https:\/\/gpl-love.com\/fr\/wp-json\/wp\/v2\/product"}],"about":[{"href":"https:\/\/gpl-love.com\/fr\/wp-json\/wp\/v2\/types\/product"}],"replies":[{"embeddable":true,"href":"https:\/\/gpl-love.com\/fr\/wp-json\/wp\/v2\/comments?post=116972"}],"wp:featuredmedia":[{"embeddable":true,"href":"https:\/\/gpl-love.com\/fr\/wp-json\/wp\/v2\/media\/144633"}],"wp:attachment":[{"href":"https:\/\/gpl-love.com\/fr\/wp-json\/wp\/v2\/media?parent=116972"}],"wp:term":[{"taxonomy":"product_brand","embeddable":true,"href":"https:\/\/gpl-love.com\/fr\/wp-json\/wp\/v2\/product_brand?post=116972"},{"taxonomy":"product_cat","embeddable":true,"href":"https:\/\/gpl-love.com\/fr\/wp-json\/wp\/v2\/product_cat?post=116972"},{"taxonomy":"product_tag","embeddable":true,"href":"https:\/\/gpl-love.com\/fr\/wp-json\/wp\/v2\/product_tag?post=116972"}],"curies":[{"name":"wp","href":"https:\/\/api.w.org\/{rel}","templated":true}]}}