{"id":116970,"date":"2025-08-09T00:00:00","date_gmt":"2025-08-08T22:00:00","guid":{"rendered":"http:\/\/gpl-love.com\/fr\/produit\/mycred-pacman\/"},"modified":"2026-04-10T18:32:26","modified_gmt":"2026-04-10T16:32:26","slug":"mycred-pacman","status":"publish","type":"product","link":"https:\/\/gpl-love.com\/fr\/produit\/mycred-pacman\/","title":{"rendered":"mycred Pacman 2.4"},"content":{"rendered":"<h3>mycred Pacman Traits<\/h3>\n<p>MyCred Pacman, un outil de gamification incroyablement puissant, pr\u00e9sente une opportunit\u00e9 exceptionnelle pour les propri\u00e9taires de sites Web d&rsquo;am\u00e9liorer l&rsquo;engagement des utilisateurs et de favoriser la fid\u00e9lit\u00e9, tout en offrant une exp\u00e9rience d\u00e9licieuse et gratifiante \u00e0 leurs pr\u00e9cieux visiteurs. En utilisant ce plugin ing\u00e9nieux, les propri\u00e9taires de sites Web peuvent \u00e9tablir sans effort un syst\u00e8me de monnaie virtuel qui encourage efficacement les utilisateurs \u00e0 se lancer dans des actions sp\u00e9cifiques sur leur site Web, que ce soit la publication de commentaires, le partage du contenu ou la participation active aux sondages. Par cons\u00e9quent, les utilisateurs peuvent ensuite utiliser ces cr\u00e9dits virtuels pour r\u00e9cup\u00e9rer des r\u00e9compenses s\u00e9duisantes ou acc\u00e9der \u00e0 un contenu exclusif, leur inculquant ainsi un profond sentiment d&rsquo;accomplissement et de contentement. B\u00e9n\u00e9ficiant d&rsquo;une interface utilisateur intuitive et d&rsquo;un large \u00e9ventail d&rsquo;options de personnalisation \u00e0 la disposition de votre<\/p>\n<ul>\n<li>Pr\u00e9sentation de MyCred Pacman, le dernier ajout \u00e0 la famille MyCred de produits.<\/li>\n<li>Une exp\u00e9rience de jeu passionnante et engageante, Mycred Pacman vous permet de gagner des r\u00e9compenses pendant que vous jouez.<\/li>\n<li>Dot\u00e9 des personnages embl\u00e9matiques de Pacman et du gameplay, ce jeu ram\u00e8ne certainement des souvenirs nostalgiques tout en offrant une touche fra\u00eeche et moderne.<\/li>\n<li>Avec chaque jeu que vous jouez, vous avez la possibilit\u00e9 de gagner des points MyCred qui peuvent \u00eatre \u00e9chang\u00e9s contre des prix et des r\u00e9compenses.<\/li>\n<li>Plus vous accumulez de points, plus vous pouvez r\u00e9clamer les r\u00e9compenses.<\/li>\n<li>Les contr\u00f4les simples et intuitifs rendent Mycred Pacman accessible aux joueurs de tous niveaux.<\/li>\n<li>Compatible avec un large \u00e9ventail d&rsquo;appareils, MyCred Pacman est la solution de jeu id\u00e9ale pour les personnes en d\u00e9placement.<\/li>\n<li>Divertissant et addictif, Mycred Pacman est parfait pour ceux qui recherchent une fa\u00e7on amusante de gagner des r\u00e9compenses et de tuer un peu de temps.<\/li>\n<\/ul>\n","protected":false},"excerpt":{"rendered":"<p>Le jeu Mycred Pacman est une exp\u00e9rience extr\u00eamement agr\u00e9able et captivante, o\u00f9 les individus sont charg\u00e9s de man\u0153uvrer habilement Pacman \u00e0 travers des labyrinthes complexes, tout en accumulant de pr\u00e9cieux cr\u00e9dits. Ces cr\u00e9dits, \u00e0 leur tour, peuvent \u00eatre \u00e9chang\u00e9s contre un assortiment de r\u00e9compenses s\u00e9duisantes et des avantages exclusifs au sein du vaste programme d&rsquo;adh\u00e9sion MYCRED. B\u00e9n\u00e9ficiant de graphismes vibrants et visuellement attrayants, ainsi qu&rsquo;une formule de jeu intemporelle, MyCred Pacman pr\u00e9sente une avenue distinctive et in\u00e9gal\u00e9e pour que les individus amassent des r\u00e9compenses d&rsquo;une mani\u00e8re d\u00e9licieusement divertissante.<\/p>\n","protected":false},"featured_media":144620,"comment_status":"open","ping_status":"open","template":"","meta":[],"product_brand":[2599],"product_cat":[1189,1181,1186],"product_tag":[2238],"class_list":{"0":"post-116970","1":"product","2":"type-product","3":"status-publish","4":"has-post-thumbnail","6":"product_brand-mycred","7":"product_cat-personnalisation","8":"product_cat-plugins","9":"product_cat-wordpress-plugins","10":"product_tag-mycred","11":"member-discount","12":"discount-restricted","14":"first","15":"instock","16":"sale","17":"downloadable","18":"virtual","19":"sold-individually","20":"purchasable","21":"product-type-simple"},"_links":{"self":[{"href":"https:\/\/gpl-love.com\/fr\/wp-json\/wp\/v2\/product\/116970","targetHints":{"allow":["GET"]}}],"collection":[{"href":"https:\/\/gpl-love.com\/fr\/wp-json\/wp\/v2\/product"}],"about":[{"href":"https:\/\/gpl-love.com\/fr\/wp-json\/wp\/v2\/types\/product"}],"replies":[{"embeddable":true,"href":"https:\/\/gpl-love.com\/fr\/wp-json\/wp\/v2\/comments?post=116970"}],"wp:featuredmedia":[{"embeddable":true,"href":"https:\/\/gpl-love.com\/fr\/wp-json\/wp\/v2\/media\/144620"}],"wp:attachment":[{"href":"https:\/\/gpl-love.com\/fr\/wp-json\/wp\/v2\/media?parent=116970"}],"wp:term":[{"taxonomy":"product_brand","embeddable":true,"href":"https:\/\/gpl-love.com\/fr\/wp-json\/wp\/v2\/product_brand?post=116970"},{"taxonomy":"product_cat","embeddable":true,"href":"https:\/\/gpl-love.com\/fr\/wp-json\/wp\/v2\/product_cat?post=116970"},{"taxonomy":"product_tag","embeddable":true,"href":"https:\/\/gpl-love.com\/fr\/wp-json\/wp\/v2\/product_tag?post=116970"}],"curies":[{"name":"wp","href":"https:\/\/api.w.org\/{rel}","templated":true}]}}