{"id":116968,"date":"2024-10-21T00:00:00","date_gmt":"2024-10-20T22:00:00","guid":{"rendered":"http:\/\/gpl-love.com\/fr\/produit\/mycred-transfer-plus\/"},"modified":"2026-03-20T23:26:18","modified_gmt":"2026-03-20T22:26:18","slug":"mycred-transfer-plus","status":"publish","type":"product","link":"https:\/\/gpl-love.com\/fr\/produit\/mycred-transfer-plus\/","title":{"rendered":"myCred Transfer Plus 1.4.2"},"content":{"rendered":"<h3>myCred Transfer Plus Traits<\/h3>\n<p>MyCred Transfer Plus, un outil incroyablement robuste et avanc\u00e9, a \u00e9t\u00e9 m\u00e9ticuleusement con\u00e7u pour rationaliser et simplifier le processus complexe de transfert des points MyCred entre les utilisateurs sur les sites Web WordPress. Ce plugin r\u00e9volutionnaire a \u00e9t\u00e9 ing\u00e9nieusement con\u00e7u pour autonomiser les propri\u00e9taires de sites Web, leur accordant une facilit\u00e9 in\u00e9gal\u00e9e dans la gestion et le suivi m\u00e9ticuleusement des transferts de points, garantissant ainsi un processus de transaction impeccablement transparent et in\u00e9branlable. De plus, cet outil in\u00e9gal\u00e9 va au-del\u00e0 en dominant les utilisateurs avec une vaste gamme d&rsquo;options lorsqu&rsquo;il s&rsquo;agit de g\u00e9rer les transferts. Ces options remarquables incluent la possibilit\u00e9 d&rsquo;\u00e9tablir des limites de transfert minimales et maximales, ainsi que l&rsquo;option d&rsquo;impl\u00e9mentation de frais de transfert. Ainsi, que vous vous trouviez \u00e0 la t\u00eate d&rsquo;un site d&rsquo;adh\u00e9sion de pointe, d&rsquo;une plate-forme d&rsquo;apprentissage en ligne dynamique ou d&rsquo;une boutique en ligne innovante, MyCred Transfer Plus est un plugin absolument indispensable qui rationalisera sans effort et efficacement votre processus de transfert de points MyCred, \u00c9lever votre site Web \u00e0 des hauteurs d&rsquo;efficacit\u00e9 et d&rsquo;efficacit\u00e9 sans pr\u00e9c\u00e9dent.<\/p>\n<ul>\n<li>Transf\u00e9rer en toute s\u00e9curit\u00e9 les points MyCred entre les utilisateurs et les comptes<\/li>\n<li>Lib\u00e9rer des points qui peuvent ne plus \u00eatre n\u00e9cessaires pour qu&rsquo;un utilisateur puisse utiliser dans un autre but<\/li>\n<li>G\u00e9rer et suivre facilement les transferts de points dans votre syst\u00e8me MyCred<\/li>\n<li>\u00c9limine le besoin de transferts de points manuels ou ajustements<\/li>\n<li>Peut \u00eatre utilis\u00e9 pour une vari\u00e9t\u00e9 de sc\u00e9narios de programme de r\u00e9compense et de fid\u00e9lit\u00e9<\/li>\n<li>Compatible avec les sites Web WordPress et s&rsquo;int\u00e8gre au plugin MyCred<\/li>\n<li>Fournit une plus grande flexibilit\u00e9 et des options de personnalisation pour MyCred Point Management<\/li>\n<li>Gave le temps et r\u00e9duit les erreurs \u00e0 travers des transferts de points automatis\u00e9s<\/li>\n<li>Am\u00e9liore l&rsquo;engagement des utilisateurs et la satisfaction \u00e0 l&rsquo;\u00e9gard de votre programme de fid\u00e9lit\u00e9<\/li>\n<li>Prise en charge et documentation disponibles pour une impl\u00e9mentation et une utilisation faciles.<\/li>\n<\/ul>\n","protected":false},"excerpt":{"rendered":"<p>MyCred Transfer Plus, un module compl\u00e9mentaire WordPress tr\u00e8s robuste, pr\u00e9sente une capacit\u00e9 exceptionnelle en permettant un transfert sans effort de points MyCred parmi les utilisateurs. Ce plugin ing\u00e9nieux facilite le mouvement rapide et transparent des points d&rsquo;un utilisateur \u00e0 un autre, ce qui en fait un choix optimal pour administrer de mani\u00e8re approfondie des r\u00e9compenses ou des incitations au sein de votre communaut\u00e9 num\u00e9rique ou de votre syst\u00e8me de commerce \u00e9lectronique. Avec sa convivialit\u00e9 inn\u00e9e, ce plugin propose des options de personnalisation compl\u00e8tes et un \u00e9ventail de fonctionnalit\u00e9s avanc\u00e9es, englobant un support multi-monnaie, des enregistrements de transaction m\u00e9ticuleux et un assortiment de fonctionnalit\u00e9s suppl\u00e9mentaires. En cons\u00e9quence, MyCred Transfer Plus appara\u00eet comme la solution ultime, r\u00e9pondant aux diverses exigences de tout site Web aspirant \u00e0 incorporer des r\u00e9compenses de gamification captivantes.<\/p>\n","protected":false},"featured_media":144630,"comment_status":"open","ping_status":"open","template":"","meta":[],"product_brand":[2599],"product_cat":[1189,1181,1186],"product_tag":[2238],"class_list":{"0":"post-116968","1":"product","2":"type-product","3":"status-publish","4":"has-post-thumbnail","6":"product_brand-mycred","7":"product_cat-personnalisation","8":"product_cat-plugins","9":"product_cat-wordpress-plugins","10":"product_tag-mycred","11":"member-discount","12":"discount-restricted","14":"first","15":"instock","16":"sale","17":"downloadable","18":"virtual","19":"sold-individually","20":"purchasable","21":"product-type-simple"},"_links":{"self":[{"href":"https:\/\/gpl-love.com\/fr\/wp-json\/wp\/v2\/product\/116968","targetHints":{"allow":["GET"]}}],"collection":[{"href":"https:\/\/gpl-love.com\/fr\/wp-json\/wp\/v2\/product"}],"about":[{"href":"https:\/\/gpl-love.com\/fr\/wp-json\/wp\/v2\/types\/product"}],"replies":[{"embeddable":true,"href":"https:\/\/gpl-love.com\/fr\/wp-json\/wp\/v2\/comments?post=116968"}],"wp:featuredmedia":[{"embeddable":true,"href":"https:\/\/gpl-love.com\/fr\/wp-json\/wp\/v2\/media\/144630"}],"wp:attachment":[{"href":"https:\/\/gpl-love.com\/fr\/wp-json\/wp\/v2\/media?parent=116968"}],"wp:term":[{"taxonomy":"product_brand","embeddable":true,"href":"https:\/\/gpl-love.com\/fr\/wp-json\/wp\/v2\/product_brand?post=116968"},{"taxonomy":"product_cat","embeddable":true,"href":"https:\/\/gpl-love.com\/fr\/wp-json\/wp\/v2\/product_cat?post=116968"},{"taxonomy":"product_tag","embeddable":true,"href":"https:\/\/gpl-love.com\/fr\/wp-json\/wp\/v2\/product_tag?post=116968"}],"curies":[{"name":"wp","href":"https:\/\/api.w.org\/{rel}","templated":true}]}}