{"id":116966,"date":"2024-02-08T00:00:00","date_gmt":"2024-02-07T23:00:00","guid":{"rendered":"http:\/\/gpl-love.com\/fr\/produit\/mycred-spin-wheel\/"},"modified":"2026-04-10T18:32:32","modified_gmt":"2026-04-10T16:32:32","slug":"mycred-spin-wheel","status":"publish","type":"product","link":"https:\/\/gpl-love.com\/fr\/produit\/mycred-spin-wheel\/","title":{"rendered":"myCred Wheel of Fortune 1.5.7"},"content":{"rendered":"<h3>myCred Wheel of Fortune Traits<\/h3>\n<p>La roue Spin MyCred sert d&rsquo;outil interactif \u00e0 des fins de gamification, permettant aux propri\u00e9taires de sites Web d&rsquo;engager efficacement leurs utilisateurs et de leur accorder des points ou des prix en tant que forme de r\u00e9compense. Ce plugin remarquable contribue \u00e0 des moyens d\u00e9licieux et exaltants pour les utilisateurs d&rsquo;accumuler des points \u00e0 travers l&rsquo;action simple de la rotation d&rsquo;une roue. Chaque segment distinct de la roue peut \u00eatre personnalis\u00e9 et adapt\u00e9 pour comporter des valeurs ponctuelles diverses ou des r\u00e9compenses s\u00e9duisantes, fournissant ainsi aux utilisateurs un motif convaincant pour revenir \u00e0 plusieurs reprises et participer \u00e0 cette activit\u00e9 engageante. De plus, la roue Spin MyCred propose des options de personnalisation compl\u00e8tes, permettant aux utilisateurs de s\u00e9lectionner parmi un large \u00e9ventail de th\u00e8mes et de couleurs qui s&rsquo;alignent de mani\u00e8re transparente avec l&rsquo;esth\u00e9tique de leur site Web, ce qui en fait un compl\u00e9ment id\u00e9al pour tout site Web qui cherche \u00e0 amplifier l&rsquo;engagement des utilisateurs et \u00e0 favoriser la fid\u00e9lit\u00e9. B\u00e9n\u00e9ficiant d&rsquo;une interface intuitive et d&rsquo;une int\u00e9gration transparente avec MyCred, la roue Spin am\u00e9liore sans effort l&rsquo;exp\u00e9rience utilisateur globale, ce qui le rend un actif indispensable pour tout propri\u00e9taire de site Web s&rsquo;effor\u00e7ant d&rsquo;optimiser sa plate-forme.<\/p>\n<ul>\n<li>Fa\u00e7on gamifi\u00e9e de r\u00e9compenser les utilisateurs avec les points MyCred<\/li>\n<li>Options de conception et de prix personnalisables de roues<\/li>\n<li>Option pour d\u00e9finir des limites de spin par utilisateur<\/li>\n<li>Int\u00e9gre parfaitement avec le plugin MyCred<\/li>\n<li>Aide \u00e0 augmenter l&rsquo;engagement et \u00e0 inciter la participation des utilisateurs<\/li>\n<li>Peut \u00eatre utilis\u00e9 pour diff\u00e9rents types de r\u00e9compenses ou de promotions<\/li>\n<li>G\u00e9n\u00e8re des rapports et des analyses pour suivre le comportement des utilisateurs et la distribution des points<\/li>\n<li>Comprend Shortcode pour int\u00e9grer facilement sur n&rsquo;importe quelle page ou publication<\/li>\n<li>Conceptions de roues de spin classiques et modernes disponibles<\/li>\n<li>Compatible avec WordPress -0 et plus<\/li>\n<\/ul>\n","protected":false},"excerpt":{"rendered":"<p>La roue Spin MyCred est un moyen agr\u00e9able et interactif de donner des r\u00e9compenses \u00e0 vos utilisateurs estim\u00e9s dans les limites de votre site Web WordPress. Ce plugin exemplaire vous permet de fabriquer une roue de rotation complexe personnalis\u00e9e, que vos utilisateurs estim\u00e9s peuvent tourner avec bonheur et \u00e0 plusieurs reprises afin de s\u00e9curiser un assortiment de points tr\u00e8s convoit\u00e9s ou m\u00eame de prix tangibles. \u00c9quip\u00e9 d&rsquo;une gamme d&rsquo;options de personnalisation polyvalente, cet outil formidable vous permet d&rsquo;adapter sans effort la roue de spin pour s&rsquo;harmoniser sans couture avec la marque globale et les \u00e9l\u00e9ments th\u00e9matiques de votre site Web. La possibilit\u00e9 d&rsquo;offrir \u00e0 vos utilisateurs ch\u00e9ries la perspective all\u00e9chante de l&rsquo;\u00e9mergence triomphante dans leur qu\u00eate de r\u00e9compenses souhaitables sert d&rsquo;incitation in\u00e9gal\u00e9e pour qu&rsquo;ils s&rsquo;engagent activement et s&rsquo;immergent de plus en plus profond\u00e9ment dans les profondeurs captivantes de votre domaine num\u00e9rique estim\u00e9. \u00c0 la lumi\u00e8re de ces innombrables avantages, il va de soi que l&rsquo;int\u00e9gration de ce plugin \u00e9labor\u00e9 dans le tissu m\u00eame de votre illustre site Web WordPress repr\u00e9sente un plan d&rsquo;action vraiment judicieux et de bon augure.<\/p>\n","protected":false},"featured_media":144629,"comment_status":"open","ping_status":"open","template":"","meta":[],"product_brand":[2599],"product_cat":[1189,1181,1186],"product_tag":[2238],"class_list":{"0":"post-116966","1":"product","2":"type-product","3":"status-publish","4":"has-post-thumbnail","6":"product_brand-mycred","7":"product_cat-personnalisation","8":"product_cat-plugins","9":"product_cat-wordpress-plugins","10":"product_tag-mycred","11":"member-discount","12":"discount-restricted","14":"first","15":"instock","16":"sale","17":"downloadable","18":"virtual","19":"sold-individually","20":"purchasable","21":"product-type-simple"},"_links":{"self":[{"href":"https:\/\/gpl-love.com\/fr\/wp-json\/wp\/v2\/product\/116966","targetHints":{"allow":["GET"]}}],"collection":[{"href":"https:\/\/gpl-love.com\/fr\/wp-json\/wp\/v2\/product"}],"about":[{"href":"https:\/\/gpl-love.com\/fr\/wp-json\/wp\/v2\/types\/product"}],"replies":[{"embeddable":true,"href":"https:\/\/gpl-love.com\/fr\/wp-json\/wp\/v2\/comments?post=116966"}],"wp:featuredmedia":[{"embeddable":true,"href":"https:\/\/gpl-love.com\/fr\/wp-json\/wp\/v2\/media\/144629"}],"wp:attachment":[{"href":"https:\/\/gpl-love.com\/fr\/wp-json\/wp\/v2\/media?parent=116966"}],"wp:term":[{"taxonomy":"product_brand","embeddable":true,"href":"https:\/\/gpl-love.com\/fr\/wp-json\/wp\/v2\/product_brand?post=116966"},{"taxonomy":"product_cat","embeddable":true,"href":"https:\/\/gpl-love.com\/fr\/wp-json\/wp\/v2\/product_cat?post=116966"},{"taxonomy":"product_tag","embeddable":true,"href":"https:\/\/gpl-love.com\/fr\/wp-json\/wp\/v2\/product_tag?post=116966"}],"curies":[{"name":"wp","href":"https:\/\/api.w.org\/{rel}","templated":true}]}}