{"id":116964,"date":"2026-01-24T00:00:00","date_gmt":"2026-01-23T23:00:00","guid":{"rendered":"http:\/\/gpl-love.com\/fr\/produit\/mycred-dokan\/"},"modified":"2026-04-10T18:32:21","modified_gmt":"2026-04-10T16:32:21","slug":"mycred-dokan","status":"publish","type":"product","link":"https:\/\/gpl-love.com\/fr\/produit\/mycred-dokan\/","title":{"rendered":"myCred Dokan 1.1.4.1"},"content":{"rendered":"<h3>myCred Dokan Traits<\/h3>\n<p>MyCred Dokan est un plugin extr\u00eamement robuste qui vous offre la possibilit\u00e9 de fournir \u00e0 vos fournisseurs des points et des badges comme moyen de reconna\u00eetre leurs ventes et leurs r\u00e9alisations. Ce plugin particulier a \u00e9t\u00e9 sp\u00e9cifiquement adapt\u00e9 \u00e0 l&rsquo;utilisation sur le march\u00e9 multi-fournisseur de Dokan, am\u00e9liorant ainsi l&rsquo;exp\u00e9rience globale des fournisseurs en la rendant plus captivante et gratifiante. Avec l&rsquo;utilisation de MyCred Dokan, l&rsquo;\u00e9tablissement de syst\u00e8mes ponctuels est facilit\u00e9 de mani\u00e8re transparente, vous permettant de personnaliser sans effort les noms et valeurs associ\u00e9s \u00e0 ces points, ainsi que l&rsquo;attribution des badges aux fournisseurs individuels en fonction de leurs performances respectives. De plus, ce plugin englobe en outre une vaste gamme de fonctionnalit\u00e9s qui incluent, sans s&rsquo;y limiter, l&rsquo;expiration ponctuelle, les transferts ponctuels et les remboursements ponctuels, qui contribuent efficacement \u00e0 la gestion efficace de votre syst\u00e8me de r\u00e9compense. Que vous cherchiez \u00e0 motiver vos fournisseurs \u00e0 vendre plus de produits ou \u00e0 aspirer simplement \u00e0 cr\u00e9er une exp\u00e9rience de march\u00e9 beaucoup plus agr\u00e9able et immersive, MyCred Dokan se r\u00e9v\u00e8le sans \u00e9quivoque comme l&rsquo;outil par excellence pour atteindre ces objectifs.<\/p>\n<ul>\n<li>Permet l&rsquo;int\u00e9gration de Dokan Marketplace avec le syst\u00e8me de r\u00e9compense MyCred<\/li>\n<li>Offre une exp\u00e9rience transparente aux vendeurs et aux clients pour gagner et \u00e9changer des points<\/li>\n<li>Permet aux vendeurs d&rsquo;offrir des r\u00e9compenses exclusives \u00e0 leurs clients<\/li>\n<li>Offre une flexibilit\u00e9 dans la configuration des valeurs du point et des r\u00e8gles de rachat<\/li>\n<li>Permet aux fournisseurs d&rsquo;inciter des actions sp\u00e9cifiques, telles que les revues de produits ou la promotion des m\u00e9dias sociaux<\/li>\n<li>Offre un tableau de bord convivial pour une gestion facile des points et des r\u00e9compenses<\/li>\n<li>Compatible avec diverses passerelles de paiement et m\u00e9thodes d&rsquo;exp\u00e9dition soutenues par Dokan Marketplace<\/li>\n<li>Fournit des rapports et des analyses d\u00e9taill\u00e9s pour suivre les r\u00e9compenses et les niveaux d&rsquo;engagement.<\/li>\n<\/ul>\n","protected":false},"excerpt":{"rendered":"<p>MyCred Dokan, un plugin tr\u00e8s robuste, vous permet de donner des r\u00e9compenses \u00e0 vos pr\u00e9cieux clients, favorisant ainsi un sentiment d&rsquo;appr\u00e9ciation pour chacun de leurs achats sur votre march\u00e9 en ligne, qui est aliment\u00e9 par la plate-forme estim\u00e9e Dokan. Notamment, ce plugin exceptionnel vous offre l&rsquo;avantage in\u00e9gal\u00e9 de personnaliser les r\u00e9compenses et les points que vous \u00e9tendez \u00e0 vos clients estim\u00e9s, vous donnant ainsi la plus grande flexibilit\u00e9 pour attirer et conserver une client\u00e8le encore plus grande. En exploitant le pouvoir de MyCred Dokan, vous \u00e9tablissez sans effort un programme de fid\u00e9lit\u00e9 complet, ing\u00e9nieusement con\u00e7u pour inciter les achats fr\u00e9quents et propulser par cons\u00e9quent la croissance de vos ventes, renfor\u00e7ant ainsi consid\u00e9rablement la prosp\u00e9rit\u00e9 de votre entreprise. Avant tout, il est essentiel de mentionner que ce plugin est incroyablement convivial, portant un t\u00e9moignage de sa facilit\u00e9 d&rsquo;installation remarquable et de son int\u00e9gration transparente avec la plate-forme Dokan. Par cons\u00e9quent, nous vous exhortons sinc\u00e8rement \u00e0 saisir cette opportunit\u00e9 et \u00e0 vous lancer dans un voyage de satisfaction client in\u00e9gal\u00e9e et de revenus des activit\u00e9s exponentives en d\u00e9ploiant MyCred Dokan sans d\u00e9lai.<\/p>\n","protected":false},"featured_media":144611,"comment_status":"open","ping_status":"open","template":"","meta":[],"product_brand":[2599],"product_cat":[1189,1181,1186],"product_tag":[2238],"class_list":{"0":"post-116964","1":"product","2":"type-product","3":"status-publish","4":"has-post-thumbnail","6":"product_brand-mycred","7":"product_cat-personnalisation","8":"product_cat-plugins","9":"product_cat-wordpress-plugins","10":"product_tag-mycred","11":"member-discount","12":"discount-restricted","14":"first","15":"instock","16":"sale","17":"downloadable","18":"virtual","19":"sold-individually","20":"purchasable","21":"product-type-simple"},"_links":{"self":[{"href":"https:\/\/gpl-love.com\/fr\/wp-json\/wp\/v2\/product\/116964","targetHints":{"allow":["GET"]}}],"collection":[{"href":"https:\/\/gpl-love.com\/fr\/wp-json\/wp\/v2\/product"}],"about":[{"href":"https:\/\/gpl-love.com\/fr\/wp-json\/wp\/v2\/types\/product"}],"replies":[{"embeddable":true,"href":"https:\/\/gpl-love.com\/fr\/wp-json\/wp\/v2\/comments?post=116964"}],"wp:featuredmedia":[{"embeddable":true,"href":"https:\/\/gpl-love.com\/fr\/wp-json\/wp\/v2\/media\/144611"}],"wp:attachment":[{"href":"https:\/\/gpl-love.com\/fr\/wp-json\/wp\/v2\/media?parent=116964"}],"wp:term":[{"taxonomy":"product_brand","embeddable":true,"href":"https:\/\/gpl-love.com\/fr\/wp-json\/wp\/v2\/product_brand?post=116964"},{"taxonomy":"product_cat","embeddable":true,"href":"https:\/\/gpl-love.com\/fr\/wp-json\/wp\/v2\/product_cat?post=116964"},{"taxonomy":"product_tag","embeddable":true,"href":"https:\/\/gpl-love.com\/fr\/wp-json\/wp\/v2\/product_tag?post=116964"}],"curies":[{"name":"wp","href":"https:\/\/api.w.org\/{rel}","templated":true}]}}