{"id":116960,"date":"2025-08-09T00:00:00","date_gmt":"2025-08-08T22:00:00","guid":{"rendered":"http:\/\/gpl-love.com\/fr\/produit\/mycred-cashcred-stripe\/"},"modified":"2026-04-10T18:32:20","modified_gmt":"2026-04-10T16:32:20","slug":"mycred-cashcred-stripe","status":"publish","type":"product","link":"https:\/\/gpl-love.com\/fr\/produit\/mycred-cashcred-stripe\/","title":{"rendered":"myCred cashCred Stripe 1.0.3"},"content":{"rendered":"<h3>myCred cashCred Stripe Traits<\/h3>\n<p>Le produit MyCred CashCred Stripe est un outil extr\u00eamement puissant qui s&rsquo;adresse aux entreprises visant \u00e0 rationaliser et \u00e0 am\u00e9liorer leurs syst\u00e8mes de traitement de paiement de mani\u00e8re efficace. Gr\u00e2ce \u00e0 l&rsquo;utilisation de ce produit remarquable, les utilisateurs ont la possibilit\u00e9 d&rsquo;accepter les paiements de mani\u00e8re transparente et sans effort des clients gr\u00e2ce \u00e0 une multitude de m\u00e9thodes de paiement largement utilis\u00e9es, englobant les cartes de cr\u00e9dit, les transferts bancaires et les paiements mobiles, entre autres. Notamment, le syst\u00e8me poss\u00e8de un niveau de s\u00e9curit\u00e9 et de fiabilit\u00e9 extr\u00eamement \u00e9lev\u00e9, renforc\u00e9 par l&rsquo;inclusion de fonctionnalit\u00e9s de protection contre la fraude robustes qui garantissent la s\u00e9curit\u00e9 et l&rsquo;int\u00e9grit\u00e9 de toutes les transactions. De plus, MyCred CashCred Stripe va au-del\u00e0 en accordant aux entreprises le privil\u00e8ge inestimable d&rsquo;acc\u00e9der \u00e0 de puissants outils de reporting et d&rsquo;analyse, leur permettant de surveiller m\u00e9ticuleusement les donn\u00e9es de transaction en temps r\u00e9el et d&rsquo;acqu\u00e9rir des connaissances perspicaces concernant le comportement des clients et les tendances de paiement. En substance, ce produit a le potentiel de r\u00e9volutionner le paysage des op\u00e9rations de traitement des paiements pour les entreprises \u00e0 la recherche de la simplification et de l&rsquo;optimisation transparentes de leurs proc\u00e9dures de paiement.<\/p>\n<ul>\n<li>MyCred CashCred Stripe est un puissant outil de traitement des paiements qui vous permet de g\u00e9rer facilement et de traiter les paiements \u00e0 partir de votre site Web ou de votre application.<\/li>\n<li>Avec Mycred Cashcred Stripe, vous pouvez accepter les paiements des clients du monde entier, dans diverses monnaies.<\/li>\n<li>Le syst\u00e8me est enti\u00e8rement personnalisable, vous permettant de configurer vos paiements exactement comme vous les souhaitez.<\/li>\n<li>Il dispose d&rsquo;une passerelle de paiement s\u00e9curis\u00e9e et fiable qui garantit que les donn\u00e9es de vos clients sont toujours prot\u00e9g\u00e9es.<\/li>\n<li>L&rsquo;interface est conviviale et intuitive, ce qui permet \u00e0 m\u00eame les utilisateurs novices de configurer et de g\u00e9rer leurs paiements.<\/li>\n<li>Avec Mycred Cashcred Stripe, vous pouvez facilement g\u00e9rer les remboursements, les r\u00e9trofacturation et les litiges \u00e0 partir d&rsquo;une seule plate-forme, minimisant le risque de transactions frauduleuses.<\/li>\n<li>Il s&rsquo;int\u00e8gre parfaitement aux plateformes de commerce \u00e9lectronique populaires comme WooCommerce et les t\u00e9l\u00e9chargements num\u00e9riques faciles, vous permettant d&rsquo;accepter facilement les paiements pour vos produits et services.<\/li>\n<li>Le syst\u00e8me dispose d&rsquo;analyses avanc\u00e9es et d&rsquo;outils de rapports qui vous donnent un aper\u00e7u approfondi de vos paiements et vous aident \u00e0 prendre des d\u00e9cisions commerciales \u00e9clair\u00e9es.<\/li>\n<li>MyCred CashCred Stripe propose des plans de prix flexibles pour s&rsquo;adapter \u00e0 tout budget, ce qui en fait une option abordable pour les entreprises de toutes tailles.<\/li>\n<\/ul>\n","protected":false},"excerpt":{"rendered":"<p>La bande Mycred Cashcred, \u00e9tant un outil d&rsquo;int\u00e9gration de paiement robuste, a pour objectif de faciliter les transactions lisses et s\u00e9curis\u00e9es pour votre site Web ou votre application mobile. En utilisant cet outil, vous avez la capacit\u00e9 de recevoir sans effort les paiements de vos utilisateurs et de prolonger un programme de r\u00e9compenses via la plate-forme MyCred. L&rsquo;int\u00e9gration avec Stripe garantit l&rsquo;achat de toutes les transactions de mani\u00e8re s\u00fbre et efficace, tandis que le syst\u00e8me CashCred vous permet d&rsquo;inciter de mani\u00e8re appropri\u00e9e vos utilisateurs pour leur fid\u00e9lit\u00e9 et leur participation active. Dans l&rsquo;ensemble, la bande Mycred CashCred est un outil indispensable que toute entreprise cherchant \u00e0 augmenter ses capacit\u00e9s de paiement et de r\u00e9compense en ligne devrait poss\u00e9der.<\/p>\n","protected":false},"featured_media":144610,"comment_status":"open","ping_status":"open","template":"","meta":[],"product_brand":[2599],"product_cat":[1189,1181,1186],"product_tag":[2238],"class_list":{"0":"post-116960","1":"product","2":"type-product","3":"status-publish","4":"has-post-thumbnail","6":"product_brand-mycred","7":"product_cat-personnalisation","8":"product_cat-plugins","9":"product_cat-wordpress-plugins","10":"product_tag-mycred","11":"member-discount","12":"discount-restricted","14":"first","15":"instock","16":"sale","17":"downloadable","18":"virtual","19":"sold-individually","20":"purchasable","21":"product-type-simple"},"_links":{"self":[{"href":"https:\/\/gpl-love.com\/fr\/wp-json\/wp\/v2\/product\/116960","targetHints":{"allow":["GET"]}}],"collection":[{"href":"https:\/\/gpl-love.com\/fr\/wp-json\/wp\/v2\/product"}],"about":[{"href":"https:\/\/gpl-love.com\/fr\/wp-json\/wp\/v2\/types\/product"}],"replies":[{"embeddable":true,"href":"https:\/\/gpl-love.com\/fr\/wp-json\/wp\/v2\/comments?post=116960"}],"wp:featuredmedia":[{"embeddable":true,"href":"https:\/\/gpl-love.com\/fr\/wp-json\/wp\/v2\/media\/144610"}],"wp:attachment":[{"href":"https:\/\/gpl-love.com\/fr\/wp-json\/wp\/v2\/media?parent=116960"}],"wp:term":[{"taxonomy":"product_brand","embeddable":true,"href":"https:\/\/gpl-love.com\/fr\/wp-json\/wp\/v2\/product_brand?post=116960"},{"taxonomy":"product_cat","embeddable":true,"href":"https:\/\/gpl-love.com\/fr\/wp-json\/wp\/v2\/product_cat?post=116960"},{"taxonomy":"product_tag","embeddable":true,"href":"https:\/\/gpl-love.com\/fr\/wp-json\/wp\/v2\/product_tag?post=116960"}],"curies":[{"name":"wp","href":"https:\/\/api.w.org\/{rel}","templated":true}]}}