{"id":116958,"date":"2025-08-03T00:00:00","date_gmt":"2025-08-02T22:00:00","guid":{"rendered":"http:\/\/gpl-love.com\/fr\/produit\/mycred-woocommerce-plus\/"},"modified":"2026-04-10T18:32:36","modified_gmt":"2026-04-10T16:32:36","slug":"mycred-woocommerce-plus","status":"publish","type":"product","link":"https:\/\/gpl-love.com\/fr\/produit\/mycred-woocommerce-plus\/","title":{"rendered":"myCred WooCommerce Plus 2.1.2"},"content":{"rendered":"<h3>myCred WooCommerce Plus Traits<\/h3>\n<p>MyCred WooCommerce Plus, un plugin de puissance consid\u00e9rable, sert \u00e0 am\u00e9liorer les fonctionnalit\u00e9s de MyCred et WooCommerce. Cette int\u00e9gration entra\u00eene une pl\u00e9thore de fonctionnalit\u00e9s et d&rsquo;options pour les propri\u00e9taires de magasins en ligne, englobant l&rsquo;\u00e9tablissement et l&rsquo;administration sans effort de syst\u00e8mes de r\u00e9compense, les programmes de fid\u00e9lit\u00e9, ainsi que les programmes de r\u00e9f\u00e9rence. Gr\u00e2ce \u00e0 MyCred WooCommerce Plus, les propri\u00e9taires de magasins poss\u00e8dent les moyens d&rsquo;encourager les clients \u00e0 entreprendre une vari\u00e9t\u00e9 d&rsquo;actions, y compris, mais sans s&rsquo;y limiter, \u00e0 terminer les achats, \u00e0 soumettre des avis, \u00e0 recommander des amis et bien plus encore. Les clients ont la possibilit\u00e9 d&rsquo;accumuler et par la suite \u00e9changer des points, tandis que les propri\u00e9taires de magasins ont \u00e0 leur disposition les moyens de surveiller et de gouverner sans effort ces points. De plus, MyCred WooCommerce Plus Proffers une gamme d&rsquo;options de personnalisation, permettant ainsi aux propri\u00e9taires de magasins d&rsquo;adapter leurs programmes de r\u00e9compense de mani\u00e8re \u00e0 r\u00e9pondre aux besoins sp\u00e9cifiques de leur entreprise. Dans l&rsquo;ensemble, MyCred WooCommerce Plus est un outil indispensable pour tout propri\u00e9taire de magasin WooCommerce \u00e0 la recherche de l&rsquo;engagement des clients, de la promotion de la loyaut\u00e9 et de l&rsquo;augmentation des ventes.<\/p>\n<ul>\n<li>Int\u00e9gration avec WooCommerce pour la gestion et le suivi transparents du syst\u00e8me de r\u00e9compenses bas\u00e9 sur des points<\/li>\n<li>R\u00e8gles de gain de gain et de rachat personnalisables pour r\u00e9pondre aux besoins de votre entreprise<\/li>\n<li>Prise en charge de plusieurs types de points et niveaux de r\u00e9compense pour inciter et engager les clients<\/li>\n<li>Int\u00e9gration avec les passerelles de paiement populaires et les fournisseurs d&rsquo;exp\u00e9dition pour une r\u00e9demption facile et une r\u00e9alisation des r\u00e9compenses<\/li>\n<li>Outils avanc\u00e9s de rapports et d&rsquo;analyse pour surveiller et ajuster votre programme de r\u00e9compenses pour des performances optimales<\/li>\n<li>Interface conviviale et processus de configuration intuitive avec support et documentation d\u00e9di\u00e9s disponibles<\/li>\n<li>Mises \u00e0 jour r\u00e9guli\u00e8res et am\u00e9liorations des fonctionnalit\u00e9s pour vous assurer que votre programme de r\u00e9compenses reste \u00e0 jour avec les derni\u00e8res technologies et tendances<\/li>\n<\/ul>\n","protected":false},"excerpt":{"rendered":"<p>MyCred WooCommerce Plus est un plugin incroyablement robuste qui s&rsquo;int\u00e8gre de mani\u00e8re transparente \u00e0 WooCommerce, r\u00e9sultant en un syst\u00e8me de gestion des points remarquablement complet pour votre boutique en ligne estim\u00e9e. Ce plugin extraordinaire vous accorde la capacit\u00e9 remarquable de donner g\u00e9n\u00e9reusement des points \u00e0 vos clients estim\u00e9s pour une myriade d&rsquo;actions estim\u00e9es, y compris, mais sans s&rsquo;y limiter, leurs achats v\u00e9n\u00e9r\u00e9s, leurs r\u00e9f\u00e9rences estim\u00e9es, les \u00e9valuations estim\u00e9es de produits et bien d&rsquo;autres. Ces points estim\u00e9s peuvent ensuite \u00eatre facilement \u00e9chang\u00e9s par vos clients estim\u00e9s pour des remises tr\u00e8s convoit\u00e9es, des produits gratuits et un assortiment d&rsquo;autres r\u00e9compenses estim\u00e9es. De plus, ce plugin suit avec diligence tous les points gagn\u00e9s, enregistre m\u00e9ticuleusement tous les points d\u00e9pens\u00e9s et garde avec diligence la trace des points restants, vous fournissant ainsi sans effort des informations inestimables se rapportant au comportement estim\u00e9 des clients et \u00e0 l&rsquo;engagement in\u00e9branlable. En exploitant les puissantes capacit\u00e9s de MyCred WooCommerce Plus, vous pouvez fa\u00e7onner de mani\u00e8re transparente un programme de fid\u00e9lit\u00e9 in\u00e9gal\u00e9 qui est garanti pour garder vos clients ch\u00e9ris en continu en continu pour une satisfaction in\u00e9gal\u00e9e et un sentiment de r\u00e9alisation durable.<\/p>\n","protected":false},"featured_media":144634,"comment_status":"open","ping_status":"open","template":"","meta":[],"product_brand":[2599],"product_cat":[1189,1181,1186],"product_tag":[2238],"class_list":{"0":"post-116958","1":"product","2":"type-product","3":"status-publish","4":"has-post-thumbnail","6":"product_brand-mycred","7":"product_cat-personnalisation","8":"product_cat-plugins","9":"product_cat-wordpress-plugins","10":"product_tag-mycred","11":"member-discount","12":"discount-restricted","14":"first","15":"instock","16":"sale","17":"downloadable","18":"virtual","19":"sold-individually","20":"purchasable","21":"product-type-simple"},"_links":{"self":[{"href":"https:\/\/gpl-love.com\/fr\/wp-json\/wp\/v2\/product\/116958","targetHints":{"allow":["GET"]}}],"collection":[{"href":"https:\/\/gpl-love.com\/fr\/wp-json\/wp\/v2\/product"}],"about":[{"href":"https:\/\/gpl-love.com\/fr\/wp-json\/wp\/v2\/types\/product"}],"replies":[{"embeddable":true,"href":"https:\/\/gpl-love.com\/fr\/wp-json\/wp\/v2\/comments?post=116958"}],"wp:featuredmedia":[{"embeddable":true,"href":"https:\/\/gpl-love.com\/fr\/wp-json\/wp\/v2\/media\/144634"}],"wp:attachment":[{"href":"https:\/\/gpl-love.com\/fr\/wp-json\/wp\/v2\/media?parent=116958"}],"wp:term":[{"taxonomy":"product_brand","embeddable":true,"href":"https:\/\/gpl-love.com\/fr\/wp-json\/wp\/v2\/product_brand?post=116958"},{"taxonomy":"product_cat","embeddable":true,"href":"https:\/\/gpl-love.com\/fr\/wp-json\/wp\/v2\/product_cat?post=116958"},{"taxonomy":"product_tag","embeddable":true,"href":"https:\/\/gpl-love.com\/fr\/wp-json\/wp\/v2\/product_tag?post=116958"}],"curies":[{"name":"wp","href":"https:\/\/api.w.org\/{rel}","templated":true}]}}