{"id":116956,"date":"2025-08-09T00:00:00","date_gmt":"2025-08-08T22:00:00","guid":{"rendered":"http:\/\/gpl-love.com\/fr\/produit\/mycred-social-proof\/"},"modified":"2026-04-10T18:32:31","modified_gmt":"2026-04-10T16:32:31","slug":"mycred-social-proof","status":"publish","type":"product","link":"https:\/\/gpl-love.com\/fr\/produit\/mycred-social-proof\/","title":{"rendered":"myCred Social Proof 1.2.9"},"content":{"rendered":"<h3>myCred Social Proof Traits<\/h3>\n<p>MyCred Social Preuve, un outil incroyablement puissant, sert de catalyseur aux entreprises dans leur qu\u00eate pour am\u00e9liorer les conversions et \u00e9tablir la confiance de leur client\u00e8le. Cet outil remarquable accorde aux entreprises la possibilit\u00e9 d&rsquo;exposer l&rsquo;engagement des clients en temps r\u00e9el, englobant un \u00e9ventail d&rsquo;activit\u00e9s telles que les achats, les critiques et les commentaires, directement sur leur site Web. En pr\u00e9sentant cette preuve sociale inestimable, les entreprises ont la capacit\u00e9 de fortifier leur cr\u00e9dibilit\u00e9 et d&rsquo;inculquer un sentiment d&rsquo;urgence dans les clients potentiels, les obligeant \u00e0 prendre des mesures d\u00e9cisives. Avec l&rsquo;extraordinaire preuve sociale MYCRED \u00e0 leur disposition, les entreprises peuvent adapter sans effort l&rsquo;affichage pour s&rsquo;aligner sur leur identit\u00e9 de marque, choisir les activit\u00e9s sp\u00e9cifiques qu&rsquo;ils souhaitent mettre en lumi\u00e8re, et m\u00eame \u00e9tablir des d\u00e9clencheurs sp\u00e9cifiques qui d\u00e9terminent lorsque des actions particuli\u00e8res sont pr\u00e9sent\u00e9es. Pour ajouter \u00e0 son allure, ce produit poss\u00e8de une interface intuitive garantissant la facilit\u00e9 d&rsquo;utilisation et offre une int\u00e9gration transparente avec des plates-formes de site Web renomm\u00e9es comme WordPress, ce qui le rend la solution ultime pour les entreprises de toutes les amplitudes d\u00e9sireuses d&rsquo;augmenter leur pr\u00e9sence en ligne.<\/p>\n<ul>\n<li>Augmente les taux de conversion avec la preuve sociale<\/li>\n<li>Affiche les points utilisateur totaux gagn\u00e9s<\/li>\n<li>Montre les activit\u00e9s r\u00e9centes des utilisateurs<\/li>\n<li>Affiche les meilleurs utilisateurs de classement<\/li>\n<li>Options d&rsquo;affichage personnalisables<\/li>\n<li>Compatible avec la plupart des th\u00e8mes et plugins WordPress<\/li>\n<li>Installation et configuration faciles<\/li>\n<li>Stimule l&rsquo;engagement et la fid\u00e9lit\u00e9 des utilisateurs<\/li>\n<li>Augmente la cr\u00e9dibilit\u00e9 du site et la fiabilit\u00e9<\/li>\n<li>Peut \u00eatre utilis\u00e9 \u00e0 des fins de gamification.<\/li>\n<\/ul>\n","protected":false},"excerpt":{"rendered":"<p>MyCred Social Proof est un outil exceptionnellement robuste et influent qui a pour objectif d&rsquo;am\u00e9liorer la cr\u00e9dibilit\u00e9 et la fiabilit\u00e9 de votre site Web ou de votre marque estim\u00e9 en pr\u00e9sentant sans effort des notifications de preuve sociale en temps r\u00e9el. En tirant parti de l&rsquo;utilisation de ce plugin remarquable, vous \u00eates autoris\u00e9 \u00e0 mettre en \u00e9vidence et \u00e0 afficher efficacement un large \u00e9ventail d&rsquo;actions importantes que vos visiteurs estim\u00e9s ont prises, y compris les achats r\u00e9cents, les enregistrements, les avis et divers autres activit\u00e9s vitales. Cette caract\u00e9ristique remarquable joue un r\u00f4le central dans l&rsquo;\u00e9tablissement d&rsquo;un fondement solide de confiance et de fiabilit\u00e9, stimulant et motivant ainsi d&rsquo;autres utilisateurs \u00e0 imiter ces actions exemplaires. En outre, il convient de noter que ce plugin hautement adaptable et polyvalent peut s&rsquo;int\u00e8gre de mani\u00e8re transparente \u00e0 une pl\u00e9thore de th\u00e8mes et plugins WordPress pro\u00e9minents, en garantissant une exp\u00e9rience utilisateur transparente et harmonieuse. Par cons\u00e9quent, en exploitant les capacit\u00e9s et fonctionnalit\u00e9s exceptionnelles de la preuve sociale de MyCred, vous pouvez efficacement autonomiser et \u00e9quiper vos visiteurs estim\u00e9s de la confiance et de l&rsquo;assurance suppl\u00e9mentaires inestimables \u00e0 s&rsquo;engager activement et de tout c\u0153ur avec et embrasser votre marque estim\u00e9e, garantissant ainsi une augmentation significative et substantielle de l&rsquo;entreprise et d&#8217;embrasser votre marque vos taux de conversion et le succ\u00e8s global de l&rsquo;entreprise.<\/p>\n","protected":false},"featured_media":144627,"comment_status":"open","ping_status":"open","template":"","meta":[],"product_brand":[2599],"product_cat":[1189,1181,1186],"product_tag":[2238],"class_list":{"0":"post-116956","1":"product","2":"type-product","3":"status-publish","4":"has-post-thumbnail","6":"product_brand-mycred","7":"product_cat-personnalisation","8":"product_cat-plugins","9":"product_cat-wordpress-plugins","10":"product_tag-mycred","11":"member-discount","12":"discount-restricted","14":"first","15":"instock","16":"sale","17":"downloadable","18":"virtual","19":"sold-individually","20":"purchasable","21":"product-type-simple"},"_links":{"self":[{"href":"https:\/\/gpl-love.com\/fr\/wp-json\/wp\/v2\/product\/116956","targetHints":{"allow":["GET"]}}],"collection":[{"href":"https:\/\/gpl-love.com\/fr\/wp-json\/wp\/v2\/product"}],"about":[{"href":"https:\/\/gpl-love.com\/fr\/wp-json\/wp\/v2\/types\/product"}],"replies":[{"embeddable":true,"href":"https:\/\/gpl-love.com\/fr\/wp-json\/wp\/v2\/comments?post=116956"}],"wp:featuredmedia":[{"embeddable":true,"href":"https:\/\/gpl-love.com\/fr\/wp-json\/wp\/v2\/media\/144627"}],"wp:attachment":[{"href":"https:\/\/gpl-love.com\/fr\/wp-json\/wp\/v2\/media?parent=116956"}],"wp:term":[{"taxonomy":"product_brand","embeddable":true,"href":"https:\/\/gpl-love.com\/fr\/wp-json\/wp\/v2\/product_brand?post=116956"},{"taxonomy":"product_cat","embeddable":true,"href":"https:\/\/gpl-love.com\/fr\/wp-json\/wp\/v2\/product_cat?post=116956"},{"taxonomy":"product_tag","embeddable":true,"href":"https:\/\/gpl-love.com\/fr\/wp-json\/wp\/v2\/product_tag?post=116956"}],"curies":[{"name":"wp","href":"https:\/\/api.w.org\/{rel}","templated":true}]}}