{"id":116954,"date":"2025-08-09T00:00:00","date_gmt":"2025-08-08T22:00:00","guid":{"rendered":"http:\/\/gpl-love.com\/fr\/produit\/mycred-gateway-easy-digital-downloads\/"},"modified":"2026-04-10T18:32:24","modified_gmt":"2026-04-10T16:32:24","slug":"mycred-gateway-easy-digital-downloads","status":"publish","type":"product","link":"https:\/\/gpl-love.com\/fr\/produit\/mycred-gateway-easy-digital-downloads\/","title":{"rendered":"myCred Gateway Easy Digital Downloads 1.2.5"},"content":{"rendered":"<h3>myCred Gateway Easy Digital Downloads Traits<\/h3>\n<p>La passerelle MyCred pour les t\u00e9l\u00e9chargements num\u00e9riques faciles poss\u00e8de d&rsquo;immenses capacit\u00e9s, permettant aux utilisateurs de superviser sans effort les transactions num\u00e9riques. Gr\u00e2ce \u00e0 l&rsquo;utilisation de ce plugin ing\u00e9nieux, la cr\u00e9ation d&rsquo;un cadre de gratification est rendue simple pour les clients qui participent aux achats, leur permettant ainsi d&rsquo;amasser des cr\u00e9dits qui peuvent par la suite \u00eatre employ\u00e9s dans les transactions \u00e0 venir. La passerelle MyCred a r\u00e9volutionn\u00e9 la gestion des transactions, car elle consolide la possibilit\u00e9 de surveiller m\u00e9ticuleusement les transactions, de g\u00e9rer efficacement les paiements et d&rsquo;administrer rapidement des remboursements, le tout dans une plate-forme unifi\u00e9e. Qu&rsquo;un individu soit un d\u00e9taillant de commerce \u00e9lectronique ou un cr\u00e9ateur de contenu num\u00e9rique, l&rsquo;acquisition de ce plugin est une n\u00e9cessit\u00e9 incontestable pour ceux qui aspirent \u00e0 optimiser leurs op\u00e9rations et \u00e0 fournir aux clients une exp\u00e9rience utilisateur am\u00e9lior\u00e9e.<\/p>\n<ul>\n<li>Une passerelle de paiement s\u00e9curis\u00e9e et fiable pour les sites Web de t\u00e9l\u00e9chargements num\u00e9riques faciles<\/li>\n<li>S&rsquo;int\u00e8gre de mani\u00e8re transparente au plugin MyCred, permettant aux clients de gagner et d&rsquo;\u00e9changer des points pour les achats<\/li>\n<li>Param\u00e8tres personnalisables pour les taux de conversion ponctuelle et les options de rachat de points<\/li>\n<li>Prend en charge plusieurs devises et m\u00e9thodes de paiement, y compris les cartes de cr\u00e9dit \/ d\u00e9bit, PayPal et Stripe<\/li>\n<li>Mesures avanc\u00e9es de pr\u00e9vention de la fraude pour minimiser les r\u00e9trofacturation et prot\u00e9ger contre les transactions frauduleuses<\/li>\n<li>Rapports en temps r\u00e9el et suivi des transactions pour une surveillance et une analyse faciles<\/li>\n<\/ul>\n","protected":false},"excerpt":{"rendered":"<p>Le MyCred Gateway Easy Digital Downloads est un outil incroyablement robuste et formidable sp\u00e9cialement con\u00e7u pour g\u00e9rer efficacement et efficacement les processus complexes associ\u00e9s aux t\u00e9l\u00e9chargements num\u00e9riques et aux paiements en ligne. Cette passerelle r\u00e9volutionnaire offre aux utilisateurs un niveau de commodit\u00e9 et de s\u00e9curit\u00e9 in\u00e9gal\u00e9, ce qui leur permet d&rsquo;acheter sans effort et en toute s\u00e9curit\u00e9 des articles directement \u00e0 partir de votre site Web en utilisant une gamme diversifi\u00e9e d&rsquo;options de paiement. Notamment, cette passerelle poss\u00e8de une interface remarquablement conviviale qui est sp\u00e9cifiquement con\u00e7ue pour faciliter et rationaliser le processus de paiement souvent compliqu\u00e9, garantissant que les utilisateurs sont en mesure de naviguer \u00e0 travers elle avec facilit\u00e9 et opportunit\u00e9. De plus, le MyCred Gateway Easy Downloads est caract\u00e9ris\u00e9 par sa gamme compl\u00e8te de fonctionnalit\u00e9s qui sont m\u00e9ticuleusement con\u00e7ues pour vous permettre de surveiller, de suivre et d&rsquo;analyser sans effort chaque transaction qui se d\u00e9roule dans votre \u00e9cosyst\u00e8me num\u00e9rique. Par cons\u00e9quent, cette passerelle fonctionne comme un outil inestimable qui facilite de mani\u00e8re transparente la r\u00e9ception des paiements pour les t\u00e9l\u00e9chargements num\u00e9riques tout en facilitant simultan\u00e9ment le suivi sans effort et efficace de vos revenus. Par cons\u00e9quent, il est irr\u00e9futable que les t\u00e9l\u00e9chargements num\u00e9riques MyCred Gateway Easy sont un actif indispensable pour toutes les entreprises en ligne qui cherchent \u00e0 recevoir de mani\u00e8re pratique et en toute s\u00e9curit\u00e9 les paiements en ligne.<\/p>\n","protected":false},"featured_media":144617,"comment_status":"open","ping_status":"open","template":"","meta":[],"product_brand":[2599],"product_cat":[1189,1181,1186],"product_tag":[2238],"class_list":{"0":"post-116954","1":"product","2":"type-product","3":"status-publish","4":"has-post-thumbnail","6":"product_brand-mycred","7":"product_cat-personnalisation","8":"product_cat-plugins","9":"product_cat-wordpress-plugins","10":"product_tag-mycred","11":"member-discount","12":"discount-restricted","14":"first","15":"instock","16":"sale","17":"downloadable","18":"virtual","19":"sold-individually","20":"purchasable","21":"product-type-simple"},"_links":{"self":[{"href":"https:\/\/gpl-love.com\/fr\/wp-json\/wp\/v2\/product\/116954","targetHints":{"allow":["GET"]}}],"collection":[{"href":"https:\/\/gpl-love.com\/fr\/wp-json\/wp\/v2\/product"}],"about":[{"href":"https:\/\/gpl-love.com\/fr\/wp-json\/wp\/v2\/types\/product"}],"replies":[{"embeddable":true,"href":"https:\/\/gpl-love.com\/fr\/wp-json\/wp\/v2\/comments?post=116954"}],"wp:featuredmedia":[{"embeddable":true,"href":"https:\/\/gpl-love.com\/fr\/wp-json\/wp\/v2\/media\/144617"}],"wp:attachment":[{"href":"https:\/\/gpl-love.com\/fr\/wp-json\/wp\/v2\/media?parent=116954"}],"wp:term":[{"taxonomy":"product_brand","embeddable":true,"href":"https:\/\/gpl-love.com\/fr\/wp-json\/wp\/v2\/product_brand?post=116954"},{"taxonomy":"product_cat","embeddable":true,"href":"https:\/\/gpl-love.com\/fr\/wp-json\/wp\/v2\/product_cat?post=116954"},{"taxonomy":"product_tag","embeddable":true,"href":"https:\/\/gpl-love.com\/fr\/wp-json\/wp\/v2\/product_tag?post=116954"}],"curies":[{"name":"wp","href":"https:\/\/api.w.org\/{rel}","templated":true}]}}